{"id":8896,"date":"2025-11-14T13:28:46","date_gmt":"2025-11-14T12:28:46","guid":{"rendered":"https:\/\/wfdb.eu\/?page_id=8896"},"modified":"2026-04-14T14:07:47","modified_gmt":"2026-04-14T12:07:47","slug":"women-committee","status":"publish","type":"page","link":"https:\/\/wfdb.eu\/women-committee\/","title":{"rendered":"Comit\u00e9 de Mujeres"},"content":{"rendered":"<div class=\"elementor-widget-container\">\n<p data-start=\"58\" data-end=\"403\">Establecido en octubre de 2025, el <strong data-start=\"93\" data-end=\"125\">Comit\u00e9 de Mujeres de la WFDB<\/strong> est\u00e1 compuesto por siete mujeres con sordoceguera de diversas regiones, grupos de edad, sistemas de comunicaci\u00f3n y trayectorias. Estos puestos son voluntarios y reflejan un profundo compromiso con la defensa y el avance de la inclusi\u00f3n de la comunidad de mujeres sordociegas.<\/p>\n<p data-start=\"405\" data-end=\"709\">La <strong data-start=\"408\" data-end=\"450\">misi\u00f3n principal del Comit\u00e9 de Mujeres<\/strong> es representar y promover las voces de las mujeres con sordoceguera en un escenario internacional. Trabajan incansablemente para fortalecer los esfuerzos que aseguren que las necesidades y perspectivas \u00fanicas de esta comunidad sean reconocidas y atendidas.<\/p>\n<p data-start=\"711\" data-end=\"816\">Los invitamos a conocer a las dedicadas miembros que sirven en el per\u00edodo <strong data-start=\"785\" data-end=\"798\">2025\u20132029<\/strong> a continuaci\u00f3n.<\/p>\n<p data-start=\"818\" data-end=\"972\">Si tienen alguna pregunta o est\u00e1n interesados en explorar oportunidades de colaboraci\u00f3n, no duden en contactar al comit\u00e9 en <strong data-start=\"942\" data-end=\"969\">women.committee@wfdb.eu<\/strong>.<\/p>\n<h3 data-start=\"1411\" data-end=\"1467\"><strong data-start=\"1411\" data-end=\"1465\">Miembros del Comit\u00e9 de Mujeres de la WFDB (2025\u20132029):<\/strong><\/h3>\n<ul data-start=\"1468\" data-end=\"1810\">\n<li data-start=\"1468\" data-end=\"1515\">\n<p data-start=\"1470\" data-end=\"1515\"><strong data-start=\"1470\" data-end=\"1492\">Velichka Draganova<\/strong>&nbsp;\u2013 Bulgaria,&nbsp;<em data-start=\"1505\" data-end=\"1513\">Europa<\/em><\/p>\n<\/li>\n<\/ul>\n<p data-start=\"1084\" data-end=\"1449\">Velichka Draganova ha sido Secretaria General de la WFDB desde 2023 y Representante Regional de Europa de la WFDB desde 2022. Es miembro del Comit\u00e9 Ejecutivo de la Uni\u00f3n Europea de Sordociegos (EDbU) y lidera el Comit\u00e9 de Mujeres de EDbU desde 2023. Inici\u00f3, organiz\u00f3 y moder\u00f3 los Foros de Mujeres de EDbU celebrados en Bulgaria en 2023 y 2025.<\/p>\n<p data-start=\"1451\" data-end=\"1948\">Es una abogada, defensora y l\u00edder sordociega con amplia experiencia en la representac<\/p>\n<p><img loading=\"lazy\" decoding=\"async\" class=\" wp-image-8906 alignright\" title=\"\" src=\"https:\/\/wfdb.eu\/wp-content\/uploads\/2025\/12\/5.2.-VD-Portrait-Photo-723x1024.jpg\" alt=\"Portrait Photo of Velichka\" width=\"205\" height=\"290\" srcset=\"https:\/\/wfdb.eu\/wp-content\/uploads\/2025\/12\/5.2.-VD-Portrait-Photo-723x1024.jpg 723w, https:\/\/wfdb.eu\/wp-content\/uploads\/2025\/12\/5.2.-VD-Portrait-Photo-212x300.jpg 212w, https:\/\/wfdb.eu\/wp-content\/uploads\/2025\/12\/5.2.-VD-Portrait-Photo-768x1088.jpg 768w, https:\/\/wfdb.eu\/wp-content\/uploads\/2025\/12\/5.2.-VD-Portrait-Photo-1084x1536.jpg 1084w, https:\/\/wfdb.eu\/wp-content\/uploads\/2025\/12\/5.2.-VD-Portrait-Photo-1445x2048.jpg 1445w, https:\/\/wfdb.eu\/wp-content\/uploads\/2025\/12\/5.2.-VD-Portrait-Photo-scaled.jpg 1807w\" sizes=\"auto, (max-width: 205px) 100vw, 205px\" \/><\/p>\n<p data-start=\"1451\" data-end=\"1948\">i\u00f3n y defensa de los derechos de las personas con sordoceguera a nivel nacional y europeo. Como presidenta de la Asociaci<\/p>\n<p data-start=\"1451\" data-end=\"1948\">\u00f3n Nacional de Sordociegos en<\/p>\n<p data-start=\"1451\" data-end=\"1948\">&nbsp;Bulgaria y directora del Centro Nacional Helen Keller para la Rehabilitaci\u00f3n de Sordocieg<\/p>\n<p data-start=\"1451\" data-end=\"1948\">os, est\u00e1 profundamente comprometida con la inclusi\u00f3n social, la accesibilidad y la igualdad de g\u00e9nero, con especial enfoque en mujeres y familias sordociegas.<\/p>\n<p data-start=\"101\" data-end=\"460\">&nbsp;<strong data-start=\"1518\" data-end=\"1537\">Juliet Wabukawo<\/strong>&nbsp;\u2013 Uganda,&nbsp;<em data-start=\"1548\" data-end=\"1556\">Africa<\/em><\/p>\n<\/div>\n<p data-start=\"1990\" data-end=\"2359\">Juliet Wabukawo es trabajadora social y defensora de los derechos de las personas con discapacidad, desempe\u00f1\u00e1ndose como Gerente de Programas en la Asociaci\u00f3n Nacional de Sordociegos de Uganda (NADBU) y como Representante Regional de \u00c1frica en la WFDB. Es miembro de Deafblind International y de la Uni\u00f3n Nacional de Mujeres con Discapacidad en Uganda.<\/p>\n<p data-start=\"2361\" data-end=\"2769\">Tambi\u00e9n forma parte del comit\u00e9 directivo del Subsidio Nacional Especial para Personas con Discapacidad bajo el Ministerio de G\u00e9nero, Trabajo y Desarrollo Social, contribuyendo a marcos de pol\u00edticas nacionales. Participa en pol\u00edticas de cambio clim\u00e1tico para mujeres con discapacidad y forma parte del equipo de Auditor\u00eda de Accesibilidad de la Uni\u00f3n Nacional de Personas con Discapacidad de Uganda.<\/p>\n<p data-start=\"2771\" data-end=\"3020\">Promueve activamente la educaci\u00f3n y empleo inclusivos para mujeres y j\u00f3venes con discapacidad, y est\u00e1 comprometida con crear una sociedad m\u00e1s inclusiva para personas con discapacidad, con un enfoque especial en mujeres y ni\u00f1as sordociegas.<\/p>\n<p data-start=\"152\" data-end=\"478\"><img loading=\"lazy\" decoding=\"async\" class=\" wp-image-8897 alignright\" title=\"\" src=\"https:\/\/wfdb.eu\/wp-content\/uploads\/2025\/11\/Imagen-de-WhatsApp-2025-11-13-a-las-15.59.19_4550324a-768x1024.jpg\" alt=\"Juliet is standing straight with her hands crossed at the wrists, smiling. She is wearing a purple dress with a white top patterned with purple and black markings, and a plain purple skirt with even tacking that reaches just below her knees. She is also wearing black closed-toe shoes.\" width=\"215\" height=\"287\" \/><\/p>\n<div class=\"elementor-widget-container\">\n<ul data-start=\"1468\" data-end=\"1810\">\n<li data-start=\"1559\" data-end=\"1609\">\n<p data-start=\"1561\" data-end=\"1609\"><strong data-start=\"1561\" data-end=\"1581\">Elizabeth Syring<\/strong> \u2013 Canad\u00e1, <em data-start=\"1592\" data-end=\"1607\">Norte Am\u00e9rica<\/em><\/p>\n<\/li>\n<li data-start=\"1610\" data-end=\"1666\">\n<p data-start=\"1612\" data-end=\"1666\"><strong data-start=\"1612\" data-end=\"1638\">Eulalia Alves Cordeiro<\/strong> \u2013 Brasil, Sudam\u00e9rica<em data-start=\"1649\" data-end=\"1664\"><img loading=\"lazy\" decoding=\"async\" class=\"wp-image-8899 alignright\" title=\"\" src=\"https:\/\/wfdb.eu\/wp-content\/uploads\/2025\/11\/EulaliaAlvesCordeiro-753x1024.jpg\" alt=\"Eulalia is smiling whilst holding a a cane wearing a red dress \" width=\"189\" height=\"257\" srcset=\"https:\/\/wfdb.eu\/wp-content\/uploads\/2025\/11\/EulaliaAlvesCordeiro-753x1024.jpg 753w, https:\/\/wfdb.eu\/wp-content\/uploads\/2025\/11\/EulaliaAlvesCordeiro-221x300.jpg 221w, https:\/\/wfdb.eu\/wp-content\/uploads\/2025\/11\/EulaliaAlvesCordeiro-768x1045.jpg 768w, https:\/\/wfdb.eu\/wp-content\/uploads\/2025\/11\/EulaliaAlvesCordeiro-1129x1536.jpg 1129w, https:\/\/wfdb.eu\/wp-content\/uploads\/2025\/11\/EulaliaAlvesCordeiro.jpg 1176w\" sizes=\"auto, (max-width: 189px) 100vw, 189px\" \/><\/em><\/p>\n<\/li>\n<\/ul>\n<p data-start=\"3120\" data-end=\"3525\">Eulalia es una mujer con sordoceguera, espec\u00edficamente S\u00edndrome de Usher tipo II. Actualmente es presidenta del Grupo Brasil de Apoyo al Sordociego y al M\u00faltiple Deficiente Sensorial, liderando diversas iniciativas enfocadas en accesibilidad. Representa al grupo como asesora en el Foro Municipal de Educaci\u00f3n Permanente y el Foro Estatal de Educaci\u00f3n Permanente (2023\u20132025 y 2025\u20132027).<\/p>\n<p data-start=\"3527\" data-end=\"3703\">Adem\u00e1s, es curadora-consultora en la Fundaci\u00f3n Dorina Nowill, participa en el Grupo de Trabajo Sentidos Brasil Perkins y asesora en numerosas conferencias nacionales.<\/p>\n<ul data-start=\"1468\" data-end=\"1810\">\n<li data-start=\"1667\" data-end=\"1703\">\n<p data-start=\"1669\" data-end=\"1703\"><strong data-start=\"1669\" data-end=\"1685\">Akiko Fukuda<\/strong> \u2013 Jap\u00f3n, <em data-start=\"1695\" data-end=\"1701\">Asia<img loading=\"lazy\" decoding=\"async\" class=\" wp-image-8907 alignright\" title=\"\" src=\"https:\/\/wfdb.eu\/wp-content\/uploads\/2025\/12\/Akiko-768x1024.png\" alt=\"Headshot of Akiko\" width=\"234\" height=\"312\" srcset=\"https:\/\/wfdb.eu\/wp-content\/uploads\/2025\/12\/Akiko-768x1024.png 768w, https:\/\/wfdb.eu\/wp-content\/uploads\/2025\/12\/Akiko-225x300.png 225w, https:\/\/wfdb.eu\/wp-content\/uploads\/2025\/12\/Akiko.png 1137w\" sizes=\"auto, (max-width: 234px) 100vw, 234px\" \/><\/em><\/p>\n<\/li>\n<\/ul>\n<\/div>\n<p data-start=\"3739\" data-end=\"4225\">Akiko Fukuda es trabajadora social certificada y defensora de los derechos de las personas con sordoceguera. Forma parte del Comit\u00e9 de Pol\u00edtica de Discapacidad de la Oficina del Gabinete de Jap\u00f3n y es docente adjunta en la Universidad Rikkyo y en la Tokyo Woman\u2019s Christian University. Tambi\u00e9n es miembro del consejo de la Asociaci\u00f3n de Sordociegos de Jap\u00f3n (JDBA), parte de su Comit\u00e9 de Cooperaci\u00f3n Internacional, y coordina la Red de Sordociegos de Asia.<\/p>\n<p data-start=\"4227\" data-end=\"4435\">Ex Secretaria General de la WFDB, Akiko se comunica principalmente mediante lengua de se\u00f1as t\u00e1ctil y utiliza braille. Usa ventilador y silla de ruedas el\u00e9ctrica debido a esclerosis m\u00faltiple.<\/p>\n<div class=\"elementor-widget-container\">\n<ul data-start=\"1468\" data-end=\"1810\">\n<li data-start=\"1704\" data-end=\"1762\">\n<p data-start=\"1706\" data-end=\"1762\"><strong data-start=\"1706\" data-end=\"1738\">Mahtab Alimohammadi Malayeri<\/strong> \u2013 Ir\u00e1n, <em data-start=\"1747\" data-end=\"1760\">Oriente Medio<\/em><\/p>\n<p><img loading=\"lazy\" decoding=\"async\" class=\"wp-image-8898 alignright\" title=\"\" src=\"https:\/\/wfdb.eu\/wp-content\/uploads\/2025\/11\/IMG_8748-539x1024.jpeg\" alt=\"\" width=\"203\" height=\"386\" srcset=\"https:\/\/wfdb.eu\/wp-content\/uploads\/2025\/11\/IMG_8748-539x1024.jpeg 539w, https:\/\/wfdb.eu\/wp-content\/uploads\/2025\/11\/IMG_8748-158x300.jpeg 158w, https:\/\/wfdb.eu\/wp-content\/uploads\/2025\/11\/IMG_8748-768x1458.jpeg 768w, https:\/\/wfdb.eu\/wp-content\/uploads\/2025\/11\/IMG_8748-809x1536.jpeg 809w, https:\/\/wfdb.eu\/wp-content\/uploads\/2025\/11\/IMG_8748-1079x2048.jpeg 1079w, https:\/\/wfdb.eu\/wp-content\/uploads\/2025\/11\/IMG_8748-scaled.jpeg 1348w\" sizes=\"auto, (max-width: 203px) 100vw, 203px\" \/><\/li>\n<\/ul>\n<\/div>\n<p>Mahtab Alimohammadi Malayeri naci\u00f3 en 1979 en Ir\u00e1n. Posee una Maestr\u00eda en Filolog\u00eda y Literatura Moderna y Contempor\u00e1nea cum laude de la Universidad de Verona, Italia, y una Licenciatura en Lengua y Literatura Italiana de la Universidad de Teher\u00e1n, Ir\u00e1n. A pesar de ser ciega y sorda, ha dedicado su vida a integrar arte y literatura. Participa activamente en proyectos culturales y sociales que promueven la accesibilidad y la inclusi\u00f3n de personas con discapacidad. Ha dado numerosas conferencias en persa, ingl\u00e9s e italiano, explorando el mundo interior del ser humano y la capacidad de enfrentar lo imposible con valor y determinaci\u00f3n.<\/p>\n<div class=\"elementor-widget-container\">\n<ul data-start=\"1468\" data-end=\"1810\">\n<li data-start=\"1763\" data-end=\"1810\">\n<p data-start=\"1765\" data-end=\"1810\"><strong data-start=\"1765\" data-end=\"1783\">Amanda Stevens<\/strong> \u2013 Nueva Zelanda, <em data-start=\"1799\" data-end=\"1808\">Ocean\u00eda<\/em><\/p>\n<\/li>\n<\/ul>\n<p data-start=\"1330\" data-end=\"1489\">&nbsp;<\/p>\n<\/div>\n","protected":false},"excerpt":{"rendered":"<p>Establecido en octubre de 2025, el Comit\u00e9 de Mujeres de la WFDB est\u00e1 compuesto por siete mujeres con sordoceguera de diversas regiones, grupos de edad, sistemas de comunicaci\u00f3n y trayectorias. Estos puestos son voluntarios y reflejan un profundo compromiso con la defensa y el avance de la inclusi\u00f3n de la comunidad de mujeres sordociegas. La [&hellip;]<\/p>\n","protected":false},"author":5,"featured_media":0,"parent":0,"menu_order":0,"comment_status":"closed","ping_status":"closed","template":"","meta":{"footnotes":""},"categories":[],"tags":[],"class_list":["post-8896","page","type-page","status-publish","hentry"],"jetpack_sharing_enabled":true,"_links":{"self":[{"href":"https:\/\/wfdb.eu\/wp-json\/wp\/v2\/pages\/8896","targetHints":{"allow":["GET"]}}],"collection":[{"href":"https:\/\/wfdb.eu\/wp-json\/wp\/v2\/pages"}],"about":[{"href":"https:\/\/wfdb.eu\/wp-json\/wp\/v2\/types\/page"}],"author":[{"embeddable":true,"href":"https:\/\/wfdb.eu\/wp-json\/wp\/v2\/users\/5"}],"replies":[{"embeddable":true,"href":"https:\/\/wfdb.eu\/wp-json\/wp\/v2\/comments?post=8896"}],"version-history":[{"count":6,"href":"https:\/\/wfdb.eu\/wp-json\/wp\/v2\/pages\/8896\/revisions"}],"predecessor-version":[{"id":8949,"href":"https:\/\/wfdb.eu\/wp-json\/wp\/v2\/pages\/8896\/revisions\/8949"}],"wp:attachment":[{"href":"https:\/\/wfdb.eu\/wp-json\/wp\/v2\/media?parent=8896"}],"wp:term":[{"taxonomy":"category","embeddable":true,"href":"https:\/\/wfdb.eu\/wp-json\/wp\/v2\/categories?post=8896"},{"taxonomy":"post_tag","embeddable":true,"href":"https:\/\/wfdb.eu\/wp-json\/wp\/v2\/tags?post=8896"}],"curies":[{"name":"wp","href":"https:\/\/api.w.org\/{rel}","templated":true}]}}