{"id":8713,"date":"2025-06-17T12:07:11","date_gmt":"2025-06-17T10:07:11","guid":{"rendered":"https:\/\/wfdb.eu\/newsletter\/"},"modified":"2025-06-17T12:27:59","modified_gmt":"2025-06-17T10:27:59","slug":"newsletter","status":"publish","type":"page","link":"https:\/\/wfdb.eu\/newsletter\/","title":{"rendered":"Bolet\u00edn de Noticias"},"content":{"rendered":"<p data-start=\"51\" data-end=\"88\"><strong data-start=\"51\" data-end=\"88\">Mantente en contacto con nosotros<\/strong><\/p>\n<p data-start=\"90\" data-end=\"420\">Estamos comprometidos con mantener informada y conectada a nuestra comunidad global. A trav\u00e9s de nuestra lista de correo externa, compartimos regularmente noticias, actualizaciones, pr\u00f3ximos eventos, iniciativas de incidencia y testimonios que reflejan el impacto de nuestro trabajo en el \u00e1mbito de la sordoceguera y la inclusi\u00f3n.<\/p>\n<p data-start=\"422\" data-end=\"607\">Si deseas mantenerte informado\/a y formar parte de nuestra red en crecimiento, te invitamos cordialmente a <strong data-start=\"529\" data-end=\"570\">suscribirte a nuestra lista de correo<\/strong> completando el siguiente formulario.<\/p>\n<p data-start=\"609\" data-end=\"744\">Si tienes alg\u00fan problema o pregunta, no dudes en ponerte en contacto con nuestro equipo de comunicaciones en <strong data-start=\"718\" data-end=\"743\"><a class=\"cursor-pointer\" href=\"mailto:communication@wfdb.eu\" rel=\"noopener\" data-start=\"720\" data-end=\"741\">communication@wfdb.eu<\/a><\/strong>.<\/p>\n<p data-start=\"746\" data-end=\"767\" data-is-last-node=\"\" data-is-only-node=\"\"><div class=\"tnp tnp-subscription \">\n<form method=\"post\" action=\"https:\/\/wfdb.eu\/wp-admin\/admin-ajax.php?action=tnp&amp;na=s\">\n<input type=\"hidden\" name=\"nlang\" value=\"\">\n<div class=\"tnp-field tnp-field-firstname\"><label for=\"tnp-1\">Nombre<\/label>\n<input class=\"tnp-name\" type=\"text\" name=\"nn\" id=\"tnp-1\" value=\"\" placeholder=\"\" required><\/div>\n<div class=\"tnp-field tnp-field-surname\"><label for=\"tnp-2\">Apellidos<\/label>\n<input class=\"tnp-surname\" type=\"text\" name=\"ns\" id=\"tnp-2\" value=\"\" placeholder=\"\" required><\/div><div class=\"tnp-field tnp-field-email\"><label for=\"tnp-3\">Correo electr\u00f3nico<\/label>\n<input class=\"tnp-email\" type=\"email\" name=\"ne\" id=\"tnp-3\" value=\"\" placeholder=\"\" required><\/div>\n<div class=\"tnp-field tnp-field-gender\"><label for=\"tnp-4\">Soy<\/label>\n<select name=\"nx\" class=\"tnp-gender\" id=\"tnp-gender\"><option value=\"n\">Woman<\/option><option value=\"f\">Man<\/option><option value=\"m\">Other<\/option><\/select><\/div>\n<div class=\"tnp-field tnp-field-profile\"><label for=\"tnp-5\">Name of Organisation you represent<\/label>\n<input class=\"tnp-profile tnp-profile-1\" id=\"tnp-profile_1\" type=\"text\" size=\"\" name=\"np1\" placeholder=\"\"><\/div>\n<div class=\"tnp-field tnp-field-profile\"><label for=\"tnp-6\">Title within Organisation<\/label>\n<input class=\"tnp-profile tnp-profile-2\" id=\"tnp-profile_2\" type=\"text\" size=\"\" name=\"np2\" placeholder=\"\"><\/div>\n<div class=\"tnp-field tnp-field-profile\"><label for=\"tnp-7\">Do you identify as a person with deafblindness?<\/label>\n<select class=\"tnp-profile tnp-profile-3\" id=\"tnp-profile_3\" name=\"np3\" required><option>Yes<\/option><option>No<\/option><option>I am not sure<\/option><\/select>\n<\/div>\n<div class=\"tnp-field tnp-privacy-field\"><label><input type=\"checkbox\" name=\"ny\" required class=\"tnp-privacy\"> Acepto la pol\u00edtica de privacidad<\/label><\/div><div class=\"tnp-field tnp-field-button\" style=\"text-align: left\"><input class=\"tnp-submit\" type=\"submit\" value=\"Subscribe to WFDB&#039;s mailing list\" style=\"\">\n<\/div>\n<\/form>\n<\/div>\n<\/p>\n","protected":false},"excerpt":{"rendered":"<p>Mantente en contacto con nosotros Estamos comprometidos con mantener informada y conectada a nuestra comunidad global. A trav\u00e9s de nuestra lista de correo externa, compartimos regularmente noticias, actualizaciones, pr\u00f3ximos eventos, iniciativas de incidencia y testimonios que reflejan el impacto de nuestro trabajo en el \u00e1mbito de la sordoceguera y la inclusi\u00f3n. Si deseas mantenerte informado\/a [&hellip;]<\/p>\n","protected":false},"author":5,"featured_media":0,"parent":0,"menu_order":0,"comment_status":"closed","ping_status":"closed","template":"","meta":{"footnotes":""},"categories":[1],"tags":[],"class_list":["post-8713","page","type-page","status-publish","hentry","category-news"],"jetpack_sharing_enabled":true,"_links":{"self":[{"href":"https:\/\/wfdb.eu\/wp-json\/wp\/v2\/pages\/8713","targetHints":{"allow":["GET"]}}],"collection":[{"href":"https:\/\/wfdb.eu\/wp-json\/wp\/v2\/pages"}],"about":[{"href":"https:\/\/wfdb.eu\/wp-json\/wp\/v2\/types\/page"}],"author":[{"embeddable":true,"href":"https:\/\/wfdb.eu\/wp-json\/wp\/v2\/users\/5"}],"replies":[{"embeddable":true,"href":"https:\/\/wfdb.eu\/wp-json\/wp\/v2\/comments?post=8713"}],"version-history":[{"count":1,"href":"https:\/\/wfdb.eu\/wp-json\/wp\/v2\/pages\/8713\/revisions"}],"predecessor-version":[{"id":8714,"href":"https:\/\/wfdb.eu\/wp-json\/wp\/v2\/pages\/8713\/revisions\/8714"}],"wp:attachment":[{"href":"https:\/\/wfdb.eu\/wp-json\/wp\/v2\/media?parent=8713"}],"wp:term":[{"taxonomy":"category","embeddable":true,"href":"https:\/\/wfdb.eu\/wp-json\/wp\/v2\/categories?post=8713"},{"taxonomy":"post_tag","embeddable":true,"href":"https:\/\/wfdb.eu\/wp-json\/wp\/v2\/tags?post=8713"}],"curies":[{"name":"wp","href":"https:\/\/api.w.org\/{rel}","templated":true}]}}