{"id":8503,"date":"2024-10-29T11:06:06","date_gmt":"2024-10-29T10:06:06","guid":{"rendered":"https:\/\/wfdb.eu\/?page_id=8503"},"modified":"2024-10-29T11:13:20","modified_gmt":"2024-10-29T10:13:20","slug":"governance","status":"publish","type":"page","link":"https:\/\/wfdb.eu\/governance\/","title":{"rendered":"Gobernanza"},"content":{"rendered":"<p>La organizaci\u00f3n est\u00e1 dirigida por un Consejo Ejecutivo (CE) que consta de siete miembros con sordoceguera: el Presidente, el Vicepresidente, el Secretario, tres miembros adicionales del CE y un Secretario General.<\/p>\n<p>Adem\u00e1s, hay un representante por cada regi\u00f3n: \u00c1frica, Asia, Europa, Am\u00e9rica Latina, Am\u00e9rica del Norte y el Pac\u00edfico (seis en total). Tambi\u00e9n hay dos auditores y tres miembros en el Comit\u00e9 Electoral.<\/p>\n<p>A continuaci\u00f3n, encontrar\u00e1 m\u00e1s informaci\u00f3n sobre el \u00f3rgano de gobierno electo actual para el per\u00edodo 2022-2024.<\/p>\n<p>El 24 y 25 de octubre de 2022, <a href=\"https:\/\/wfdb.eu\/es\/2022\/11\/02\/wfdb-elects-its-new-board-during-general-assembly-in-kenya\/\">la WFDB celebr\u00f3 su 6.\u00aa Asamblea General en Nairobi, Kenia<\/a>, donde se eligieron los siguientes miembros:<\/p>\n<p><strong>Presidenta:<\/strong> Sanja Tarczay (Croacia)<br \/>\n<strong>Vicepresidente:<\/strong> Samuel Valencia (Colombia)<br \/>\n<strong>Secretaria General:<\/strong> Velichka Draganova (Bulgaria)<\/p>\n<p><strong>Miembros del Consejo Ejecutivo:<\/strong><\/p>\n<ul>\n<li>Ezekiel Kumwenda (Malawi)<\/li>\n<li>Riku Virtanen (Finlandia)<\/li>\n<li>Christopher Woodfill (EE. UU.)<\/li>\n<\/ul>\n<p><strong>Representantes Regionales:<\/strong><\/p>\n<ul>\n<li>\u00c1frica: Juliet Wabukawo (Uganda)<\/li>\n<li>Asia: Zamir Dhale (India)<\/li>\n<li>Europa: Velichka Draganova (Bulgaria)<\/li>\n<li>Am\u00e9rica Latina: Melba Benjamin (Rep\u00fablica Dominicana)<\/li>\n<li>Pac\u00edfico: Amanda Stevens (Nueva Zelanda)<\/li>\n<li>Am\u00e9rica del Norte: No anunciado<\/li>\n<\/ul>\n<p><strong>Auditores:<\/strong><\/p>\n<ul>\n<li>Klas Nelfelt (Suecia)<\/li>\n<li>Francisco Trigueros (Espa\u00f1a)<\/li>\n<\/ul>\n<p><strong>Presidente del Comit\u00e9 Electoral:<\/strong> David Shaba (Tanzania)<\/p>\n<p><strong>Miembros del Comit\u00e9 Electoral:<\/strong><\/p>\n<ul>\n<li>Roger Galo (Honduras)<\/li>\n<li>Norah Gonzales (Bolivia)<\/li>\n<\/ul>\n","protected":false},"excerpt":{"rendered":"<p>La organizaci\u00f3n est\u00e1 dirigida por un Consejo Ejecutivo (CE) que consta de siete miembros con sordoceguera: el Presidente, el Vicepresidente, el Secretario, tres miembros adicionales del CE y un Secretario General. Adem\u00e1s, hay un representante por cada regi\u00f3n: \u00c1frica, Asia, Europa, Am\u00e9rica Latina, Am\u00e9rica del Norte y el Pac\u00edfico (seis en total). Tambi\u00e9n hay dos [&hellip;]<\/p>\n","protected":false},"author":5,"featured_media":0,"parent":0,"menu_order":0,"comment_status":"closed","ping_status":"closed","template":"","meta":{"footnotes":""},"categories":[],"tags":[],"class_list":["post-8503","page","type-page","status-publish","hentry"],"jetpack_sharing_enabled":true,"_links":{"self":[{"href":"https:\/\/wfdb.eu\/wp-json\/wp\/v2\/pages\/8503","targetHints":{"allow":["GET"]}}],"collection":[{"href":"https:\/\/wfdb.eu\/wp-json\/wp\/v2\/pages"}],"about":[{"href":"https:\/\/wfdb.eu\/wp-json\/wp\/v2\/types\/page"}],"author":[{"embeddable":true,"href":"https:\/\/wfdb.eu\/wp-json\/wp\/v2\/users\/5"}],"replies":[{"embeddable":true,"href":"https:\/\/wfdb.eu\/wp-json\/wp\/v2\/comments?post=8503"}],"version-history":[{"count":3,"href":"https:\/\/wfdb.eu\/wp-json\/wp\/v2\/pages\/8503\/revisions"}],"predecessor-version":[{"id":8507,"href":"https:\/\/wfdb.eu\/wp-json\/wp\/v2\/pages\/8503\/revisions\/8507"}],"wp:attachment":[{"href":"https:\/\/wfdb.eu\/wp-json\/wp\/v2\/media?parent=8503"}],"wp:term":[{"taxonomy":"category","embeddable":true,"href":"https:\/\/wfdb.eu\/wp-json\/wp\/v2\/categories?post=8503"},{"taxonomy":"post_tag","embeddable":true,"href":"https:\/\/wfdb.eu\/wp-json\/wp\/v2\/tags?post=8503"}],"curies":[{"name":"wp","href":"https:\/\/api.w.org\/{rel}","templated":true}]}}