{"id":8502,"date":"2024-10-29T11:06:10","date_gmt":"2024-10-29T10:06:10","guid":{"rendered":"https:\/\/wfdb.eu\/?page_id=8502"},"modified":"2024-10-29T11:31:10","modified_gmt":"2024-10-29T10:31:10","slug":"meet-our-members","status":"publish","type":"page","link":"https:\/\/wfdb.eu\/meet-our-members\/","title":{"rendered":"Conoce a nuestro miembros"},"content":{"rendered":"<p>La estructura de membres\u00eda de la WFDB incluye varias categor\u00edas para garantizar la representaci\u00f3n, el apoyo y la participaci\u00f3n activa de individuos y organizaciones de todo el mundo. Los miembros se dividen en los siguientes tipos:<\/p>\n<ol>\n<li><strong>Miembros Nacionales<\/strong><br \/>\nLos miembros nacionales representan a la poblaci\u00f3n de personas con sordoceguera en sus respectivos pa\u00edses. Se permite un solo miembro nacional por pa\u00eds, y la junta de cada organizaci\u00f3n debe estar compuesta por al menos un 50% de personas con sordoceguera.<\/li>\n<li><strong>Membres\u00eda Asociada<\/strong><br \/>\nAbierta a individuos, organizaciones e instituciones que comparten la misi\u00f3n y los objetivos de la WFDB. Los miembros asociados son socios cruciales en los esfuerzos de defensa y apoyo de la WFDB.<\/li>\n<li><strong>Membres\u00eda Individual<\/strong><br \/>\nEsta categor\u00eda est\u00e1 disponible para individuos con sordoceguera que no representan oficialmente a la poblaci\u00f3n de sordoceguera de su pa\u00eds. Los miembros individuales tienen derecho a participar y hablar en la Asamblea General, aunque no tienen derecho a voto.<\/li>\n<li><strong>Membres\u00eda de Patrocinio<\/strong><br \/>\nLas personas, organizaciones e instituciones que deseen apoyar econ\u00f3micamente a la WFDB pueden unirse como miembros patrocinadores. Estas membres\u00edas desempe\u00f1an un papel vital en la sostenibilidad de las iniciativas de la organizaci\u00f3n.<\/li>\n<\/ol>\n<p><strong>Miembros Nacionales<\/strong><\/p>\n<p>La WFDB cuenta actualmente con 64 organizaciones nacionales miembros que representan a pa\u00edses de todo el mundo, incluyendo:<\/p>\n<p>Argentina, Australia, Austria, Banglad\u00e9s, B\u00e9lgica, Bolivia, Brasil, Burkina Faso, Bulgaria, Canad\u00e1, Colombia, Croacia, Cuba, Rep\u00fablica Checa, Dinamarca, Rep\u00fablica Dominicana, Ecuador, Etiop\u00eda, Finlandia, Francia, Georgia, Alemania, Ghana, Guatemala, Hait\u00ed, Honduras, Hungr\u00eda, Islandia, India, Italia, Costa de Marfil, Jap\u00f3n, Kazajist\u00e1n, Kenia, Lesoto, Liberia, Malaui, Mal\u00ed, M\u00e9xico, Mongolia, Nepal, Pa\u00edses Bajos, Nueva Zelanda, Nicaragua, Nigeria, Noruega, Per\u00fa, Filipinas, Polonia, Rep\u00fablica del Congo (Brazzaville), Rep\u00fablica de Guinea, Ruman\u00eda, Rusia, Ruanda, Eslovenia, Sud\u00e1frica, Espa\u00f1a, Suecia, Suiza, Tanzania, Uganda, Ucrania, Reino Unido, Estados Unidos de Am\u00e9rica, Uruguay, Venezuela y Zambia.<\/p>\n<p>La WFDB colabora a nivel regional con organizaciones como la Uni\u00f3n Europea de Sordociegos (EDbU), la Federaci\u00f3n Africana de Sordociegos (AFDB) y la Federaci\u00f3n Latinoamericana de Sordociegos (FLASC).<\/p>\n<p><strong>Miembros Asociados<\/strong><\/p>\n<p>La WFDB ha construido valiosas asociaciones con organizaciones l\u00edderes, incluyendo la Uni\u00f3n Mundial de Ciegos (WBU), la Federaci\u00f3n Mundial de Sordos (WFD), Deafblind International (DbI), Sense International (SI) y la Asociaci\u00f3n Mundial de Int\u00e9rpretes de Lengua de Signos (WASLI).<\/p>\n<p>En 2007, la WFDB logr\u00f3 el estatus consultivo ante el Consejo Econ\u00f3mico y Social de la ONU (ECOSOC) y se uni\u00f3 a la Alianza Internacional de la Discapacidad (IDA). La presidenta de la WFDB participa en el Comit\u00e9 Ejecutivo y en la Junta de la IDA, lo que refuerza el papel de la WFDB en la defensa global de los derechos de las personas con sordoceguera.<\/p>\n<p><strong>Miembros Individuales<\/strong><\/p>\n<p>La WFDB da la bienvenida a cualquier persona que se identifique como sordocega para unirse como miembro individual. Esta membres\u00eda ofrece una valiosa plataforma para la representaci\u00f3n personal y el compromiso dentro de la comunidad global.<\/p>\n<p><strong>Miembros Patrocinadores<\/strong><\/p>\n<p>Los miembros patrocinadores son vitales para sostener la misi\u00f3n de la WFDB a trav\u00e9s de contribuciones financieras. Esta categor\u00eda de membres\u00eda est\u00e1 abierta a individuos, organizaciones e instituciones que creen en los objetivos de la WFDB y desean ayudar a expandir el alcance y el impacto de los esfuerzos de defensa para la comunidad global de personas sordoceguera. Los miembros patrocinadores reciben actualizaciones peri\u00f3dicas sobre las actividades de la WFDB, informes sobre el impacto de sus contribuciones y oportunidades para participar en proyectos espec\u00edficos, lo que les permite ver de primera mano c\u00f3mo su apoyo fomenta la inclusi\u00f3n, la accesibilidad y el empoderamiento de las personas con sordoceguera en todo el mundo.<\/p>\n<p>\u00bfTe gustar\u00eda ser parte de nuestra comunidad? <a href=\"https:\/\/wfdb.eu\/es\/become-a-member\/\">\u00a1\u00danete a nosotros aqu\u00ed!<\/a><\/p>\n","protected":false},"excerpt":{"rendered":"<p>La estructura de membres\u00eda de la WFDB incluye varias categor\u00edas para garantizar la representaci\u00f3n, el apoyo y la participaci\u00f3n activa de individuos y organizaciones de todo el mundo. Los miembros se dividen en los siguientes tipos: Miembros Nacionales Los miembros nacionales representan a la poblaci\u00f3n de personas con sordoceguera en sus respectivos pa\u00edses. Se permite [&hellip;]<\/p>\n","protected":false},"author":5,"featured_media":0,"parent":0,"menu_order":0,"comment_status":"closed","ping_status":"closed","template":"","meta":{"footnotes":""},"categories":[],"tags":[],"class_list":["post-8502","page","type-page","status-publish","hentry"],"jetpack_sharing_enabled":true,"_links":{"self":[{"href":"https:\/\/wfdb.eu\/wp-json\/wp\/v2\/pages\/8502","targetHints":{"allow":["GET"]}}],"collection":[{"href":"https:\/\/wfdb.eu\/wp-json\/wp\/v2\/pages"}],"about":[{"href":"https:\/\/wfdb.eu\/wp-json\/wp\/v2\/types\/page"}],"author":[{"embeddable":true,"href":"https:\/\/wfdb.eu\/wp-json\/wp\/v2\/users\/5"}],"replies":[{"embeddable":true,"href":"https:\/\/wfdb.eu\/wp-json\/wp\/v2\/comments?post=8502"}],"version-history":[{"count":3,"href":"https:\/\/wfdb.eu\/wp-json\/wp\/v2\/pages\/8502\/revisions"}],"predecessor-version":[{"id":8511,"href":"https:\/\/wfdb.eu\/wp-json\/wp\/v2\/pages\/8502\/revisions\/8511"}],"wp:attachment":[{"href":"https:\/\/wfdb.eu\/wp-json\/wp\/v2\/media?parent=8502"}],"wp:term":[{"taxonomy":"category","embeddable":true,"href":"https:\/\/wfdb.eu\/wp-json\/wp\/v2\/categories?post=8502"},{"taxonomy":"post_tag","embeddable":true,"href":"https:\/\/wfdb.eu\/wp-json\/wp\/v2\/tags?post=8502"}],"curies":[{"name":"wp","href":"https:\/\/api.w.org\/{rel}","templated":true}]}}