{"id":7929,"date":"2023-10-26T15:08:37","date_gmt":"2023-10-26T13:08:37","guid":{"rendered":"https:\/\/wfdb.eu\/?page_id=7929"},"modified":"2023-11-09T16:35:06","modified_gmt":"2023-11-09T15:35:06","slug":"ec-touch-international-2023-2025","status":"publish","type":"page","link":"https:\/\/wfdb.eu\/ec-touch-international-2023-2025\/","title":{"rendered":"EC Touch Braille (2023-2025)"},"content":{"rendered":"\t\t<div data-elementor-type=\"wp-page\" data-elementor-id=\"7929\" class=\"elementor elementor-7929\">\n\t\t\t\t\t\t\t\t\t<section class=\"elementor-section elementor-top-section elementor-element elementor-element-3e650b4f elementor-section-boxed elementor-section-height-default elementor-section-height-default\" data-id=\"3e650b4f\" data-element_type=\"section\">\n\t\t\t\t\t\t<div class=\"elementor-container elementor-column-gap-default\">\n\t\t\t\t\t<div class=\"elementor-column elementor-col-100 elementor-top-column elementor-element elementor-element-683c62ae\" data-id=\"683c62ae\" data-element_type=\"column\">\n\t\t\t<div class=\"elementor-widget-wrap elementor-element-populated\">\n\t\t\t\t\t\t\t\t<div class=\"elementor-element elementor-element-1748eeb elementor-widget elementor-widget-image\" data-id=\"1748eeb\" data-element_type=\"widget\" data-widget_type=\"image.default\">\n\t\t\t\t<div class=\"elementor-widget-container\">\n\t\t\t\t\t\t\t\t\t\t\t\t\t\t\t<img loading=\"lazy\" decoding=\"async\" width=\"800\" height=\"477\" src=\"https:\/\/wfdb.eu\/wp-content\/uploads\/2023\/10\/Braille_logo_2-1024x611.png\" class=\"attachment-large size-large\" alt=\"WFDB and EC Touch Braille logo\" srcset=\"https:\/\/wfdb.eu\/wp-content\/uploads\/2023\/10\/Braille_logo_2-1024x611.png 1024w, https:\/\/wfdb.eu\/wp-content\/uploads\/2023\/10\/Braille_logo_2-300x179.png 300w, https:\/\/wfdb.eu\/wp-content\/uploads\/2023\/10\/Braille_logo_2-768x459.png 768w, https:\/\/wfdb.eu\/wp-content\/uploads\/2023\/10\/Braille_logo_2.png 1266w\" sizes=\"auto, (max-width: 800px) 100vw, 800px\" \/>\t\t\t\t\t\t\t\t\t\t\t\t\t\t\t<\/div>\n\t\t\t\t<\/div>\n\t\t\t\t<div class=\"elementor-element elementor-element-6801767d elementor-widget elementor-widget-text-editor\" data-id=\"6801767d\" data-element_type=\"widget\" data-widget_type=\"text-editor.default\">\n\t\t\t\t<div class=\"elementor-widget-container\">\n\t\t\t\t\t\t\t<p>Omnitor AB es una empresa privada sueca que ha desarrollado una aplicaci\u00f3n llamada &#8220;eCtouch&#8221; que permite comunicaci\u00f3n de manera remota en tiempo real con audio, v\u00eddeo y texto. eCtouch actualmente est\u00e1 siendo utilizado principalmente por ciudadanos sordos y con p\u00e9rdida de audici\u00f3n en Suecia. Sin embargo, eCtouch tambi\u00e9n es compatible con lectores de pantalla y lupas de pantalla, lo que lo hace \u00fatil para ciudadanos con discapacidad visual, ciegos y sordosciegos.<\/p><p>El proyecto, que durar\u00e1 18 meses, est\u00e1 financiado por la Autoridad Sueca de Correos y Telecomunicaciones (autoridad gubernamental dependiente del Ministerio de Infraestructura de Suecia). El objetivo del proyecto consiste en mejorar la facilidad de uso de eCtouch para ciudadanos con discapacidad visual, ciegos y sordosciegos, y m\u00e1s espec\u00edficamente el soporte para l\u00edneas Braille, lo cual actualmente supone un desaf\u00edo.<\/p><p>Por lo tanto, eCtouch Braille es un desarrollo adicional de la aplicaci\u00f3n eCtouch con mejoras para las personas con discapacidad visual y sordociegas, especialmente para aquellos que son usuarios de braille y utilizan l\u00edneas braille. Se desarrollar\u00e1n nuevas ventanas de texto en tiempo real durante las llamadas para l\u00edneas braille con diferentes configuraciones para que la aplicaci\u00f3n pueda personalizarse. Hacer que el texto funcione y transmitir la informaci\u00f3n correcta durante las conversaciones con todo el ecosistema de texto en tiempo real, lectores de pantalla y dispositivos braille es un desaf\u00edo. La aplicaci\u00f3n tambi\u00e9n se mejorar\u00e1 en t\u00e9rminos de ampliaci\u00f3n, atajos de teclado y navegaci\u00f3n. La experiencia de usuario e Interfaz de usuario deben ser l\u00f3gicos, simples, claros y adaptables, por ejemplo, elecci\u00f3n de preferencia de color. Adem\u00e1s, existe la intenci\u00f3n de simplificar la migraci\u00f3n del tel\u00e9fono de texto al eCtouch Braille copiando algunas funciones. Una gran ventaja de la aplicaci\u00f3n es que utiliza texto en tiempo real, similar a los tel\u00e9fonos de texto. Tambi\u00e9n es importante tener en cuenta que la aplicaci\u00f3n se puede adaptar a necesidades cambiantes, como problemas de visi\u00f3n. La aplicaci\u00f3n tambi\u00e9n admite una percepci\u00f3n personalizada de las llamadas entrantes.<\/p><p>Adem\u00e1s, WFDB (en apoyo de la Alianza Internacional sobre Discapacidad) es un socio clave en el proyecto, ya que garantizar\u00e1 la inclusi\u00f3n y participaci\u00f3n de las personas con sordoceguera y garantizar\u00e1 la amplia difusi\u00f3n de las actividades y resultados.<\/p><p>M\u00e1s espec\u00edficamente, WFDB reclutar\u00e1 una diversidad de usuarios con sordoceguera y ejecutar\u00e1 una prueba piloto en Espa\u00f1a, en colaboraci\u00f3n con otras organizaciones de personas con sordoceguera y socios. El objetivo es que las personas con sordoceguera, especialmente los usuarios de l\u00ednea braille, prueben la aplicaci\u00f3n eCtouch Braille y proporcionen sus comentarios para mejorar la accesibilidad del producto.<\/p><p>En resumen, WFDB pretende:<\/p><ul><li>Reclutar usuarios con sordoceguera en Espa\u00f1a, preferentemente usuarios de l\u00edneas braille.<\/li><li>Contratar a un experto en accesibilidad digital<\/li><li>Organizar un taller en Madrid<\/li><li>Realizar seminarios web de seguimiento<\/li><li>Producir informes basados \u200b\u200ben evidencia<\/li><li>Difundir los ampliamente los resultados<br \/><br \/>Punto focal dentro de WFDB: Lucia D&#8217;Arino (projects@wfdb.eu)<\/li><\/ul>\t\t\t\t\t\t<\/div>\n\t\t\t\t<\/div>\n\t\t\t\t\t<\/div>\n\t\t<\/div>\n\t\t\t\t\t\t\t<\/div>\n\t\t<\/section>\n\t\t\t\t\t\t\t<\/div>\n\t\t","protected":false},"excerpt":{"rendered":"<p>Omnitor AB es una empresa privada sueca que ha desarrollado una aplicaci\u00f3n llamada &#8220;eCtouch&#8221; que brinda soporte para comunicaci\u00f3n en tiempo real a distancia con audio, video y texto. eCtouch se utiliza principalmente en Suecia por ciudadanos sordos y con problemas de audici\u00f3n. Sin embargo, eCtouch tambi\u00e9n es compatible con lectores de pantalla y ampliadores [&hellip;]<\/p>\n","protected":false},"author":5,"featured_media":0,"parent":0,"menu_order":0,"comment_status":"closed","ping_status":"closed","template":"","meta":{"footnotes":""},"categories":[],"tags":[],"class_list":["post-7929","page","type-page","status-publish","hentry"],"jetpack_sharing_enabled":true,"_links":{"self":[{"href":"https:\/\/wfdb.eu\/wp-json\/wp\/v2\/pages\/7929","targetHints":{"allow":["GET"]}}],"collection":[{"href":"https:\/\/wfdb.eu\/wp-json\/wp\/v2\/pages"}],"about":[{"href":"https:\/\/wfdb.eu\/wp-json\/wp\/v2\/types\/page"}],"author":[{"embeddable":true,"href":"https:\/\/wfdb.eu\/wp-json\/wp\/v2\/users\/5"}],"replies":[{"embeddable":true,"href":"https:\/\/wfdb.eu\/wp-json\/wp\/v2\/comments?post=7929"}],"version-history":[{"count":12,"href":"https:\/\/wfdb.eu\/wp-json\/wp\/v2\/pages\/7929\/revisions"}],"predecessor-version":[{"id":8021,"href":"https:\/\/wfdb.eu\/wp-json\/wp\/v2\/pages\/7929\/revisions\/8021"}],"wp:attachment":[{"href":"https:\/\/wfdb.eu\/wp-json\/wp\/v2\/media?parent=7929"}],"wp:term":[{"taxonomy":"category","embeddable":true,"href":"https:\/\/wfdb.eu\/wp-json\/wp\/v2\/categories?post=7929"},{"taxonomy":"post_tag","embeddable":true,"href":"https:\/\/wfdb.eu\/wp-json\/wp\/v2\/tags?post=7929"}],"curies":[{"name":"wp","href":"https:\/\/api.w.org\/{rel}","templated":true}]}}