{"id":7487,"date":"2023-03-18T13:37:25","date_gmt":"2023-03-18T12:37:25","guid":{"rendered":"https:\/\/wfdb.eu\/?page_id=7487"},"modified":"2023-03-27T17:04:00","modified_gmt":"2023-03-27T15:04:00","slug":"conclusions","status":"publish","type":"page","link":"https:\/\/wfdb.eu\/wfdb-report-2022\/conclusions\/","title":{"rendered":" Informe Global de la WFDB 2018"},"content":{"rendered":"\t\t<div data-elementor-type=\"wp-page\" data-elementor-id=\"7487\" class=\"elementor elementor-7487\">\n\t\t\t\t\t\t\t\t\t<section class=\"elementor-section elementor-top-section elementor-element elementor-element-d7eef04 elementor-section-height-min-height elementor-section-boxed elementor-section-height-default elementor-section-items-middle\" data-id=\"d7eef04\" data-element_type=\"section\" data-settings=\"{&quot;background_background&quot;:&quot;classic&quot;}\">\n\t\t\t\t\t\t<div class=\"elementor-container elementor-column-gap-default\">\n\t\t\t\t\t<div class=\"elementor-column elementor-col-100 elementor-top-column elementor-element elementor-element-1ff20a4\" data-id=\"1ff20a4\" data-element_type=\"column\">\n\t\t\t<div class=\"elementor-widget-wrap elementor-element-populated\">\n\t\t\t\t\t\t\t\t<div class=\"elementor-element elementor-element-2e23c52 elementor-widget elementor-widget-heading\" data-id=\"2e23c52\" data-element_type=\"widget\" data-widget_type=\"heading.default\">\n\t\t\t\t<div class=\"elementor-widget-container\">\n\t\t\t<h2 class=\"elementor-heading-title elementor-size-xxl\">Conclusions and Recommendations<\/h2>\t\t<\/div>\n\t\t\t\t<\/div>\n\t\t\t\t\t<\/div>\n\t\t<\/div>\n\t\t\t\t\t\t\t<\/div>\n\t\t<\/section>\n\t\t\t\t<section class=\"elementor-section elementor-top-section elementor-element elementor-element-5d78a16 elementor-section-boxed elementor-section-height-default elementor-section-height-default\" data-id=\"5d78a16\" data-element_type=\"section\">\n\t\t\t\t\t\t<div class=\"elementor-container elementor-column-gap-default\">\n\t\t\t\t\t<div class=\"elementor-column elementor-col-100 elementor-top-column elementor-element elementor-element-878f7ea\" data-id=\"878f7ea\" data-element_type=\"column\">\n\t\t\t<div class=\"elementor-widget-wrap elementor-element-populated\">\n\t\t\t\t\t\t\t\t<div class=\"elementor-element elementor-element-4e0c213 elementor-widget elementor-widget-text-editor\" data-id=\"4e0c213\" data-element_type=\"widget\" data-widget_type=\"text-editor.default\">\n\t\t\t\t<div class=\"elementor-widget-container\">\n\t\t\t\t\t\t\t<p>Building on the first global report, WFDB has expanded quantitative analysis of the situation of persons with deafblindness, focusing on children with deafblindness using data from the MICS, and advanced the dialogue on what works for persons with deafblindness in line with the CRPD across a wide range of policy areas.<\/p><p>There has been progress in raising awareness on the situation of persons with deafblindness with the first global report. However, governments, funders, NGOs, OPDs, and other development stakeholders must develop a firm grasp of the concrete measures and interventions that work for persons with deafblindness. Although more robust research is required across all areas, this second global report provides these stakeholders with good practices and inspiration for improved services that are inclusive of persons with deafblindness.<\/p><p>Persons with deafblindness are frequently excluded from disability-specific and mainstream services due to a vicious cycle of stigma and misperceptions about their capabilities, lack of access to interpreter-guide\/Deafblind interpreting services and accessible information, low- incidence rates combined with high support needs, complexity of deafblindness interventions, lack of technical understanding and resources, and isolation. This report seeks to improve the positions of persons with deafblindness within the disability movement as well as within broader mainstream services.<\/p><p>A systematic review of the preconditions for disability inclusion is key to ensuring mainstream services are inclusive of persons with deafblindness. Deafblindness must be accurately recognised to establish deafblindness-specific interventions and services. A global mechanism to address systemic gaps in access to live assistance, including interpreter-guides\/Deafblind interpreters, in solidarity with other groups of persons with disabilities, could generate the momentum that OPDs of persons with deafblindness may not be able to achieve on their own. However, interpreter-guide\/Deafblind interpreting services may be difficult to implement if rehabilitation services are not in place. Furthermore, rehabilitation services may not include persons with deafblindness if health and rehabilitation workers do not have access to information and training resources on good practices for persons with deafblindness in local languages.<\/p><p>This overlapping nature of the preconditions creates planning challenges. However, this should not lead to inaction or inertia. As many of the case studies demonstrate, pilot programmes that systematically address the preconditions combined with good practices of mainstream services for persons with deafblindness are a good starting point.<\/p><p>The literature review revealed that there are many good practices to facilitate the inclusion of persons with deafblindness being used in diverse settings across the globe. However, WFDB\u2019s survey highlighted a lack of consistency in implementing good practices across countries and regions, indicating that good practices are often restricted to small projects in a limited number of countries. In addition, this report did not review or analyse practices that are not aligned with the CRPD, such as segregated education, employment, and residential services or services that exclude or disempower persons with deafblindness, which is a major concern of the deafblind community, as many outdated and bad practices need to be terminated and replaced with CRPD-compliant services and approaches.<\/p><p>The recommendations in this report are numerous. However, broken down into essential components for individual services and policy areas, it creates a roadmap for OPDs of persons with deafblindness and their allies to advocate for concrete change and to overcome the question of what works for persons with deafblindness.<\/p><p>The initial steps to bridge the gaps that were outlined in WFDB\u2019s first global report remain relevant, and this report builds on those recommendations to identify four urgent priorities to ensure persons with deafblindness are not left behind:<\/p><p><strong>\u00a0<\/strong><\/p><ol><li>Establish international, national, and sub-national <strong>recognition of deafblindness<\/strong> as a unique and distinct disability with its own specific challenges, barriers, and support and inclusion requirements<\/li><\/ol><p><strong>\u00a0<\/strong><\/p><ol start=\"2\"><li>Establish a <strong>system for information resources and continuous training on deafblindness for essential frontline workers<\/strong> (e.g., health, rehabilitation, education, social work, etc.) to understand how to identify, rehabilitate, educate, and support persons with deafblindness and how to adapt services as good practice models evolve<\/li><\/ol><p><strong>\u00a0<\/strong><\/p><ol start=\"3\"><li>Establish <strong>publicly funded live assistance<\/strong> for persons with deafblindness as an essential service, in particular trained <strong>teaching assistants<\/strong> in educational institutions and <strong>interpreter-guide\/Deafblind interpreting services<\/strong> for all persons with deafblindness that require it<\/li><\/ol><p><strong>\u00a0<\/strong><\/p><ol start=\"4\"><li>Provide <strong>funding for further research<\/strong> and data to support an evidence base of CRPD-compliant disability-specific and disability-mainstreamed services with the active participation of persons with deafblindness and their representative organisations.<\/li><\/ol><p>\u00a0<\/p><p>Persons with deafblindness are a broad and diverse group that require reasonable accommodations for individuals, accessibility standards as a group applied across all services and facilities, tailored deafblindness-specific services, as well as inclusion in mainstream services. These are the key factors for ensuring social inclusion, participation, independence, and autonomy.<\/p><p>\u00a0<\/p>\t\t\t\t\t\t<\/div>\n\t\t\t\t<\/div>\n\t\t\t\t<section class=\"elementor-section elementor-inner-section elementor-element elementor-element-7ba97ff elementor-section-boxed elementor-section-height-default elementor-section-height-default\" data-id=\"7ba97ff\" data-element_type=\"section\">\n\t\t\t\t\t\t<div class=\"elementor-container elementor-column-gap-default\">\n\t\t\t\t\t<div class=\"elementor-column elementor-col-33 elementor-inner-column elementor-element elementor-element-52c0f30\" data-id=\"52c0f30\" data-element_type=\"column\">\n\t\t\t<div class=\"elementor-widget-wrap elementor-element-populated\">\n\t\t\t\t\t\t\t\t<div class=\"elementor-element elementor-element-6d89039 elementor-align-center elementor-widget elementor-widget-button\" data-id=\"6d89039\" data-element_type=\"widget\" data-widget_type=\"button.default\">\n\t\t\t\t<div class=\"elementor-widget-container\">\n\t\t\t\t\t<div class=\"elementor-button-wrapper\">\n\t\t\t<a href=\"https:\/\/wfdb.eu\/wfdb-report-2022\/response-to-emergencies\/\" class=\"elementor-button-link elementor-button elementor-size-sm\" role=\"button\">\n\t\t\t\t\t\t<span class=\"elementor-button-content-wrapper\">\n\t\t\t\t\t\t<span class=\"elementor-button-text\">Return to response to emergencies<\/span>\n\t\t<\/span>\n\t\t\t\t\t<\/a>\n\t\t<\/div>\n\t\t\t\t<\/div>\n\t\t\t\t<\/div>\n\t\t\t\t\t<\/div>\n\t\t<\/div>\n\t\t\t\t<div class=\"elementor-column elementor-col-33 elementor-inner-column elementor-element elementor-element-a038340\" data-id=\"a038340\" data-element_type=\"column\">\n\t\t\t<div class=\"elementor-widget-wrap\">\n\t\t\t\t\t\t\t\t\t<\/div>\n\t\t<\/div>\n\t\t\t\t<div class=\"elementor-column elementor-col-33 elementor-inner-column elementor-element elementor-element-2217708\" data-id=\"2217708\" data-element_type=\"column\">\n\t\t\t<div class=\"elementor-widget-wrap elementor-element-populated\">\n\t\t\t\t\t\t\t\t<div class=\"elementor-element elementor-element-70f9778 elementor-align-center elementor-widget elementor-widget-button\" data-id=\"70f9778\" data-element_type=\"widget\" data-widget_type=\"button.default\">\n\t\t\t\t<div class=\"elementor-widget-container\">\n\t\t\t\t\t<div class=\"elementor-button-wrapper\">\n\t\t\t<a href=\"https:\/\/wfdb.eu\/wfdb-report-2022\/\" class=\"elementor-button-link elementor-button elementor-size-sm\" role=\"button\">\n\t\t\t\t\t\t<span class=\"elementor-button-content-wrapper\">\n\t\t\t\t\t\t<span class=\"elementor-button-text\">Return to the Global Report 2023 homepage<\/span>\n\t\t<\/span>\n\t\t\t\t\t<\/a>\n\t\t<\/div>\n\t\t\t\t<\/div>\n\t\t\t\t<\/div>\n\t\t\t\t\t<\/div>\n\t\t<\/div>\n\t\t\t\t\t\t\t<\/div>\n\t\t<\/section>\n\t\t\t\t<div class=\"elementor-element elementor-element-da22041 elementor-widget-divider--separator-type-pattern elementor-widget-divider--view-line elementor-widget elementor-widget-divider\" data-id=\"da22041\" data-element_type=\"widget\" data-widget_type=\"divider.default\">\n\t\t\t\t<div class=\"elementor-widget-container\">\n\t\t\t\t\t<div class=\"elementor-divider\" style=\"--divider-pattern-url: url(&quot;data:image\/svg+xml,%3Csvg xmlns=&#039;http:\/\/www.w3.org\/2000\/svg&#039; preserveAspectRatio=&#039;none&#039; overflow=&#039;visible&#039; height=&#039;100%&#039; viewBox=&#039;0 0 20 16&#039; fill=&#039;none&#039; stroke=&#039;black&#039; stroke-width=&#039;1&#039; stroke-linecap=&#039;square&#039; stroke-miterlimit=&#039;10&#039;%3E%3Cg transform=&#039;translate(-12.000000, 0)&#039;%3E%3Cpath d=&#039;M28,0L10,18&#039;\/%3E%3Cpath d=&#039;M18,0L0,18&#039;\/%3E%3Cpath d=&#039;M48,0L30,18&#039;\/%3E%3Cpath d=&#039;M38,0L20,18&#039;\/%3E%3C\/g%3E%3C\/svg%3E&quot;);\">\n\t\t\t<span class=\"elementor-divider-separator\">\n\t\t\t\t\t\t<\/span>\n\t\t<\/div>\n\t\t\t\t<\/div>\n\t\t\t\t<\/div>\n\t\t\t\t<div class=\"elementor-element elementor-element-d1f2281 elementor-widget elementor-widget-text-editor\" data-id=\"d1f2281\" data-element_type=\"widget\" data-widget_type=\"text-editor.default\">\n\t\t\t\t<div class=\"elementor-widget-container\">\n\t\t\t\t\t\t\t<p><a href=\"https:\/\/wfdb.eu\/?page_id=7428&amp;elementor-preview=7428&amp;ver=1679139483#_ednref1\" name=\"_edn1\"><sup>[i]<\/sup><\/a>\u00a0UNPRPD,\u00a0<em>The preconditions necessary to ensure disability inclusion across policies, services, and other interventions<\/em>,\u00a0<a href=\"https:\/\/unprpd.org\/sites\/default\/files\/library\/2020-08\/Annex%202%20UNPRPD%204th%20Funding%20Call%20Preconditions%20to%20disability%20inclusion%20ACC.pdf\">https:\/\/unprpd.org\/site\/default\/files\/library\/2020-08\/Annex%202%20UNPRPD%204th%20Funding%20Call%20Preconditions%20to%20disability%20inclusion%20ACC.pdf<\/a>, accessed May 2022, p. 4.<\/p>\t\t\t\t\t\t<\/div>\n\t\t\t\t<\/div>\n\t\t\t\t\t<\/div>\n\t\t<\/div>\n\t\t\t\t\t\t\t<\/div>\n\t\t<\/section>\n\t\t\t\t\t\t\t<\/div>\n\t\t","protected":false},"excerpt":{"rendered":"<p>Este informe de la situaci\u00f3n de las personas con sordoceguera busca dar comienzo a un di\u00e1logo entre las partes interesadas a nivel internacional y est\u00e1 basado en las investigaciones, combinando el mayor an\u00e1lisis basado en poblaci\u00f3n sobre personas con sordoceguera realizado hasta la fecha, revisi\u00f3n bibliogr\u00e1fica, y dos encuestas realizadas a miembros y asociados de WFDB y Sense Internacional. <\/p>\n","protected":false},"author":4,"featured_media":1890,"parent":7206,"menu_order":0,"comment_status":"closed","ping_status":"closed","template":"elementor_header_footer","meta":{"footnotes":""},"categories":[],"tags":[],"class_list":["post-7487","page","type-page","status-publish","has-post-thumbnail","hentry"],"jetpack_sharing_enabled":true,"_links":{"self":[{"href":"https:\/\/wfdb.eu\/wp-json\/wp\/v2\/pages\/7487","targetHints":{"allow":["GET"]}}],"collection":[{"href":"https:\/\/wfdb.eu\/wp-json\/wp\/v2\/pages"}],"about":[{"href":"https:\/\/wfdb.eu\/wp-json\/wp\/v2\/types\/page"}],"author":[{"embeddable":true,"href":"https:\/\/wfdb.eu\/wp-json\/wp\/v2\/users\/4"}],"replies":[{"embeddable":true,"href":"https:\/\/wfdb.eu\/wp-json\/wp\/v2\/comments?post=7487"}],"version-history":[{"count":4,"href":"https:\/\/wfdb.eu\/wp-json\/wp\/v2\/pages\/7487\/revisions"}],"predecessor-version":[{"id":7494,"href":"https:\/\/wfdb.eu\/wp-json\/wp\/v2\/pages\/7487\/revisions\/7494"}],"up":[{"embeddable":true,"href":"https:\/\/wfdb.eu\/wp-json\/wp\/v2\/pages\/7206"}],"wp:featuredmedia":[{"embeddable":true,"href":"https:\/\/wfdb.eu\/wp-json\/wp\/v2\/media\/1890"}],"wp:attachment":[{"href":"https:\/\/wfdb.eu\/wp-json\/wp\/v2\/media?parent=7487"}],"wp:term":[{"taxonomy":"category","embeddable":true,"href":"https:\/\/wfdb.eu\/wp-json\/wp\/v2\/categories?post=7487"},{"taxonomy":"post_tag","embeddable":true,"href":"https:\/\/wfdb.eu\/wp-json\/wp\/v2\/tags?post=7487"}],"curies":[{"name":"wp","href":"https:\/\/api.w.org\/{rel}","templated":true}]}}