{"id":7440,"date":"2023-03-18T12:55:46","date_gmt":"2023-03-18T11:55:46","guid":{"rendered":"https:\/\/wfdb.eu\/?page_id=7440"},"modified":"2023-03-27T17:05:19","modified_gmt":"2023-03-27T15:05:19","slug":"sexual-and-reproductive-health","status":"publish","type":"page","link":"https:\/\/wfdb.eu\/wfdb-report-2022\/sexual-and-reproductive-health\/","title":{"rendered":" Informe Global de la WFDB 2018"},"content":{"rendered":"\t\t<div data-elementor-type=\"wp-page\" data-elementor-id=\"7440\" class=\"elementor elementor-7440\">\n\t\t\t\t\t\t\t\t\t<section class=\"elementor-section elementor-top-section elementor-element elementor-element-d7eef04 elementor-section-height-min-height elementor-section-boxed elementor-section-height-default elementor-section-items-middle\" data-id=\"d7eef04\" data-element_type=\"section\" data-settings=\"{&quot;background_background&quot;:&quot;classic&quot;}\">\n\t\t\t\t\t\t<div class=\"elementor-container elementor-column-gap-default\">\n\t\t\t\t\t<div class=\"elementor-column elementor-col-100 elementor-top-column elementor-element elementor-element-1ff20a4\" data-id=\"1ff20a4\" data-element_type=\"column\">\n\t\t\t<div class=\"elementor-widget-wrap elementor-element-populated\">\n\t\t\t\t\t\t\t\t<div class=\"elementor-element elementor-element-2e23c52 elementor-widget elementor-widget-heading\" data-id=\"2e23c52\" data-element_type=\"widget\" data-widget_type=\"heading.default\">\n\t\t\t\t<div class=\"elementor-widget-container\">\n\t\t\t<h2 class=\"elementor-heading-title elementor-size-xxl\">Sexual and reproductive health<\/h2>\t\t<\/div>\n\t\t\t\t<\/div>\n\t\t\t\t\t<\/div>\n\t\t<\/div>\n\t\t\t\t\t\t\t<\/div>\n\t\t<\/section>\n\t\t\t\t<section class=\"elementor-section elementor-top-section elementor-element elementor-element-5d78a16 elementor-section-boxed elementor-section-height-default elementor-section-height-default\" data-id=\"5d78a16\" data-element_type=\"section\">\n\t\t\t\t\t\t<div class=\"elementor-container elementor-column-gap-default\">\n\t\t\t\t\t<div class=\"elementor-column elementor-col-33 elementor-top-column elementor-element elementor-element-597fa7a\" data-id=\"597fa7a\" data-element_type=\"column\">\n\t\t\t<div class=\"elementor-widget-wrap elementor-element-populated\">\n\t\t\t\t\t\t\t\t<div class=\"elementor-element elementor-element-ee309e2 elementor-toc--minimized-on-tablet elementor-widget elementor-widget-table-of-contents\" data-id=\"ee309e2\" data-element_type=\"widget\" data-settings=\"{&quot;headings_by_tags&quot;:[&quot;h3&quot;,&quot;h4&quot;,&quot;h5&quot;,&quot;h6&quot;],&quot;exclude_headings_by_selector&quot;:[],&quot;marker_view&quot;:&quot;bullets&quot;,&quot;icon&quot;:{&quot;value&quot;:&quot;fas fa-ellipsis-h&quot;,&quot;library&quot;:&quot;fa-solid&quot;},&quot;sticky&quot;:&quot;top&quot;,&quot;sticky_offset&quot;:125,&quot;sticky_parent&quot;:&quot;yes&quot;,&quot;minimize_box&quot;:&quot;yes&quot;,&quot;minimized_on&quot;:&quot;tablet&quot;,&quot;hierarchical_view&quot;:&quot;yes&quot;,&quot;min_height&quot;:{&quot;unit&quot;:&quot;px&quot;,&quot;size&quot;:&quot;&quot;,&quot;sizes&quot;:[]},&quot;min_height_tablet&quot;:{&quot;unit&quot;:&quot;px&quot;,&quot;size&quot;:&quot;&quot;,&quot;sizes&quot;:[]},&quot;min_height_mobile&quot;:{&quot;unit&quot;:&quot;px&quot;,&quot;size&quot;:&quot;&quot;,&quot;sizes&quot;:[]},&quot;sticky_on&quot;:[&quot;desktop&quot;,&quot;tablet&quot;,&quot;mobile&quot;],&quot;sticky_effects_offset&quot;:0}\" data-widget_type=\"table-of-contents.default\">\n\t\t\t\t<div class=\"elementor-widget-container\">\n\t\t\t\t\t<div class=\"elementor-toc__header\">\n\t\t\t<h4 class=\"elementor-toc__header-title\">\n\t\t\t\tPage Content\t\t\t<\/h4>\n\t\t\t\t\t\t\t<div class=\"elementor-toc__toggle-button elementor-toc__toggle-button--expand\"><i class=\"fas fa-chevron-down\"><\/i><\/div>\n\t\t\t\t<div class=\"elementor-toc__toggle-button elementor-toc__toggle-button--collapse\"><i class=\"fas fa-chevron-up\"><\/i><\/div>\n\t\t\t\t\t<\/div>\n\t\t<div class=\"elementor-toc__body\">\n\t\t\t<div class=\"elementor-toc__spinner-container\">\n\t\t\t\t<i class=\"elementor-toc__spinner eicon-animation-spin eicon-loading\" aria-hidden=\"true\"><\/i>\t\t\t<\/div>\n\t\t<\/div>\n\t\t\t\t<\/div>\n\t\t\t\t<\/div>\n\t\t\t\t\t<\/div>\n\t\t<\/div>\n\t\t\t\t<div class=\"elementor-column elementor-col-66 elementor-top-column elementor-element elementor-element-878f7ea\" data-id=\"878f7ea\" data-element_type=\"column\">\n\t\t\t<div class=\"elementor-widget-wrap elementor-element-populated\">\n\t\t\t\t\t\t\t\t<div class=\"elementor-element elementor-element-4e0c213 elementor-widget elementor-widget-text-editor\" data-id=\"4e0c213\" data-element_type=\"widget\" data-widget_type=\"text-editor.default\">\n\t\t\t\t<div class=\"elementor-widget-container\">\n\t\t\t\t\t\t\t<p class=\"MsoNormal\" style=\"margin: 0cm 4.75pt 0cm 0cm;\"><span lang=\"EN-GB\">An Example of Applying Good Practices<\/span><\/p><p class=\"MsoNormal\" style=\"margin: 0cm 4.75pt 0cm 0cm;\"><span lang=\"EN-GB\">\u00a0<\/span><\/p><p class=\"MsoNormal\" style=\"margin: 0cm 4.75pt 0cm 0cm;\"><span lang=\"EN-GB\">These good practices should be applied across different areas of health and may require further tailoring of interventions to ensure that persons with deafblindness are able to access services. For example, good practices in sexual and reproductive health (SRH) services for persons with deafblindness include: <\/span><\/p><p class=\"MsoNormal\" style=\"margin: 0cm 4.75pt 0cm 0cm;\"><span lang=\"EN-GB\">\u00a0<\/span><\/p><p class=\"MsoListParagraph\" style=\"mso-add-space: auto; text-indent: -18.0pt; mso-list: l0 level1 lfo1; margin: 0cm 4.75pt 0cm 18.0pt;\"><!-- [if !supportLists]--><span lang=\"EN-GB\">&#8211;<span style=\"font-variant-numeric: normal; font-variant-east-asian: normal; font-variant-alternates: normal; font-kerning: auto; font-optical-sizing: auto; font-feature-settings: normal; font-variation-settings: normal; font-stretch: normal; font-size: 7pt; line-height: normal; font-family: 'Times New Roman';\">\u00a0\u00a0\u00a0\u00a0\u00a0\u00a0 <\/span><\/span><!--[endif]--><span lang=\"EN-GB\">Training of health care workers on how to communicate with persons with deafblindness, including tips on communication methods, how to treat persons with deafblindness on an equal basis with others in SRH services, how to handle and respond to situations of abuse, prevention and awareness of fertility sterilisation, etc. SRH of persons with deafblindness should not exclude any SRH information available to the public, and steps should be taken to address the stigma that results in omitting persons from deafblindness from receiving full information on SRH<\/span><\/p><p class=\"MsoNormal\" style=\"margin: 0cm 4.75pt 0cm 0cm;\"><span lang=\"EN-GB\">\u00a0<\/span><\/p><p class=\"MsoListParagraph\" style=\"mso-add-space: auto; text-indent: -18.0pt; mso-list: l0 level1 lfo1; margin: 0cm 4.75pt 0cm 18.0pt;\"><!-- [if !supportLists]--><span lang=\"EN-GB\">&#8211;<span style=\"font-variant-numeric: normal; font-variant-east-asian: normal; font-variant-alternates: normal; font-kerning: auto; font-optical-sizing: auto; font-feature-settings: normal; font-variation-settings: normal; font-stretch: normal; font-size: 7pt; line-height: normal; font-family: 'Times New Roman';\">\u00a0\u00a0\u00a0\u00a0\u00a0\u00a0 <\/span><\/span><!--[endif]--><span lang=\"EN-GB\">Training of local government officials to raise awareness and ensure that persons with deafblindness are included in local level programmes<\/span><\/p><p class=\"MsoNormal\" style=\"margin: 0cm 4.75pt 0cm 0cm;\"><span lang=\"EN-GB\">\u00a0<\/span><\/p><p class=\"MsoListParagraph\" style=\"mso-add-space: auto; text-indent: -18.0pt; mso-list: l0 level1 lfo1; margin: 0cm 4.75pt 0cm 18.0pt;\"><!-- [if !supportLists]--><span lang=\"EN-GB\">&#8211;<span style=\"font-variant-numeric: normal; font-variant-east-asian: normal; font-variant-alternates: normal; font-kerning: auto; font-optical-sizing: auto; font-feature-settings: normal; font-variation-settings: normal; font-stretch: normal; font-size: 7pt; line-height: normal; font-family: 'Times New Roman';\">\u00a0\u00a0\u00a0\u00a0\u00a0\u00a0 <\/span><\/span><!--[endif]--><span lang=\"EN-GB\">Training of family members on how to support persons with deafblindness in their SRH decisions and coordination with families and teachers on a common understanding of SRH, especially where cultural barriers exist<\/span><\/p><p class=\"MsoNormal\" style=\"margin: 0cm 4.75pt 0cm 0cm;\"><span lang=\"EN-GB\">\u00a0<\/span><\/p><p class=\"MsoListParagraph\" style=\"mso-add-space: auto; text-indent: -18.0pt; mso-list: l0 level1 lfo1; margin: 0cm 4.75pt 0cm 18.0pt;\"><!-- [if !supportLists]--><span lang=\"EN-GB\">&#8211;<span style=\"font-variant-numeric: normal; font-variant-east-asian: normal; font-variant-alternates: normal; font-kerning: auto; font-optical-sizing: auto; font-feature-settings: normal; font-variation-settings: normal; font-stretch: normal; font-size: 7pt; line-height: normal; font-family: 'Times New Roman';\">\u00a0\u00a0\u00a0\u00a0\u00a0\u00a0 <\/span><\/span><!--[endif]--><span lang=\"EN-GB\">Integrating SRH education into education programmes at an early stage and improving and updating knowledge as children with deafblindness get older. Content should cover the full range of SRH issues, such as anatomy, menstruation, sex and sexual health, contraception, pregnancy, sexual health risks, safe access to SRH services, safeguarding, violence, abuse, and harmful traditional practices (e.g., forced marriage). Learning should be routine and repeated to reinforce the content , included in individualised learning plans, and adapted to meet the learning needs of each person, including the communication requirements of individuals. For example, use anatomically correct dolls with tactile information to help children with deafblindness understand the material<\/span><\/p><p class=\"MsoNormal\" style=\"margin: 0cm 4.75pt 0cm 0cm;\"><span lang=\"EN-GB\">\u00a0<\/span><\/p><p class=\"MsoListParagraph\" style=\"mso-add-space: auto; text-indent: -18.0pt; mso-list: l0 level1 lfo1; margin: 0cm 4.75pt 0cm 18.0pt;\"><!-- [if !supportLists]--><span lang=\"EN-GB\">&#8211;<span style=\"font-variant-numeric: normal; font-variant-east-asian: normal; font-variant-alternates: normal; font-kerning: auto; font-optical-sizing: auto; font-feature-settings: normal; font-variation-settings: normal; font-stretch: normal; font-size: 7pt; line-height: normal; font-family: 'Times New Roman';\">\u00a0\u00a0\u00a0\u00a0\u00a0\u00a0 <\/span><\/span><!--[endif]--><span lang=\"EN-GB\">Putting persons with deafblindness at the heart of all actions and decisions about their SRH needs<\/span><\/p><p class=\"MsoNormal\" style=\"margin: 0cm 4.75pt 0cm 0cm;\"><span lang=\"EN-GB\">\u00a0<\/span><\/p><p class=\"MsoListParagraph\" style=\"mso-add-space: auto; text-indent: -18.0pt; mso-list: l0 level1 lfo1; margin: 0cm 4.75pt 0cm 18.0pt;\"><!-- [if !supportLists]--><span lang=\"EN-GB\">&#8211;<span style=\"font-variant-numeric: normal; font-variant-east-asian: normal; font-variant-alternates: normal; font-kerning: auto; font-optical-sizing: auto; font-feature-settings: normal; font-variation-settings: normal; font-stretch: normal; font-size: 7pt; line-height: normal; font-family: 'Times New Roman';\">\u00a0\u00a0\u00a0\u00a0\u00a0\u00a0 <\/span><\/span><!--[endif]--><span lang=\"EN-GB\">Financial support on livelihoods, as resolving economic issues are essential for well-being and helps with financial independence, especially if abuse is in the family or community<\/span><\/p><p class=\"MsoNormal\" style=\"margin: 0cm 4.75pt 0cm 0cm;\"><span lang=\"EN-GB\">\u00a0<\/span><\/p><p class=\"MsoListParagraph\" style=\"mso-add-space: auto; text-indent: -18.0pt; mso-list: l0 level1 lfo1; margin: 0cm 4.75pt 0cm 18.0pt;\"><!-- [if !supportLists]--><span lang=\"EN-GB\">&#8211;<span style=\"font-variant-numeric: normal; font-variant-east-asian: normal; font-variant-alternates: normal; font-kerning: auto; font-optical-sizing: auto; font-feature-settings: normal; font-variation-settings: normal; font-stretch: normal; font-size: 7pt; line-height: normal; font-family: 'Times New Roman';\">\u00a0\u00a0\u00a0\u00a0\u00a0\u00a0 <\/span><\/span><!--[endif]--><span lang=\"EN-GB\">Media outreach to raise awareness in the community so that key factors linked to SRH are identified (e.g., safe access to water, mobility and getting around safely) and access to communication and orientation support<\/span><a title=\"\" href=\"file:\/\/\/C:\/Users\/moser_phi\/Desktop\/GLOBAL%20REPORT\/ENGLISH\/PLAIN%20TEXT\/ENG_PLAIN_TEXT_WFDB%202nd%20Global%20Report_%20FINAL-V6.docx#_edn1\" name=\"_ednref1\"><sup><span lang=\"EN-GB\"><!-- [if !supportFootnotes]--><sup><span lang=\"EN-GB\" style=\"font-size: 12.0pt; font-family: 'Arial',sans-serif; mso-fareast-font-family: Calibri; mso-bidi-font-family: Calibri; mso-ansi-language: EN-GB; mso-fareast-language: ES; mso-bidi-language: AR-SA;\">[i]<\/span><\/sup><!--[endif]--><\/span><\/sup><\/a><span lang=\"EN-GB\">.<\/span><\/p><p>\u00a0<\/p><div><!-- [if !supportEndnotes]--><br clear=\"all\" \/><hr align=\"left\" size=\"1\" width=\"33%\" \/><!--[endif]--><div id=\"edn1\"><p class=\"MsoNormal\" style=\"border: none; mso-padding-alt: 31.0pt 31.0pt 31.0pt 31.0pt; mso-border-shadow: yes;\"><a title=\"\" href=\"file:\/\/\/C:\/Users\/moser_phi\/Desktop\/GLOBAL%20REPORT\/ENGLISH\/PLAIN%20TEXT\/ENG_PLAIN_TEXT_WFDB%202nd%20Global%20Report_%20FINAL-V6.docx#_ednref1\" name=\"_edn1\"><sup><span lang=\"EN-GB\"><!-- [if !supportFootnotes]--><sup><span lang=\"EN-GB\" style=\"font-size: 12.0pt; font-family: 'Arial',sans-serif; mso-fareast-font-family: Calibri; mso-bidi-font-family: Calibri; mso-ansi-language: EN-GB; mso-fareast-language: ES; mso-bidi-language: AR-SA;\">[i]<\/span><\/sup><!--[endif]--><\/span><\/sup><\/a><span lang=\"EN-GB\" style=\"font-size: 10.0pt; color: black;\"> Handicap International, <i>Good Practice documentation: VIHEMA, Malawi<\/i>, December 2017, p. 6-7; Steele, Isabel. <i>Time to Talk: Addressing the challenges of delivering sexual and reproductive health education to young people with deafblindness<\/i>, November 2018, p. 3-7; World Health Organisation, <i>Adolescent sexual and reproductive health and rights<\/i>, <\/span><span lang=\"EN-GB\"><a href=\"https:\/\/www.who.int\/teams\/sexual-and-reproductive-health-and-research-(srh)\/areas-of-work\/adolescent-and-sexual-and-reproductive-health-and-rights\"><span style=\"font-size: 10.0pt; color: #235d6c;\">https:\/\/www.who.int\/teams\/sexual-and-reproductive-health-and-research-(srh)\/areas-of-work\/adolescent-and-sexual-and-reproductive-health-and-rights<\/span><\/a><\/span><span lang=\"EN-GB\" style=\"font-size: 10.0pt; color: black;\">, accessed Jun 2022.<\/span><\/p><\/div><\/div>\t\t\t\t\t\t<\/div>\n\t\t\t\t<\/div>\n\t\t\t\t<div class=\"elementor-element elementor-element-5027090 elementor-widget-divider--separator-type-pattern elementor-widget-divider--view-line elementor-widget elementor-widget-divider\" data-id=\"5027090\" data-element_type=\"widget\" data-widget_type=\"divider.default\">\n\t\t\t\t<div class=\"elementor-widget-container\">\n\t\t\t\t\t<div class=\"elementor-divider\" style=\"--divider-pattern-url: url(&quot;data:image\/svg+xml,%3Csvg xmlns=&#039;http:\/\/www.w3.org\/2000\/svg&#039; preserveAspectRatio=&#039;none&#039; overflow=&#039;visible&#039; height=&#039;100%&#039; viewBox=&#039;0 0 20 16&#039; fill=&#039;none&#039; stroke=&#039;black&#039; stroke-width=&#039;1&#039; stroke-linecap=&#039;square&#039; stroke-miterlimit=&#039;10&#039;%3E%3Cg transform=&#039;translate(-12.000000, 0)&#039;%3E%3Cpath d=&#039;M28,0L10,18&#039;\/%3E%3Cpath d=&#039;M18,0L0,18&#039;\/%3E%3Cpath d=&#039;M48,0L30,18&#039;\/%3E%3Cpath d=&#039;M38,0L20,18&#039;\/%3E%3C\/g%3E%3C\/svg%3E&quot;);\">\n\t\t\t<span class=\"elementor-divider-separator\">\n\t\t\t\t\t\t<\/span>\n\t\t<\/div>\n\t\t\t\t<\/div>\n\t\t\t\t<\/div>\n\t\t\t\t\t<\/div>\n\t\t<\/div>\n\t\t\t\t\t\t\t<\/div>\n\t\t<\/section>\n\t\t\t\t<section class=\"elementor-section elementor-top-section elementor-element elementor-element-b01c6c5 elementor-section-boxed elementor-section-height-default elementor-section-height-default\" data-id=\"b01c6c5\" data-element_type=\"section\">\n\t\t\t\t\t\t<div class=\"elementor-container elementor-column-gap-default\">\n\t\t\t\t\t<div class=\"elementor-column elementor-col-33 elementor-top-column elementor-element elementor-element-399093b\" data-id=\"399093b\" data-element_type=\"column\">\n\t\t\t<div class=\"elementor-widget-wrap\">\n\t\t\t\t\t\t\t\t\t<\/div>\n\t\t<\/div>\n\t\t\t\t<div class=\"elementor-column elementor-col-33 elementor-top-column elementor-element elementor-element-62fe4b9\" data-id=\"62fe4b9\" data-element_type=\"column\">\n\t\t\t<div class=\"elementor-widget-wrap elementor-element-populated\">\n\t\t\t\t\t\t\t\t<div class=\"elementor-element elementor-element-c10543e elementor-align-left elementor-widget elementor-widget-button\" data-id=\"c10543e\" data-element_type=\"widget\" data-widget_type=\"button.default\">\n\t\t\t\t<div class=\"elementor-widget-container\">\n\t\t\t\t\t<div class=\"elementor-button-wrapper\">\n\t\t\t<a href=\"https:\/\/wfdb.eu\/wfdb-report-2022\/health\/\" class=\"elementor-button-link elementor-button elementor-size-sm\" role=\"button\">\n\t\t\t\t\t\t<span class=\"elementor-button-content-wrapper\">\n\t\t\t\t\t\t<span class=\"elementor-button-text\">Return to health<\/span>\n\t\t<\/span>\n\t\t\t\t\t<\/a>\n\t\t<\/div>\n\t\t\t\t<\/div>\n\t\t\t\t<\/div>\n\t\t\t\t\t<\/div>\n\t\t<\/div>\n\t\t\t\t<div class=\"elementor-column elementor-col-33 elementor-top-column elementor-element elementor-element-52a179d\" data-id=\"52a179d\" data-element_type=\"column\">\n\t\t\t<div class=\"elementor-widget-wrap elementor-element-populated\">\n\t\t\t\t\t\t\t\t<div class=\"elementor-element elementor-element-0ecd187 elementor-align-right elementor-widget elementor-widget-button\" data-id=\"0ecd187\" data-element_type=\"widget\" data-widget_type=\"button.default\">\n\t\t\t\t<div class=\"elementor-widget-container\">\n\t\t\t\t\t<div class=\"elementor-button-wrapper\">\n\t\t\t<a href=\"https:\/\/wfdb.eu\/wfdb-report-2022\/india\/\" class=\"elementor-button-link elementor-button elementor-size-sm\" role=\"button\">\n\t\t\t\t\t\t<span class=\"elementor-button-content-wrapper\">\n\t\t\t\t\t\t<span class=\"elementor-button-text\">Continue to the next chapter<\/span>\n\t\t<\/span>\n\t\t\t\t\t<\/a>\n\t\t<\/div>\n\t\t\t\t<\/div>\n\t\t\t\t<\/div>\n\t\t\t\t\t<\/div>\n\t\t<\/div>\n\t\t\t\t\t\t\t<\/div>\n\t\t<\/section>\n\t\t\t\t\t\t\t<\/div>\n\t\t","protected":false},"excerpt":{"rendered":"<p>Este informe de la situaci\u00f3n de las personas con sordoceguera busca dar comienzo a un di\u00e1logo entre las partes interesadas a nivel internacional y est\u00e1 basado en las investigaciones, combinando el mayor an\u00e1lisis basado en poblaci\u00f3n sobre personas con sordoceguera realizado hasta la fecha, revisi\u00f3n bibliogr\u00e1fica, y dos encuestas realizadas a miembros y asociados de WFDB y Sense Internacional. <\/p>\n","protected":false},"author":4,"featured_media":1890,"parent":7206,"menu_order":0,"comment_status":"closed","ping_status":"closed","template":"elementor_header_footer","meta":{"footnotes":""},"categories":[],"tags":[],"class_list":["post-7440","page","type-page","status-publish","has-post-thumbnail","hentry"],"jetpack_sharing_enabled":true,"_links":{"self":[{"href":"https:\/\/wfdb.eu\/wp-json\/wp\/v2\/pages\/7440","targetHints":{"allow":["GET"]}}],"collection":[{"href":"https:\/\/wfdb.eu\/wp-json\/wp\/v2\/pages"}],"about":[{"href":"https:\/\/wfdb.eu\/wp-json\/wp\/v2\/types\/page"}],"author":[{"embeddable":true,"href":"https:\/\/wfdb.eu\/wp-json\/wp\/v2\/users\/4"}],"replies":[{"embeddable":true,"href":"https:\/\/wfdb.eu\/wp-json\/wp\/v2\/comments?post=7440"}],"version-history":[{"count":7,"href":"https:\/\/wfdb.eu\/wp-json\/wp\/v2\/pages\/7440\/revisions"}],"predecessor-version":[{"id":7605,"href":"https:\/\/wfdb.eu\/wp-json\/wp\/v2\/pages\/7440\/revisions\/7605"}],"up":[{"embeddable":true,"href":"https:\/\/wfdb.eu\/wp-json\/wp\/v2\/pages\/7206"}],"wp:featuredmedia":[{"embeddable":true,"href":"https:\/\/wfdb.eu\/wp-json\/wp\/v2\/media\/1890"}],"wp:attachment":[{"href":"https:\/\/wfdb.eu\/wp-json\/wp\/v2\/media?parent=7440"}],"wp:term":[{"taxonomy":"category","embeddable":true,"href":"https:\/\/wfdb.eu\/wp-json\/wp\/v2\/categories?post=7440"},{"taxonomy":"post_tag","embeddable":true,"href":"https:\/\/wfdb.eu\/wp-json\/wp\/v2\/tags?post=7440"}],"curies":[{"name":"wp","href":"https:\/\/api.w.org\/{rel}","templated":true}]}}