{"id":7377,"date":"2023-03-17T18:16:20","date_gmt":"2023-03-17T17:16:20","guid":{"rendered":"https:\/\/wfdb.eu\/?page_id=7377"},"modified":"2023-03-21T10:39:04","modified_gmt":"2023-03-21T09:39:04","slug":"data-collection","status":"publish","type":"page","link":"https:\/\/wfdb.eu\/wfdb-report-2022\/data-collection\/","title":{"rendered":" Informe Global de la WFDB 2018"},"content":{"rendered":"\t\t<div data-elementor-type=\"wp-page\" data-elementor-id=\"7377\" class=\"elementor elementor-7377\">\n\t\t\t\t\t\t\t\t\t<section class=\"elementor-section elementor-top-section elementor-element elementor-element-d7eef04 elementor-section-height-min-height elementor-section-boxed elementor-section-height-default elementor-section-items-middle\" data-id=\"d7eef04\" data-element_type=\"section\" data-settings=\"{&quot;background_background&quot;:&quot;classic&quot;}\">\n\t\t\t\t\t\t<div class=\"elementor-container elementor-column-gap-default\">\n\t\t\t\t\t<div class=\"elementor-column elementor-col-100 elementor-top-column elementor-element elementor-element-1ff20a4\" data-id=\"1ff20a4\" data-element_type=\"column\">\n\t\t\t<div class=\"elementor-widget-wrap elementor-element-populated\">\n\t\t\t\t\t\t\t\t<div class=\"elementor-element elementor-element-2e23c52 elementor-widget elementor-widget-heading\" data-id=\"2e23c52\" data-element_type=\"widget\" data-widget_type=\"heading.default\">\n\t\t\t\t<div class=\"elementor-widget-container\">\n\t\t\t<h2 class=\"elementor-heading-title elementor-size-xxl\">Data Collection and\nResearch<\/h2>\t\t<\/div>\n\t\t\t\t<\/div>\n\t\t\t\t\t<\/div>\n\t\t<\/div>\n\t\t\t\t\t\t\t<\/div>\n\t\t<\/section>\n\t\t\t\t<section class=\"elementor-section elementor-top-section elementor-element elementor-element-5d78a16 elementor-section-boxed elementor-section-height-default elementor-section-height-default\" data-id=\"5d78a16\" data-element_type=\"section\">\n\t\t\t\t\t\t<div class=\"elementor-container elementor-column-gap-default\">\n\t\t\t\t\t<div class=\"elementor-column elementor-col-33 elementor-top-column elementor-element elementor-element-597fa7a\" data-id=\"597fa7a\" data-element_type=\"column\">\n\t\t\t<div class=\"elementor-widget-wrap elementor-element-populated\">\n\t\t\t\t\t\t\t\t<div class=\"elementor-element elementor-element-ee309e2 elementor-toc--minimized-on-tablet elementor-widget elementor-widget-table-of-contents\" data-id=\"ee309e2\" data-element_type=\"widget\" data-settings=\"{&quot;headings_by_tags&quot;:[&quot;h3&quot;,&quot;h4&quot;,&quot;h5&quot;,&quot;h6&quot;],&quot;exclude_headings_by_selector&quot;:[],&quot;marker_view&quot;:&quot;bullets&quot;,&quot;icon&quot;:{&quot;value&quot;:&quot;fas fa-ellipsis-h&quot;,&quot;library&quot;:&quot;fa-solid&quot;},&quot;sticky&quot;:&quot;top&quot;,&quot;sticky_offset&quot;:125,&quot;sticky_parent&quot;:&quot;yes&quot;,&quot;minimize_box&quot;:&quot;yes&quot;,&quot;minimized_on&quot;:&quot;tablet&quot;,&quot;hierarchical_view&quot;:&quot;yes&quot;,&quot;min_height&quot;:{&quot;unit&quot;:&quot;px&quot;,&quot;size&quot;:&quot;&quot;,&quot;sizes&quot;:[]},&quot;min_height_tablet&quot;:{&quot;unit&quot;:&quot;px&quot;,&quot;size&quot;:&quot;&quot;,&quot;sizes&quot;:[]},&quot;min_height_mobile&quot;:{&quot;unit&quot;:&quot;px&quot;,&quot;size&quot;:&quot;&quot;,&quot;sizes&quot;:[]},&quot;sticky_on&quot;:[&quot;desktop&quot;,&quot;tablet&quot;,&quot;mobile&quot;],&quot;sticky_effects_offset&quot;:0}\" data-widget_type=\"table-of-contents.default\">\n\t\t\t\t<div class=\"elementor-widget-container\">\n\t\t\t\t\t<div class=\"elementor-toc__header\">\n\t\t\t<h4 class=\"elementor-toc__header-title\">\n\t\t\t\tPage Content\t\t\t<\/h4>\n\t\t\t\t\t\t\t<div class=\"elementor-toc__toggle-button elementor-toc__toggle-button--expand\"><i class=\"fas fa-chevron-down\"><\/i><\/div>\n\t\t\t\t<div class=\"elementor-toc__toggle-button elementor-toc__toggle-button--collapse\"><i class=\"fas fa-chevron-up\"><\/i><\/div>\n\t\t\t\t\t<\/div>\n\t\t<div class=\"elementor-toc__body\">\n\t\t\t<div class=\"elementor-toc__spinner-container\">\n\t\t\t\t<i class=\"elementor-toc__spinner eicon-animation-spin eicon-loading\" aria-hidden=\"true\"><\/i>\t\t\t<\/div>\n\t\t<\/div>\n\t\t\t\t<\/div>\n\t\t\t\t<\/div>\n\t\t\t\t\t<\/div>\n\t\t<\/div>\n\t\t\t\t<div class=\"elementor-column elementor-col-66 elementor-top-column elementor-element elementor-element-878f7ea\" data-id=\"878f7ea\" data-element_type=\"column\">\n\t\t\t<div class=\"elementor-widget-wrap elementor-element-populated\">\n\t\t\t\t\t\t\t\t<div class=\"elementor-element elementor-element-4e0c213 elementor-widget elementor-widget-text-editor\" data-id=\"4e0c213\" data-element_type=\"widget\" data-widget_type=\"text-editor.default\">\n\t\t\t\t<div class=\"elementor-widget-container\">\n\t\t\t\t\t\t\t<p>The lack of legal recognition of deafblindness by States as well as other international, national, and sub-national actors, leads to the invisibility of persons with deafblindness in statistics, research, policies, programmes, and mainstream services for the general population and disability-specific services<a href=\"#_edn1\" name=\"_ednref1\"><sup>[i]<\/sup><\/a>. Data and research on persons with deafblindness help decision makers to pay attention to the specific supports required by persons with deafblindness and inform planning and budgeting processes.<\/p><p>\u00a0<\/p><p>Based on WFDB\u2019s experience of preparing the first and second global reports on the situation of persons with deafblindness, there is still a need for more and better-quality data on the situation of persons with deafblindness. For example, many studies on deafblindness are very small scale and do not necessarily reflect the experiences of persons with deafblindness at a national level. Further, many different definitions or measurement tools have been used for identifying persons with deafblindness, which can make it difficult to compare findings across time and place. Similarly, national surveys have often used tools for measuring disability that do not allow for the identification of persons with deafblindness (e.g., based on categories of impairments where deafblindness is not an option). Even when surveys do include tools, like the Washington Group Questions, analyses may not be disaggregated to include deafblindness as a unique category of disability. Many surveys may also not have sufficient sample sizes to explore many outcomes amongst persons with deafblindness, particularly children with deafblindness.<\/p><p>\u00a0<\/p><p>In addition, persons with deafblindness are a diverse group, which can create challenges when trying to classify or quantify the group<a href=\"#_edn2\" name=\"_ednref2\"><sup>[ii]<\/sup><\/a>. Not having deafblindness as a distinct disability or choice in surveys means that persons with deafblindness often must choose between deaf or blind options on surveys, which skews the data.<\/p><p>\u00a0<\/p><p>Deafblindness can even be neglected within disability-specific research. This is because persons with deafblindness are often left out of wider research on persons with disabilities and because of a lack of funding and\/or links with research institutes. Smaller groups, like persons with deafblindness, are often deprioritised due to their numbers. However, because deafblindness is a low-incidence, high support needs disability, there is a very limited understanding of the requirements of persons with deafblindness and, therefore; a high demand for evidence and information on what works for persons with deafblindness.<\/p><p><a href=\"#_ednref1\" name=\"_edn1\"><sup>[i]<\/sup><\/a> World Federation of the Deafblind, <em>At risk of exclusion from CRPD and SDG implementation: Inequality and Persons with Deafblindness<\/em>, <a href=\"https:\/\/wfdb.eu\/wfdb-report-2018\/\">https:\/\/wfdb.eu\/wfdb-report-2018\/<\/a>, September 2018, p. 8.<\/p><p><a href=\"#_ednref2\" name=\"_edn2\"><sup>[ii]<\/sup><\/a> Damen, Saskia, \u201cThe challenge of identifying deafblindness\u201d, <em>British Journal of Visual Impairment<\/em>, 2019, Vol. 37(2) 77-80; National Centre on Combined Vision and hearing Impairment \/ Deafblindness, <em>Eikholt Annual Report<\/em>, October 2021, p. 6.<\/p>\t\t\t\t\t\t<\/div>\n\t\t\t\t<\/div>\n\t\t\t\t<div class=\"elementor-element elementor-element-5027090 elementor-widget-divider--separator-type-pattern elementor-widget-divider--view-line elementor-widget elementor-widget-divider\" data-id=\"5027090\" data-element_type=\"widget\" data-widget_type=\"divider.default\">\n\t\t\t\t<div class=\"elementor-widget-container\">\n\t\t\t\t\t<div class=\"elementor-divider\" style=\"--divider-pattern-url: url(&quot;data:image\/svg+xml,%3Csvg xmlns=&#039;http:\/\/www.w3.org\/2000\/svg&#039; preserveAspectRatio=&#039;none&#039; overflow=&#039;visible&#039; height=&#039;100%&#039; viewBox=&#039;0 0 20 16&#039; fill=&#039;none&#039; stroke=&#039;black&#039; stroke-width=&#039;1&#039; stroke-linecap=&#039;square&#039; stroke-miterlimit=&#039;10&#039;%3E%3Cg transform=&#039;translate(-12.000000, 0)&#039;%3E%3Cpath d=&#039;M28,0L10,18&#039;\/%3E%3Cpath d=&#039;M18,0L0,18&#039;\/%3E%3Cpath d=&#039;M48,0L30,18&#039;\/%3E%3Cpath d=&#039;M38,0L20,18&#039;\/%3E%3C\/g%3E%3C\/svg%3E&quot;);\">\n\t\t\t<span class=\"elementor-divider-separator\">\n\t\t\t\t\t\t<\/span>\n\t\t<\/div>\n\t\t\t\t<\/div>\n\t\t\t\t<\/div>\n\t\t\t\t<div class=\"elementor-element elementor-element-a109536 elementor-widget elementor-widget-heading\" data-id=\"a109536\" data-element_type=\"widget\" data-widget_type=\"heading.default\">\n\t\t\t\t<div class=\"elementor-widget-container\">\n\t\t\t<h5 class=\"elementor-heading-title elementor-size-default\">Good Practices<\/h5>\t\t<\/div>\n\t\t\t\t<\/div>\n\t\t\t\t<div class=\"elementor-element elementor-element-e043843 elementor-widget elementor-widget-text-editor\" data-id=\"e043843\" data-element_type=\"widget\" data-widget_type=\"text-editor.default\">\n\t\t\t\t<div class=\"elementor-widget-container\">\n\t\t\t\t\t\t\t<p>Greater international cooperation is needed to formulate an international research agenda, bringing persons with deafblindness and researchers together<a href=\"#_edn1\" name=\"_ednref1\"><sup>[i]<\/sup><\/a>. In addition, persons with deafblindness can contribute to research in a variety of ways, including:<\/p><p><strong>\u00a0<\/strong><\/p><ul><li>Identifying research topic priorities<\/li><li>Providing advice during the commissioning or tendering process<\/li><li>Advising on the study design, study tools and analysis plans for the research, including research questions and questions to include in surveys<\/li><li>Taking part in the research, as subjects. Persons with deafblindness should directly participate with the support of interpreter-guides\/Deafblind interpreters rather than asking questions to family members or other proxies as much as possible<\/li><li>Taking part in data collection as members of the research team<\/li><li>Analysing results or contributing to analysis plans<\/li><li>Developing conclusions or recommendations<\/li><li>Disseminating results<a href=\"#_edn2\" name=\"_ednref2\"><sup>[ii]<\/sup><\/a>.<\/li><\/ul><p>\u00a0<\/p><p>Persons with deafblindness will require communication support, such as interpreter-guides\/Deafblind interpreters, and other accessibility requirements and reasonable accommodations to participate in research activities and may require training, depending on their roles and experience.<\/p><p>\u00a0<\/p><p>Large surveys, such as national censuses, should include the Washington Group Questions, to support disaggregation by disability and increase the visibility of persons with disabilities in data, including persons with deafblindness. WFDB in partnership with ICED has established a method for identifying the number of persons with deafblindness in survey data that uses the Washington Group Questions, which are outlined in detail in the chapter on Prevalence.<\/p><p>\u00a0<\/p><p>However, it is important to note that many mainstream surveys may not have sufficient sample sizes to explore the experience of persons with deafblindness in detail, particularly children with deafblindness. For example, it was not possible to explore outcomes such as access to health and education in children at a national level using the MICS data, as most countries identified fewer than 10 children with deafblindness and some countries did not identify any children with deafblindness.<\/p><p>\u00a0<\/p><p>Censuses, which attempt to gather information from all people in a population, are most likely to have sufficiently large sample sizes to measure outcomes amongst persons with deafblindness, however, they are conducted infrequently (typically every 10 years). Additional data collection on the situation of persons with deafblindness may be needed to complement these mainstream surveys.<\/p><p>\u00a0<\/p><p>Additionally, mainstream surveys need to be accessible and inclusive in their design so that the experiences of persons with deafblindness can be accurately collected. For example, in the MICS, literacy and numeracy are determined through children performing a task that is based on written materials (e.g., reading out a sentence for literacy or performing mathematical calculations described in the text) and oral instructions. Since these tasks are not provided in accessible formats (e.g., Braille, instructions delivered with tactile signing, etc.), it does not provide a true picture of the literacy and numeracy of children with deafblindness. Training of data collectors and the provision of supports (e.g., Braille, sign language) are needed during data collection.<\/p><p>\u00a0<\/p><p>Most importantly, there needs to be research and evidence that specifically focuses on and prioritised by persons with deafblindness (i.e., globally available evidence on the effectiveness of models and\/or services that maximise independence and autonomy and improve the quality of life of persons with deafblindness)<a href=\"#_edn3\" name=\"_ednref3\"><sup>[iii]<\/sup><\/a>.<\/p><p>\u00a0<\/p><p>This research needs to align with the CRPD and reflect the latest understanding of deafblindness. Key research priorities include the continuous assessment and revision of interpreter-guide\/Deafblind interpreting services, assistive devices and technologies, and good practices on what works for persons with deafblindness in both disability-specific and mainstream services.<\/p><p><a href=\"#_ednref1\" name=\"_edn1\"><sup>[i]<\/sup><\/a> Damen, Saskia, \u201cThe challenge of identifying deafblindness\u201d, <em>British Journal of Visual Impairment<\/em>, 2019, Vol. 37(2) 77-80.<\/p><p><a href=\"#_ednref2\" name=\"_edn2\"><sup>[ii]<\/sup><\/a> SUITCEYES, Best Practice Recommendations for Engaging Deafblind Participants in Research, <a href=\"https:\/\/suitceyes.eu\/wp-content\/uploads\/2020\/12\/D8_D2.3-Best-practice-recommendations-for-engaging-deafblind-participants-in-research.pdf\">https:\/\/suitceyes.eu\/wp-content\/uploads\/2020\/12\/D8_D2.3-Best-practice-recommendations-for-engaging-deafblind-participants-in-research.pdf<\/a>, accessed May 2022, p. 7.<\/p><p><a href=\"#_ednref3\" name=\"_edn3\"><sup>[iii]<\/sup><\/a> Jaiswal, Atul. Deafblind Ontario Services, <em>Stakeholder Consultation Project<\/em>, August 2019, p. 28.<\/p>\t\t\t\t\t\t<\/div>\n\t\t\t\t<\/div>\n\t\t\t\t<div class=\"elementor-element elementor-element-da22041 elementor-widget-divider--separator-type-pattern elementor-widget-divider--view-line elementor-widget elementor-widget-divider\" data-id=\"da22041\" data-element_type=\"widget\" data-widget_type=\"divider.default\">\n\t\t\t\t<div class=\"elementor-widget-container\">\n\t\t\t\t\t<div class=\"elementor-divider\" style=\"--divider-pattern-url: url(&quot;data:image\/svg+xml,%3Csvg xmlns=&#039;http:\/\/www.w3.org\/2000\/svg&#039; preserveAspectRatio=&#039;none&#039; overflow=&#039;visible&#039; height=&#039;100%&#039; viewBox=&#039;0 0 20 16&#039; fill=&#039;none&#039; stroke=&#039;black&#039; stroke-width=&#039;1&#039; stroke-linecap=&#039;square&#039; stroke-miterlimit=&#039;10&#039;%3E%3Cg transform=&#039;translate(-12.000000, 0)&#039;%3E%3Cpath d=&#039;M28,0L10,18&#039;\/%3E%3Cpath d=&#039;M18,0L0,18&#039;\/%3E%3Cpath d=&#039;M48,0L30,18&#039;\/%3E%3Cpath d=&#039;M38,0L20,18&#039;\/%3E%3C\/g%3E%3C\/svg%3E&quot;);\">\n\t\t\t<span class=\"elementor-divider-separator\">\n\t\t\t\t\t\t<\/span>\n\t\t<\/div>\n\t\t\t\t<\/div>\n\t\t\t\t<\/div>\n\t\t\t\t<div class=\"elementor-element elementor-element-e405079 elementor-widget elementor-widget-heading\" data-id=\"e405079\" data-element_type=\"widget\" data-widget_type=\"heading.default\">\n\t\t\t\t<div class=\"elementor-widget-container\">\n\t\t\t<h5 class=\"elementor-heading-title elementor-size-default\">Recommendations<\/h5>\t\t<\/div>\n\t\t\t\t<\/div>\n\t\t\t\t<div class=\"elementor-element elementor-element-faba1a1 elementor-widget elementor-widget-text-editor\" data-id=\"faba1a1\" data-element_type=\"widget\" data-widget_type=\"text-editor.default\">\n\t\t\t\t<div class=\"elementor-widget-container\">\n\t\t\t\t\t\t\t<p><strong>Governments<\/strong><\/p><ul><li><strong>\u00a0<\/strong>Support research on good practices for services and social inclusion of persons with deafblindness, ensuring their participation in the focus of the research<\/li><li>Support the development of research on the models and\/or services that maximise independence and autonomy of persons with deafblindness to inform service provision. As research and evidence emerges, ensure that policies and programmes align with the latest findings<\/li><\/ul><p>\u00a0<\/p><p><strong>OPDs and NGOs<\/strong><\/p><ul><li><strong>\u00a0<\/strong>Include persons with deafblindness in research initiatives at all levels and data collection advocacy<\/li><li>Support direct participation of persons with deafblindness in the monitoring and evaluation of programmes<\/li><\/ul><p>\u00a0<\/p><p><strong>Donors and Research Institutes<\/strong><\/p><ul><li><strong>\u00a0<\/strong>Invest in research to better support an evidence-base for disability-specific and disability- mainstreamed services for persons with deafblindness, including on the provision of interpreter-guide\/Deafblind interpreting services<\/li><li>Encourage international cooperation to develop a global research agenda on persons with deafblindness, working with OPDs of persons with deafblindness to set the agenda<\/li><li>Invite OPDs of persons with deafblindness to academic and research conferences and earmark time to discuss and evaluate the gaps in research for persons with deafblindness<\/li><li>Actively include persons with deafblindness and their OPDs in research activities, from study design to data collection and dissemination and use inclusive data collection methods whereby they can share their own experiences directly (rather than as a default through a proxy, such as family members) as much as possible.<\/li><\/ul>\t\t\t\t\t\t<\/div>\n\t\t\t\t<\/div>\n\t\t\t\t\t<\/div>\n\t\t<\/div>\n\t\t\t\t\t\t\t<\/div>\n\t\t<\/section>\n\t\t\t\t<section class=\"elementor-section elementor-top-section elementor-element elementor-element-b01c6c5 elementor-section-boxed elementor-section-height-default elementor-section-height-default\" data-id=\"b01c6c5\" data-element_type=\"section\">\n\t\t\t\t\t\t<div class=\"elementor-container elementor-column-gap-default\">\n\t\t\t\t\t<div class=\"elementor-column elementor-col-33 elementor-top-column elementor-element elementor-element-399093b\" data-id=\"399093b\" data-element_type=\"column\">\n\t\t\t<div class=\"elementor-widget-wrap\">\n\t\t\t\t\t\t\t\t\t<\/div>\n\t\t<\/div>\n\t\t\t\t<div class=\"elementor-column elementor-col-33 elementor-top-column elementor-element elementor-element-62fe4b9\" data-id=\"62fe4b9\" data-element_type=\"column\">\n\t\t\t<div class=\"elementor-widget-wrap elementor-element-populated\">\n\t\t\t\t\t\t\t\t<div class=\"elementor-element elementor-element-c10543e elementor-align-left elementor-widget elementor-widget-button\" data-id=\"c10543e\" data-element_type=\"widget\" data-widget_type=\"button.default\">\n\t\t\t\t<div class=\"elementor-widget-container\">\n\t\t\t\t\t<div class=\"elementor-button-wrapper\">\n\t\t\t<a class=\"elementor-button elementor-size-sm\" role=\"button\">\n\t\t\t\t\t\t<span class=\"elementor-button-content-wrapper\">\n\t\t\t\t\t\t<span class=\"elementor-button-text\">Return to participation of people with deafblindness<\/span>\n\t\t<\/span>\n\t\t\t\t\t<\/a>\n\t\t<\/div>\n\t\t\t\t<\/div>\n\t\t\t\t<\/div>\n\t\t\t\t\t<\/div>\n\t\t<\/div>\n\t\t\t\t<div class=\"elementor-column elementor-col-33 elementor-top-column elementor-element elementor-element-52a179d\" data-id=\"52a179d\" data-element_type=\"column\">\n\t\t\t<div class=\"elementor-widget-wrap elementor-element-populated\">\n\t\t\t\t\t\t\t\t<div class=\"elementor-element elementor-element-0ecd187 elementor-align-right elementor-widget elementor-widget-button\" data-id=\"0ecd187\" data-element_type=\"widget\" data-widget_type=\"button.default\">\n\t\t\t\t<div class=\"elementor-widget-container\">\n\t\t\t\t\t<div class=\"elementor-button-wrapper\">\n\t\t\t<a class=\"elementor-button elementor-size-sm\" role=\"button\">\n\t\t\t\t\t\t<span class=\"elementor-button-content-wrapper\">\n\t\t\t\t\t\t<span class=\"elementor-button-text\">Continue to the next chapter<\/span>\n\t\t<\/span>\n\t\t\t\t\t<\/a>\n\t\t<\/div>\n\t\t\t\t<\/div>\n\t\t\t\t<\/div>\n\t\t\t\t\t<\/div>\n\t\t<\/div>\n\t\t\t\t\t\t\t<\/div>\n\t\t<\/section>\n\t\t\t\t\t\t\t<\/div>\n\t\t","protected":false},"excerpt":{"rendered":"<p>Este informe de la situaci\u00f3n de las personas con sordoceguera busca dar comienzo a un di\u00e1logo entre las partes interesadas a nivel internacional y est\u00e1 basado en las investigaciones, combinando el mayor an\u00e1lisis basado en poblaci\u00f3n sobre personas con sordoceguera realizado hasta la fecha, revisi\u00f3n bibliogr\u00e1fica, y dos encuestas realizadas a miembros y asociados de WFDB y Sense Internacional. <\/p>\n","protected":false},"author":4,"featured_media":1890,"parent":7206,"menu_order":0,"comment_status":"closed","ping_status":"closed","template":"elementor_header_footer","meta":{"footnotes":""},"categories":[],"tags":[],"class_list":["post-7377","page","type-page","status-publish","has-post-thumbnail","hentry"],"jetpack_sharing_enabled":true,"_links":{"self":[{"href":"https:\/\/wfdb.eu\/wp-json\/wp\/v2\/pages\/7377","targetHints":{"allow":["GET"]}}],"collection":[{"href":"https:\/\/wfdb.eu\/wp-json\/wp\/v2\/pages"}],"about":[{"href":"https:\/\/wfdb.eu\/wp-json\/wp\/v2\/types\/page"}],"author":[{"embeddable":true,"href":"https:\/\/wfdb.eu\/wp-json\/wp\/v2\/users\/4"}],"replies":[{"embeddable":true,"href":"https:\/\/wfdb.eu\/wp-json\/wp\/v2\/comments?post=7377"}],"version-history":[{"count":7,"href":"https:\/\/wfdb.eu\/wp-json\/wp\/v2\/pages\/7377\/revisions"}],"predecessor-version":[{"id":7394,"href":"https:\/\/wfdb.eu\/wp-json\/wp\/v2\/pages\/7377\/revisions\/7394"}],"up":[{"embeddable":true,"href":"https:\/\/wfdb.eu\/wp-json\/wp\/v2\/pages\/7206"}],"wp:featuredmedia":[{"embeddable":true,"href":"https:\/\/wfdb.eu\/wp-json\/wp\/v2\/media\/1890"}],"wp:attachment":[{"href":"https:\/\/wfdb.eu\/wp-json\/wp\/v2\/media?parent=7377"}],"wp:term":[{"taxonomy":"category","embeddable":true,"href":"https:\/\/wfdb.eu\/wp-json\/wp\/v2\/categories?post=7377"},{"taxonomy":"post_tag","embeddable":true,"href":"https:\/\/wfdb.eu\/wp-json\/wp\/v2\/tags?post=7377"}],"curies":[{"name":"wp","href":"https:\/\/api.w.org\/{rel}","templated":true}]}}