{"id":7309,"date":"2023-03-17T17:41:58","date_gmt":"2023-03-17T16:41:58","guid":{"rendered":"https:\/\/wfdb.eu\/?page_id=7309"},"modified":"2023-03-21T10:38:25","modified_gmt":"2023-03-21T09:38:25","slug":"accessibility","status":"publish","type":"page","link":"https:\/\/wfdb.eu\/wfdb-report-2022\/accessibility\/","title":{"rendered":" Informe Global de la WFDB 2018"},"content":{"rendered":"\t\t<div data-elementor-type=\"wp-page\" data-elementor-id=\"7309\" class=\"elementor elementor-7309\">\n\t\t\t\t\t\t\t\t\t<section class=\"elementor-section elementor-top-section elementor-element elementor-element-d7eef04 elementor-section-height-min-height elementor-section-boxed elementor-section-height-default elementor-section-items-middle\" data-id=\"d7eef04\" data-element_type=\"section\" data-settings=\"{&quot;background_background&quot;:&quot;classic&quot;}\">\n\t\t\t\t\t\t<div class=\"elementor-container elementor-column-gap-default\">\n\t\t\t\t\t<div class=\"elementor-column elementor-col-100 elementor-top-column elementor-element elementor-element-1ff20a4\" data-id=\"1ff20a4\" data-element_type=\"column\">\n\t\t\t<div class=\"elementor-widget-wrap elementor-element-populated\">\n\t\t\t\t\t\t\t\t<div class=\"elementor-element elementor-element-2e23c52 elementor-widget elementor-widget-heading\" data-id=\"2e23c52\" data-element_type=\"widget\" data-widget_type=\"heading.default\">\n\t\t\t\t<div class=\"elementor-widget-container\">\n\t\t\t<h2 class=\"elementor-heading-title elementor-size-xxl\">ACCESSIBILITY<\/h2>\t\t<\/div>\n\t\t\t\t<\/div>\n\t\t\t\t\t<\/div>\n\t\t<\/div>\n\t\t\t\t\t\t\t<\/div>\n\t\t<\/section>\n\t\t\t\t<section class=\"elementor-section elementor-top-section elementor-element elementor-element-5d78a16 elementor-section-boxed elementor-section-height-default elementor-section-height-default\" data-id=\"5d78a16\" data-element_type=\"section\">\n\t\t\t\t\t\t<div class=\"elementor-container elementor-column-gap-default\">\n\t\t\t\t\t<div class=\"elementor-column elementor-col-33 elementor-top-column elementor-element elementor-element-597fa7a\" data-id=\"597fa7a\" data-element_type=\"column\">\n\t\t\t<div class=\"elementor-widget-wrap elementor-element-populated\">\n\t\t\t\t\t\t\t\t<div class=\"elementor-element elementor-element-ee309e2 elementor-toc--minimized-on-tablet elementor-widget elementor-widget-table-of-contents\" data-id=\"ee309e2\" data-element_type=\"widget\" data-settings=\"{&quot;headings_by_tags&quot;:[&quot;h3&quot;,&quot;h4&quot;,&quot;h5&quot;,&quot;h6&quot;],&quot;exclude_headings_by_selector&quot;:[],&quot;marker_view&quot;:&quot;bullets&quot;,&quot;icon&quot;:{&quot;value&quot;:&quot;fas fa-ellipsis-h&quot;,&quot;library&quot;:&quot;fa-solid&quot;},&quot;sticky&quot;:&quot;top&quot;,&quot;sticky_offset&quot;:125,&quot;sticky_parent&quot;:&quot;yes&quot;,&quot;minimize_box&quot;:&quot;yes&quot;,&quot;minimized_on&quot;:&quot;tablet&quot;,&quot;hierarchical_view&quot;:&quot;yes&quot;,&quot;min_height&quot;:{&quot;unit&quot;:&quot;px&quot;,&quot;size&quot;:&quot;&quot;,&quot;sizes&quot;:[]},&quot;min_height_tablet&quot;:{&quot;unit&quot;:&quot;px&quot;,&quot;size&quot;:&quot;&quot;,&quot;sizes&quot;:[]},&quot;min_height_mobile&quot;:{&quot;unit&quot;:&quot;px&quot;,&quot;size&quot;:&quot;&quot;,&quot;sizes&quot;:[]},&quot;sticky_on&quot;:[&quot;desktop&quot;,&quot;tablet&quot;,&quot;mobile&quot;],&quot;sticky_effects_offset&quot;:0}\" data-widget_type=\"table-of-contents.default\">\n\t\t\t\t<div class=\"elementor-widget-container\">\n\t\t\t\t\t<div class=\"elementor-toc__header\">\n\t\t\t<h4 class=\"elementor-toc__header-title\">\n\t\t\t\tPage Content\t\t\t<\/h4>\n\t\t\t\t\t\t\t<div class=\"elementor-toc__toggle-button elementor-toc__toggle-button--expand\"><i class=\"fas fa-chevron-down\"><\/i><\/div>\n\t\t\t\t<div class=\"elementor-toc__toggle-button elementor-toc__toggle-button--collapse\"><i class=\"fas fa-chevron-up\"><\/i><\/div>\n\t\t\t\t\t<\/div>\n\t\t<div class=\"elementor-toc__body\">\n\t\t\t<div class=\"elementor-toc__spinner-container\">\n\t\t\t\t<i class=\"elementor-toc__spinner eicon-animation-spin eicon-loading\" aria-hidden=\"true\"><\/i>\t\t\t<\/div>\n\t\t<\/div>\n\t\t\t\t<\/div>\n\t\t\t\t<\/div>\n\t\t\t\t\t<\/div>\n\t\t<\/div>\n\t\t\t\t<div class=\"elementor-column elementor-col-66 elementor-top-column elementor-element elementor-element-878f7ea\" data-id=\"878f7ea\" data-element_type=\"column\">\n\t\t\t<div class=\"elementor-widget-wrap elementor-element-populated\">\n\t\t\t\t\t\t\t\t<div class=\"elementor-element elementor-element-e043843 elementor-widget elementor-widget-text-editor\" data-id=\"e043843\" data-element_type=\"widget\" data-widget_type=\"text-editor.default\">\n\t\t\t\t<div class=\"elementor-widget-container\">\n\t\t\t\t\t\t\t<p>Accessibility is a right that enables independence and participation of persons with disabilities on an equal basis with others and often refers to products, systems, services, environments, and facilities that are used by people with diverse requirements<a href=\"#_edn1\" name=\"_ednref1\"><sup>[i]<\/sup><\/a>. Without access to the physical environment, transportation, information and communication, and other facilities and services provided to the public, persons with disabilities would not have equal opportunities<a href=\"#_edn2\" name=\"_ednref2\"><sup>[ii]<\/sup><\/a>.<\/p><p>\u00a0<\/p><p>Because persons with deafblindness experience barriers to communication and information, accessibility considerations for them are often limited in these areas. However, persons with deafblindness also experience many barriers to orientation and mobility in public spaces<a href=\"#_edn3\" name=\"_ednref3\"><sup>[iii]<\/sup><\/a>. Some of the accessibility measures for persons who are blind, such as providing information in Braille or large print, or for persons who are deaf, such as providing captioning, may help some persons with deafblindness. However, as a group, the accessibility measures for the deaf and\/or the blind do not sufficiently meet the requirements of persons with deafblindness.<\/p><p>\u00a0<\/p><p>When accessibility measures are not considered or in place for persons with deafblindness, they are less likely to participate or engage in society. Accessibility applies to groups, whereas reasonable accommodation applies to individuals. There is a duty to provide accessibility for all groups of persons with disabilities, including persons with deafblindness, and to set accessibility standards, which must be adopted in consultation with OPDs. These accessibility standards need to be specified for and communicated to service providers and other relevant stakeholders<a href=\"#_edn4\" name=\"_ednref4\"><sup>[iv]<\/sup><\/a>. Because deafblindness is a low-incidence disability, the accessibility requirements of persons with deafblindness are often not considered and may only be acknowledged as a reasonable accommodation request of individuals. This approach undermines the right to accessibility and the recognition of persons with deafblindness as a distinct group, as accessibility is unconditional<a href=\"#_edn5\" name=\"_ednref5\"><sup>[v]<\/sup><\/a>.<\/p><p><a href=\"#_ednref1\" name=\"_edn1\"><sup>[i]<\/sup><\/a> Convention on the Rights of Persons with Disabilities, A\/RES\/61\/106, 13 December 2006, Article 9; UNPRPD, <em>The preconditions necessary to ensure disability inclusion across policies, services, and other interventions<\/em>, <a href=\"https:\/\/unprpd.org\/sites\/default\/files\/library\/2020-08\/Annex%202%20UNPRPD%204th%20Funding%20Call%20Preconditions%20to%20disability%20inclusion%20ACC.pdf\">https:\/\/unprpd.org\/sites\/default\/files\/library\/2020-08\/Annex%202%20UNPRPD%204th%20Funding%20Call%20Preconditions%20to%20disability%20inclusion%20ACC.pdf<\/a>, accessed May 2022, p. 4-5.<\/p><p><a href=\"#_ednref2\" name=\"_edn2\"><sup>[ii]<\/sup><\/a> Committee on the Rights of Persons with Disabilities, <em>General Comment No. 2 Article 9: Accessibility<\/em>, CRPD\/C\/GC\/2, 22 May 2014, para. 1.<\/p><p><a href=\"#_ednref3\" name=\"_edn3\"><sup>[iii]<\/sup><\/a> World Federation of the Deafblind, <em>At risk of exclusion from CRPD and SDG implementation: Inequality and Persons with Deafblindness<\/em>, <a href=\"https:\/\/wfdb.eu\/wfdb-report-2018\/\">https:\/\/wfdb.eu\/wfdb-report-2018\/<\/a>, September 2018, p. 7.<\/p><p><a href=\"#_ednref4\" name=\"_edn4\"><sup>[iv]<\/sup><\/a> Committee on the Rights of Persons with Disabilities, <em>General Comment No. 2 Article 9: Accessibility<\/em>, CRPD\/C\/GC\/2, 22 May 2014, para. 25.<\/p><p><a href=\"#_ednref5\" name=\"_edn5\"><sup>[v]<\/sup><\/a> <em>Ibid<\/em>.<\/p>\t\t\t\t\t\t<\/div>\n\t\t\t\t<\/div>\n\t\t\t\t<div class=\"elementor-element elementor-element-5027090 elementor-widget-divider--separator-type-pattern elementor-widget-divider--view-line elementor-widget elementor-widget-divider\" data-id=\"5027090\" data-element_type=\"widget\" data-widget_type=\"divider.default\">\n\t\t\t\t<div class=\"elementor-widget-container\">\n\t\t\t\t\t<div class=\"elementor-divider\" style=\"--divider-pattern-url: url(&quot;data:image\/svg+xml,%3Csvg xmlns=&#039;http:\/\/www.w3.org\/2000\/svg&#039; preserveAspectRatio=&#039;none&#039; overflow=&#039;visible&#039; height=&#039;100%&#039; viewBox=&#039;0 0 20 16&#039; fill=&#039;none&#039; stroke=&#039;black&#039; stroke-width=&#039;1&#039; stroke-linecap=&#039;square&#039; stroke-miterlimit=&#039;10&#039;%3E%3Cg transform=&#039;translate(-12.000000, 0)&#039;%3E%3Cpath d=&#039;M28,0L10,18&#039;\/%3E%3Cpath d=&#039;M18,0L0,18&#039;\/%3E%3Cpath d=&#039;M48,0L30,18&#039;\/%3E%3Cpath d=&#039;M38,0L20,18&#039;\/%3E%3C\/g%3E%3C\/svg%3E&quot;);\">\n\t\t\t<span class=\"elementor-divider-separator\">\n\t\t\t\t\t\t<\/span>\n\t\t<\/div>\n\t\t\t\t<\/div>\n\t\t\t\t<\/div>\n\t\t\t\t<div class=\"elementor-element elementor-element-a109536 elementor-widget elementor-widget-heading\" data-id=\"a109536\" data-element_type=\"widget\" data-widget_type=\"heading.default\">\n\t\t\t\t<div class=\"elementor-widget-container\">\n\t\t\t<h5 class=\"elementor-heading-title elementor-size-default\">Good Practices<\/h5>\t\t<\/div>\n\t\t\t\t<\/div>\n\t\t\t\t<div class=\"elementor-element elementor-element-b16c548 elementor-widget elementor-widget-text-editor\" data-id=\"b16c548\" data-element_type=\"widget\" data-widget_type=\"text-editor.default\">\n\t\t\t\t<div class=\"elementor-widget-container\">\n\t\t\t\t\t\t\t<p>It is crucial that minimum standards for the accessibility of goods and services provided by public and private entities for persons with disabilities must consider persons with deafblindness as a group and consult with their representative organisations. Stakeholders, such as builders, planners, and service providers, may require training to sensitise them and to develop their technical knowledge<a href=\"#_edn1\" name=\"_ednref1\"><sup>[i]<\/sup><\/a>. Accessibility standards for persons with deafblindness should be considered and applied to the following areas:<\/p><ul><li>Transportation<\/li><li>Public buildings and pathways<\/li><li>Schools<\/li><li>Hospitals, clinics, and health centres<\/li><li>Libraries, parks, and recreational facilities<\/li><li>Television, radio, and other forms of media, such as websites<\/li><li>Housing<\/li><\/ul><p>\u00a0<\/p><p>Accessibility standards for person with deafblindness should consider information and communication as well as orientation and mobility. Wherever possible, universal design principles should be applied. Some key elements for the built environment include:<\/p><ul><li><strong>\u00a0<\/strong>Adequate lighting<\/li><li>Contrasting colours through paint, tape, stickers, or choice of colour of furniture or objects<\/li><li>Colour coding, visual cues, and\/or textural cues<\/li><li>Glare reduction<\/li><li>Large font and\/or Braille signage<\/li><li>Loop induction systems<\/li><li>Vibration devices to help orient persons with deafblindness (e.g., at street crossings)<\/li><li>Use of sound in a space or room (e.g., the ambient noise levels, using spaces that reflect or echo sound to help with echolocation, reducing noise from outside, etc.)<\/li><li>Material finish<\/li><li>Physical accessibility supports, such as handrails, door handles, level surfaces, etc.<a href=\"#_edn2\" name=\"_ednref2\"><sup>[ii]<\/sup><\/a><\/li><\/ul><p>\u00a0<\/p><p>Having a barrier-free environment in cities and towns can help, such as not blocking the pathways, and providing accessibility features, such as spinning tactile devices installed into the control box at a pedestrian crossing and tactile paving to mark the edges of the pathway near roads or on train platforms. Accessibility tips should be provided to persons with deafblindness and their families to facilitate the adjustment of the home and financial supports should be provided if adaptations are too costly for individuals.<\/p><p>Information and communication should be available in a variety of formats, as the needs of persons with deafblindness vary from person to person. Many of these formats are relevant to other groups of persons with disabilities.<\/p><p>Some examples include:<\/p><ul><li>Braille \/ Moon, high contrast large print, audio description or describing images, audio versions, summary versions, and Easy Read versions<\/li><li>Captioning with speaker identification, subtitling, textphone, SMS, sign language interpretation<\/li><li>Augmentative and alternative modes and methods.<\/li><\/ul><p>\u00a0<\/p><p>For virtual and live events accessibility considerations include:<\/p><ul><li>Speaking one person at a time<\/li><li>Allowing time for translation and regular breaks<\/li><li>Providing a name before speaking, captioning, or type chatting<\/li><li>Making the face visible for lip reading<\/li><li>Explaining visual aids<\/li><li>Using high contrast and large print in presentations<\/li><li>Providing captioning with speaker identification and\/or sign language interpretation<\/li><li>Sending documents or information in advance of meetings as a standard practice<\/li><li>Taking notes to share afterward or recording the meeting, if all parties consent<a href=\"#_edn3\" name=\"_ednref3\"><sup>[iii]<\/sup><\/a>.<\/li><\/ul><p>\u00a0<\/p><p>In addition to these accessibility standards, persons with deafblindness may also require reasonable accommodations, such as access to interpreter-guide\/Deafblind interpreting services. However, adopting them will reduce the need for reasonable accommodation requests.<\/p><p><a href=\"#_ednref1\" name=\"_edn1\"><sup>[i]<\/sup><\/a> <em>Ibid<\/em>., para. 19.<\/p><p><a href=\"#_ednref2\" name=\"_edn2\"><sup>[ii]<\/sup><\/a> Deafblind Ontario Services, <em>Accessibility Guidelines for Sensory Loss<\/em>, 3<sup>rd<\/sup> Edition, 2020, 13-97.<\/p><p><a href=\"#_ednref3\" name=\"_edn3\"><sup>[iii]<\/sup><\/a> Deaf Scotland, <em>Making Zoom Accessible for People Who Are Deafblind<\/em>, <u>deafscotland.org<\/u>, accessed May 2022.<\/p>\t\t\t\t\t\t<\/div>\n\t\t\t\t<\/div>\n\t\t\t\t<div class=\"elementor-element elementor-element-da22041 elementor-widget-divider--separator-type-pattern elementor-widget-divider--view-line elementor-widget elementor-widget-divider\" data-id=\"da22041\" data-element_type=\"widget\" data-widget_type=\"divider.default\">\n\t\t\t\t<div class=\"elementor-widget-container\">\n\t\t\t\t\t<div class=\"elementor-divider\" style=\"--divider-pattern-url: url(&quot;data:image\/svg+xml,%3Csvg xmlns=&#039;http:\/\/www.w3.org\/2000\/svg&#039; preserveAspectRatio=&#039;none&#039; overflow=&#039;visible&#039; height=&#039;100%&#039; viewBox=&#039;0 0 20 16&#039; fill=&#039;none&#039; stroke=&#039;black&#039; stroke-width=&#039;1&#039; stroke-linecap=&#039;square&#039; stroke-miterlimit=&#039;10&#039;%3E%3Cg transform=&#039;translate(-12.000000, 0)&#039;%3E%3Cpath d=&#039;M28,0L10,18&#039;\/%3E%3Cpath d=&#039;M18,0L0,18&#039;\/%3E%3Cpath d=&#039;M48,0L30,18&#039;\/%3E%3Cpath d=&#039;M38,0L20,18&#039;\/%3E%3C\/g%3E%3C\/svg%3E&quot;);\">\n\t\t\t<span class=\"elementor-divider-separator\">\n\t\t\t\t\t\t<\/span>\n\t\t<\/div>\n\t\t\t\t<\/div>\n\t\t\t\t<\/div>\n\t\t\t\t<div class=\"elementor-element elementor-element-e405079 elementor-widget elementor-widget-heading\" data-id=\"e405079\" data-element_type=\"widget\" data-widget_type=\"heading.default\">\n\t\t\t\t<div class=\"elementor-widget-container\">\n\t\t\t<h5 class=\"elementor-heading-title elementor-size-default\">Recommendations<\/h5>\t\t<\/div>\n\t\t\t\t<\/div>\n\t\t\t\t<div class=\"elementor-element elementor-element-faba1a1 elementor-widget elementor-widget-text-editor\" data-id=\"faba1a1\" data-element_type=\"widget\" data-widget_type=\"text-editor.default\">\n\t\t\t\t<div class=\"elementor-widget-container\">\n\t\t\t\t\t\t\t<p><strong>Governments<\/strong><\/p><ul><li>Develop accessibility standards for persons with deafblindness in consultation with their representative organisations across the physical environment, transportation, information and communications, housing, and other facilities and services provided to the public<\/li><li>Adopt universal design principles for all new building work.<\/li><\/ul><p>\u00a0<\/p><p><strong>OPDs and NGOs<\/strong><\/p><ul><li><strong>\u00a0<\/strong>Include persons with deafblindness in accessibility considerations for persons with disabilities and amend policies and practices to avoid automatic or de facto exclusion of persons with deafblindness as an unreachable group.<\/li><\/ul>\t\t\t\t\t\t<\/div>\n\t\t\t\t<\/div>\n\t\t\t\t\t<\/div>\n\t\t<\/div>\n\t\t\t\t\t\t\t<\/div>\n\t\t<\/section>\n\t\t\t\t<section class=\"elementor-section elementor-top-section elementor-element elementor-element-b01c6c5 elementor-section-boxed elementor-section-height-default elementor-section-height-default\" data-id=\"b01c6c5\" data-element_type=\"section\">\n\t\t\t\t\t\t<div class=\"elementor-container elementor-column-gap-default\">\n\t\t\t\t\t<div class=\"elementor-column elementor-col-33 elementor-top-column elementor-element elementor-element-399093b\" data-id=\"399093b\" data-element_type=\"column\">\n\t\t\t<div class=\"elementor-widget-wrap\">\n\t\t\t\t\t\t\t\t\t<\/div>\n\t\t<\/div>\n\t\t\t\t<div class=\"elementor-column elementor-col-33 elementor-top-column elementor-element elementor-element-62fe4b9\" data-id=\"62fe4b9\" data-element_type=\"column\">\n\t\t\t<div class=\"elementor-widget-wrap elementor-element-populated\">\n\t\t\t\t\t\t\t\t<div class=\"elementor-element elementor-element-c10543e elementor-align-left elementor-widget elementor-widget-button\" data-id=\"c10543e\" data-element_type=\"widget\" data-widget_type=\"button.default\">\n\t\t\t\t<div class=\"elementor-widget-container\">\n\t\t\t\t\t<div class=\"elementor-button-wrapper\">\n\t\t\t<a class=\"elementor-button elementor-size-sm\" role=\"button\">\n\t\t\t\t\t\t<span class=\"elementor-button-content-wrapper\">\n\t\t\t\t\t\t<span class=\"elementor-button-text\">Return to tackling stigma and discrimination<\/span>\n\t\t<\/span>\n\t\t\t\t\t<\/a>\n\t\t<\/div>\n\t\t\t\t<\/div>\n\t\t\t\t<\/div>\n\t\t\t\t\t<\/div>\n\t\t<\/div>\n\t\t\t\t<div class=\"elementor-column elementor-col-33 elementor-top-column elementor-element elementor-element-52a179d\" data-id=\"52a179d\" data-element_type=\"column\">\n\t\t\t<div class=\"elementor-widget-wrap elementor-element-populated\">\n\t\t\t\t\t\t\t\t<div class=\"elementor-element elementor-element-0ecd187 elementor-align-right elementor-widget elementor-widget-button\" data-id=\"0ecd187\" data-element_type=\"widget\" data-widget_type=\"button.default\">\n\t\t\t\t<div class=\"elementor-widget-container\">\n\t\t\t\t\t<div class=\"elementor-button-wrapper\">\n\t\t\t<a href=\"https:\/\/wfdb.eu\/wfdb-report-2022\/brazil-eulalia-cordeiro\/\" class=\"elementor-button-link elementor-button elementor-size-sm\" role=\"button\">\n\t\t\t\t\t\t<span class=\"elementor-button-content-wrapper\">\n\t\t\t\t\t\t<span class=\"elementor-button-text\">Continue to the next chapter<\/span>\n\t\t<\/span>\n\t\t\t\t\t<\/a>\n\t\t<\/div>\n\t\t\t\t<\/div>\n\t\t\t\t<\/div>\n\t\t\t\t\t<\/div>\n\t\t<\/div>\n\t\t\t\t\t\t\t<\/div>\n\t\t<\/section>\n\t\t\t\t\t\t\t<\/div>\n\t\t","protected":false},"excerpt":{"rendered":"<p>Este informe de la situaci\u00f3n de las personas con sordoceguera busca dar comienzo a un di\u00e1logo entre las partes interesadas a nivel internacional y est\u00e1 basado en las investigaciones, combinando el mayor an\u00e1lisis basado en poblaci\u00f3n sobre personas con sordoceguera realizado hasta la fecha, revisi\u00f3n bibliogr\u00e1fica, y dos encuestas realizadas a miembros y asociados de WFDB y Sense Internacional. <\/p>\n","protected":false},"author":4,"featured_media":1890,"parent":7206,"menu_order":0,"comment_status":"closed","ping_status":"closed","template":"elementor_header_footer","meta":{"footnotes":""},"categories":[],"tags":[],"class_list":["post-7309","page","type-page","status-publish","has-post-thumbnail","hentry"],"jetpack_sharing_enabled":true,"_links":{"self":[{"href":"https:\/\/wfdb.eu\/wp-json\/wp\/v2\/pages\/7309","targetHints":{"allow":["GET"]}}],"collection":[{"href":"https:\/\/wfdb.eu\/wp-json\/wp\/v2\/pages"}],"about":[{"href":"https:\/\/wfdb.eu\/wp-json\/wp\/v2\/types\/page"}],"author":[{"embeddable":true,"href":"https:\/\/wfdb.eu\/wp-json\/wp\/v2\/users\/4"}],"replies":[{"embeddable":true,"href":"https:\/\/wfdb.eu\/wp-json\/wp\/v2\/comments?post=7309"}],"version-history":[{"count":25,"href":"https:\/\/wfdb.eu\/wp-json\/wp\/v2\/pages\/7309\/revisions"}],"predecessor-version":[{"id":7587,"href":"https:\/\/wfdb.eu\/wp-json\/wp\/v2\/pages\/7309\/revisions\/7587"}],"up":[{"embeddable":true,"href":"https:\/\/wfdb.eu\/wp-json\/wp\/v2\/pages\/7206"}],"wp:featuredmedia":[{"embeddable":true,"href":"https:\/\/wfdb.eu\/wp-json\/wp\/v2\/media\/1890"}],"wp:attachment":[{"href":"https:\/\/wfdb.eu\/wp-json\/wp\/v2\/media?parent=7309"}],"wp:term":[{"taxonomy":"category","embeddable":true,"href":"https:\/\/wfdb.eu\/wp-json\/wp\/v2\/categories?post=7309"},{"taxonomy":"post_tag","embeddable":true,"href":"https:\/\/wfdb.eu\/wp-json\/wp\/v2\/tags?post=7309"}],"curies":[{"name":"wp","href":"https:\/\/api.w.org\/{rel}","templated":true}]}}