{"id":6330,"date":"2022-06-20T01:41:35","date_gmt":"2022-06-19T23:41:35","guid":{"rendered":"https:\/\/wfdb.eu\/?page_id=6330"},"modified":"2022-07-04T15:55:37","modified_gmt":"2022-07-04T13:55:37","slug":"easy-to-read-2","status":"publish","type":"page","link":"https:\/\/wfdb.eu\/easy-to-read-2\/","title":{"rendered":"Lectura F\u00e1cil"},"content":{"rendered":"\r\n<figure class=\"wp-block-image size-full is-resized\"><img loading=\"lazy\" decoding=\"async\" class=\"wp-image-5990\" src=\"https:\/\/wfdb.eu\/wp-content\/uploads\/2022\/02\/Logo-as-JPEG.jpg\" alt=\"Easy to read logo\" width=\"207\" height=\"206\" srcset=\"https:\/\/wfdb.eu\/wp-content\/uploads\/2022\/02\/Logo-as-JPEG.jpg 829w, https:\/\/wfdb.eu\/wp-content\/uploads\/2022\/02\/Logo-as-JPEG-300x298.jpg 300w, https:\/\/wfdb.eu\/wp-content\/uploads\/2022\/02\/Logo-as-JPEG-150x150.jpg 150w, https:\/\/wfdb.eu\/wp-content\/uploads\/2022\/02\/Logo-as-JPEG-768x762.jpg 768w\" sizes=\"auto, (max-width: 207px) 100vw, 207px\" \/><\/figure>\r\n\r\n\r\n\r\n\r\nLas p\u00e1ginas que est\u00e1n mas abajo est\u00e1n disponibles en formato de lectura f\u00e1cil. Haz clic en cualquiera de los enlaces para descargarlos.\r\n\r\n\r\n\r\n\r\n<div class=\"wp-block-spacer\" style=\"height: 50px;\" aria-hidden=\"true\">&nbsp;<\/div>\r\n\r\n\r\n\r\n<ul class=\"wp-block-list\">\r\n \t<li id=\"tw-target-text\" class=\"tw-data-text tw-text-large tw-ta\" dir=\"ltr\" data-placeholder=\"Translation\"><a href=\"https:\/\/wfdb.eu\/wp-content\/uploads\/2022\/02\/1-WFDB.pdf\" target=\"_blank\" rel=\"noopener\"><span class=\"Y2IQFc\" lang=\"es\">Personas con sordoceguera<\/span><\/a><\/li>\r\n \t<li class=\"tw-data-text tw-text-large tw-ta\" dir=\"ltr\" data-placeholder=\"Translation\"><a href=\"https:\/\/wfdb.eu\/wp-content\/uploads\/2022\/02\/2-Sobre-nosostros.pdf\" target=\"_blank\" rel=\"noopener\"><span class=\"Y2IQFc\" lang=\"es\">Sobre nosotros<\/span><\/a><\/li>\r\n \t<li class=\"tw-data-text tw-text-large tw-ta\" dir=\"ltr\" data-placeholder=\"Translation\"><a href=\"https:\/\/wfdb.eu\/wp-content\/uploads\/2022\/02\/3-Que-es-la-sordoceguera.pdf\" target=\"_blank\" rel=\"noopener\"><span class=\"Y2IQFc\" lang=\"es\">\u00bfQu\u00e9 es la sordoceguera? <\/span><\/a><\/li>\r\n \t<li class=\"tw-data-text tw-text-large tw-ta\" dir=\"ltr\" data-placeholder=\"Translation\"><a href=\"https:\/\/wfdb.eu\/wp-content\/uploads\/2022\/02\/4-El-baston-rojo-y-blanco.pdf\" target=\"_blank\" rel=\"noopener\"><span class=\"Y2IQFc\" lang=\"es\">El bast\u00f3n rojo y blanco<\/span><\/a><\/li>\r\n \t<li class=\"tw-data-text tw-text-large tw-ta\" dir=\"ltr\" data-placeholder=\"Translation\"><a href=\"https:\/\/wfdb.eu\/wp-content\/uploads\/2022\/02\/5-La-interpretacion-para-sordociegos.pdf\" target=\"_blank\" rel=\"noopener\"><span class=\"Y2IQFc\" lang=\"es\">La interpretaci\u00f3n para sordociegos <\/span><\/a><\/li>\r\n \t<li class=\"tw-data-text tw-text-large tw-ta\" dir=\"ltr\" data-placeholder=\"Translation\"><a href=\"https:\/\/wfdb.eu\/wp-content\/uploads\/2022\/02\/COVID-19-y-la-sordoceguera.pdf\" target=\"_blank\" rel=\"noopener\"><span class=\"Y2IQFc\" lang=\"es\">COVID-19 y la s<\/span>ordoceguera<\/a><\/li>\r\n<\/ul>\r\n\r\n\r\n\r\n<div class=\"wp-block-spacer\" style=\"height: 50px;\" aria-hidden=\"true\">&nbsp;<\/div>\r\n\r\n\r\n\r\n\r\n\r\n\r\n\r\n<div class=\"wp-block-spacer\" style=\"height: 60px;\" aria-hidden=\"true\">&nbsp;<\/div>","protected":false},"excerpt":{"rendered":"<p>Las p\u00e1ginas que est\u00e1n mas abajo est\u00e1n disponibles en formato de lectura f\u00e1cil. Haz clic en cualquiera de los enlaces para descargarlos. &nbsp; Personas con sordoceguera Sobre nosotros \u00bfQu\u00e9 es la sordoceguera? El bast\u00f3n rojo y blanco La interpretaci\u00f3n para sordociegos COVID-19 y la sordoceguera &nbsp; &nbsp;<\/p>\n","protected":false},"author":6,"featured_media":5990,"parent":0,"menu_order":0,"comment_status":"closed","ping_status":"closed","template":"","meta":{"footnotes":""},"categories":[65],"tags":[],"class_list":["post-6330","page","type-page","status-publish","has-post-thumbnail","hentry","category-old"],"jetpack_sharing_enabled":true,"_links":{"self":[{"href":"https:\/\/wfdb.eu\/wp-json\/wp\/v2\/pages\/6330","targetHints":{"allow":["GET"]}}],"collection":[{"href":"https:\/\/wfdb.eu\/wp-json\/wp\/v2\/pages"}],"about":[{"href":"https:\/\/wfdb.eu\/wp-json\/wp\/v2\/types\/page"}],"author":[{"embeddable":true,"href":"https:\/\/wfdb.eu\/wp-json\/wp\/v2\/users\/6"}],"replies":[{"embeddable":true,"href":"https:\/\/wfdb.eu\/wp-json\/wp\/v2\/comments?post=6330"}],"version-history":[{"count":7,"href":"https:\/\/wfdb.eu\/wp-json\/wp\/v2\/pages\/6330\/revisions"}],"predecessor-version":[{"id":6527,"href":"https:\/\/wfdb.eu\/wp-json\/wp\/v2\/pages\/6330\/revisions\/6527"}],"wp:featuredmedia":[{"embeddable":true,"href":"https:\/\/wfdb.eu\/wp-json\/wp\/v2\/media\/5990"}],"wp:attachment":[{"href":"https:\/\/wfdb.eu\/wp-json\/wp\/v2\/media?parent=6330"}],"wp:term":[{"taxonomy":"category","embeddable":true,"href":"https:\/\/wfdb.eu\/wp-json\/wp\/v2\/categories?post=6330"},{"taxonomy":"post_tag","embeddable":true,"href":"https:\/\/wfdb.eu\/wp-json\/wp\/v2\/tags?post=6330"}],"curies":[{"name":"wp","href":"https:\/\/api.w.org\/{rel}","templated":true}]}}