{"id":2570,"date":"2019-05-25T10:46:53","date_gmt":"2019-05-25T08:46:53","guid":{"rendered":"http:\/\/www.wfdb.eu\/?page_id=2570"},"modified":"2021-08-10T01:29:38","modified_gmt":"2021-08-09T23:29:38","slug":"key-preconditions-for-inclusion","status":"publish","type":"page","link":"https:\/\/wfdb.eu\/wfdb-report-2018\/key-preconditions-for-inclusion\/","title":{"rendered":" Prerrequisitos clave para la inclusi\u00f3n "},"content":{"rendered":"<p><strong>RECONOCIMIENTO DE LA SORDOCEGUERA &amp; OFERTA DE SERVICIOS DE APOYO ESPEC\u00cdFICOS<\/strong><\/p>\r\n<p>Con el fin de participar y ser incluidas en la comunidad, trabajar, educarse y formar parte de la vida pol\u00edtica, las personas con sordoceguera requieren que se remuevan las barreras del entorno y aquellas que obstaculizan el acceso a los servicios de apoyo de calidad. Las caracter\u00edsticas de accesibilidad para personas con sordoceguera incluyen un rango amplio de elementos de accesibilidad pasiva relacionados con el entorno f\u00edsico, informativo y comunicacional. Estas caracter\u00edsticas son tambi\u00e9n comunes a otras personas con discapacidad, como son los documentos accesibles en Braille, subtitulado, patrones t\u00e1ctiles en el suelo, contraste de colores en instalaciones, sistemas de bucle y p\u00e1ginas web accesibles.<\/p>\r\n<p>Sin embargo, debido a restricciones funcionales espec\u00edficas causadas por la sordoceguera, estas caracter\u00edsticas de accesibilidad con frecuencia resultan ser insuficientes y se requiere de apoyo individual. Gracias a las encuestas e intercambios que se dieron durante la Conferencia Mundial Helen Keller 2018, miembros de la WFDB destacaron la falta de sensibilizaci\u00f3n y reconocimiento de la sordoceguera. En efecto, muchos gobiernos asumen err\u00f3neamente que los servicios ofrecidos para personas sordas o ciegas son suficientes para las personas con sordoceguera. Debido a que los aspectos sobre accesibilidad son conocidos ampliamente, este informe se enfoca en dos requerimientos clave solicitados por miembros de la WFDB: el reconocimiento oficial de la sordoceguera y la oferta de servicios de apoyo espec\u00edficos.<\/p>\r\n<p><strong>RECONOCIMIENTO OFICIAL DE LAS PERSONAS CON SORDOCEGUERA<\/strong><\/p>\r\n<p>Uno de los pedidos fundamentales de la WFDB y sus miembros es el reconocimiento de la sordoceguera como una discapacidad espec\u00edfica por parte de los Estados y otros actores nacionales, internacionales y locales. En muchos pa\u00edses, la ausencia de este reconocimiento deriva en la invisibilidad en estad\u00edsticas, pol\u00edticas, programas y servicios; tanto para la poblaci\u00f3n en general como para las personas con discapacidad. Adem\u00e1s, esto contribuye a la falta de atenci\u00f3n brindada a los apoyos espec\u00edficos requeridos por las personas con sordoceguera en todos los \u00e1mbitos, perpetuando su exclusi\u00f3n.<\/p>\r\n<p>En 2017, la WFDB y SI llevaron a cabo encuestas entre sus miembros acerca del reconocimiento oficial de la sordoceguera y los apoyos disponibles en sus pa\u00edses. De los 50 pa\u00edses con informaci\u00f3n disponible, 19 (37%) reconoce oficialmente a la sordoceguera como una discapacidad espec\u00edfica. La encuesta tambi\u00e9n revela que\u00a0<strong><em>los pa\u00edses que reconocen oficialmente la sordoceguera como una discapacidad espec\u00edfica y\/o tienen una definici\u00f3n de la sordoceguera son m\u00e1s propensos a ofrecer servicios de apoyo espec\u00edfico.<\/em><\/strong>\u00a0Esto ocurre particularmente en los pa\u00edses de ingresos bajos y medios.<strong>\u00a0<\/strong><\/p>\r\n<p><img loading=\"lazy\" decoding=\"async\" class=\"aligncenter size-full wp-image-2880\" src=\"https:\/\/www.wfdb.eu\/wp-content\/uploads\/2019\/07\/figura-1.jpg\" sizes=\"auto, (max-width: 976px) 100vw, 976px\" srcset=\"https:\/\/www.wfdb.eu\/wp-content\/uploads\/2019\/07\/figura-1.jpg 976w, https:\/\/www.wfdb.eu\/wp-content\/uploads\/2019\/07\/figura-1-300x105.jpg 300w, https:\/\/www.wfdb.eu\/wp-content\/uploads\/2019\/07\/figura-1-768x268.jpg 768w\" alt=\"\" width=\"976\" height=\"340\" \/><\/p>\r\n<p><strong>EL C\u00cdRCULO VICIOSO: FALTA DE CONCIENCIA Y FALTA DE RECONOCIMIENTO<\/strong><\/p>\r\n<p>La mayor\u00eda de los miembros consultados de la WFDB destac\u00f3 la necesidad de una mayor visibilidad de la sordoceguera. Los miembros tambi\u00e9n plantearon la necesidad de elevar la conciencia social sobre las personas con sordoceguera y sus requerimientos de comunicaci\u00f3n, de forma tal que se tomen medidas hacia una sociedad m\u00e1s inclusiva.<\/p>\r\n<p>Se identific\u00f3 un c\u00edrculo vicioso en relaci\u00f3n con el no reconocimiento de la sordoceguera debido a una falta de comprensi\u00f3n acerca de su diversidad y las situaciones que enfrentan las personas con sordoceguera, lo cual contribuye a la falta de reconocimiento de la sordoceguera como una discapacidad \u00fanica. Esto, a su vez, refuerza su invisibilidad, la falta de conciencia y de acceso al apoyo.<\/p>\r\n<p>\u201cLa gente siempre piensa que las personas con sordoceguera son \u00b4totalmente sordas y totalmente ciegas\u00b4, \u00a1y siempre debemos explicarles! La gente no acepta que una persona pueda tener \u00b4s\u00f3lo\u00b4 una combinaci\u00f3n tanto de deficiencias visuales como auditivas, lo que crea una situaci\u00f3n \u00fanica\u201d, (coment\u00f3 un participante de la consulta en la Conferencia Helen Keller 2018).<\/p>\r\n<p>Tambi\u00e9n se report\u00f3 la falta de entendimiento por parte de profesionales de salud y rehabilitaci\u00f3n sobre la situaci\u00f3n de las personas con sordoceguera. Por ejemplo, los profesionales con frecuencia consideran que las personas que no son totalmente sordas y ciegas son, o bien una persona sorda con deficiencia visual, o una persona ciega con hipoacusia. Esto lleva a que las personas con sordoceguera sean subestimadas y se limite el desarrollo de servicios adecuados de apoyo que realmente respondan a las necesidades espec\u00edficas del individuo.<\/p>\r\n<p>En muchos pa\u00edses, la sordoceguera no es considerada como una discapacidad diferenciada, y como resultado las personas con sordoceguera son calificadas como poseedoras de una discapacidad m\u00faltiple. Algunos pa\u00edses -incluyendo a la India en virtud de la reciente legislaci\u00f3n de derechos de discapacidad- reconocen a la sordoceguera pero la incluyen en la categor\u00eda de discapacidad m\u00faltiple, lo que limita potencialmente los posibles efectos positivos del reconocimiento legal en el desarrollo de los servicios de apoyo y la asignaci\u00f3n de recursos.<\/p>\r\n<p>Muchos de los miembros de la WFDB mencionaron que, en tanto la sordoceguera no es reconocida en sus pa\u00edses, los individuos tienen que escoger entre marcar en documentos y formularios oficiales si son sordos o son ciegos, lo cual deriva en la invisibilidad en estad\u00edsticas o datos administrativos. En la Uni\u00f3n Europea, en 2014 solo 3 de los 27 Estados recolectaron datos en censos oficiales relacionados con el n\u00famero de personas con sordoceguera.<\/p>\r\n<p>En t\u00e9rminos de discapacidad y determinaci\u00f3n de elegibilidad, la falta de reconocimiento lleva a que las personas reciban dos certificados m\u00e9dicos y\/o de discapacidad. Esto crea una carga administrativa y costo adicionales para las personas con sordoceguera y sus familias.<\/p>\r\n<p>En los casos en los que hay disponibilidad de datos, los gobiernos consideran que las personas con sordoceguera representan apenas un grupo peque\u00f1o que requiere solo un m\u00ednimo de asignaci\u00f3n de recursos. Nuevamente, la falta de comprensi\u00f3n acerca de la diversidad y la magnitud de la necesidad de comunicaci\u00f3n y apoyos requeridos provoca una desestimaci\u00f3n significativa de los recursos necesarios para proveer los niveles apropiados de apoyo.<\/p>\r\n<p>\u201cEl gobierno no apoya las actividades o proyectos para las personas con sordoceguera porque, como constituyen un n\u00famero peque\u00f1o de personas, no puede mostrar un gran impacto social y alcanzar as\u00ed un beneficio pol\u00edtico significativo\u201d, (se\u00f1al\u00f3 un participante de la consulta en la Conferencia Helen Keller 2018).<\/p>\r\n<p>Un tema recurrente es el no reconocimiento de las personas con sordoceguera dentro del movimiento de las personas con discapacidad. Aunque en los \u00faltimos a\u00f1os ha habido progresos en este sentido, sigue siendo un desaf\u00edo para las organizaciones de personas con sordoceguera el asegurar recursos adecuados en muchos pa\u00edses, tanto ricos como pobres. Nuevamente, la falta de un reconocimiento oficial priva a las organizaciones de personas con sordoceguera de recursos necesarios para llevar a cabo la tan necesaria toma de conciencia y el trabajo de incidencia pol\u00edtica.<\/p>\r\n<p><strong>RECOMENDACIONES<\/strong><\/p>\r\n<p><strong><em>Para gobiernos nacionales:<\/em><\/strong><\/p>\r\n<ul>\r\n<li><em>Reconocer a la sordoceguera como discapacidad espec\u00edfica en leyes y pr\u00e1cticas.<\/em><\/li>\r\n<li><em>Crear conciencia acerca de la situaci\u00f3n espec\u00edfica y requerimientos de las personas con sordoceguera.<\/em><\/li>\r\n<li><em>Recolectar y analizar datos acerca de las experiencias, barreras y apoyos requeridos por las personas con sordoceguera.<\/em><\/li>\r\n<li><em>Reconocer la especificidad de los sistemas de comunicaci\u00f3n usados por las personas con sordoceguera.<\/em><\/li>\r\n<li><em>Incluir a la sordoceguera como un grupo de discapacidad espec\u00edfico y facilitar los procedimientos de determinaci\u00f3n de elegibilidad.<\/em><\/li>\r\n<li><em>Apoyar a las organizaciones de personas con sordoceguera para que lleven a cabo actividades de divulgaci\u00f3n, toma de conciencia e incidencia pol\u00edtica.<\/em><\/li>\r\n<\/ul>\r\n<p><strong><em>Para organizaciones de personas con discapacidad:<\/em><\/strong><\/p>\r\n<ul>\r\n<li><em>Reconocer e incluir organizaciones de personas con sordoceguera como miembros diferenciados y plenos del movimiento de discapacidad.<\/em><\/li>\r\n<li><em>Apoyar el reconocimiento oficial, en leyes y en la pr\u00e1ctica, de la sordoceguera como una discapacidad espec\u00edfica.<\/em><\/li>\r\n<li><em>Aumentar la conciencia de los Estados miembro respecto de sus obligaciones hacia las personas con sordoceguera, seg\u00fan lo estipulado por la CDPD.<\/em><\/li>\r\n<\/ul>\r\n<p><strong><em>Para las agencias de Naciones Unidas y de desarrollo:<\/em><\/strong><\/p>\r\n<ul>\r\n<li><em>Reconocimiento universal de la sordoceguera como discapacidad \u00fanica y distinta, incluy\u00e9ndola en las clasificaciones internacionales.<\/em><\/li>\r\n<li><em>Recolectar y analizar datos acerca de las experiencias, barreras y apoyos requeridos por las personas con sordoceguera.<\/em><\/li>\r\n<li><em>Aumentar la conciencia de los Estados miembro respecto de sus obligaciones hacia las personas con sordoceguera, seg\u00fan lo estipulado por la CDPD.<\/em><\/li>\r\n<li><em>Apoyar el reconocimiento oficial por parte de Estados miembro, en las leyes y en la pr\u00e1ctica, de la sordoceguera como discapacidad \u00fanica.<\/em><\/li>\r\n<\/ul>\r\n<p><em>Apoyar a las organizaciones de personas con sordoceguera para que lleven a cabo actividades de divulgaci\u00f3n, concientizaci\u00f3n e incidencia pol\u00edtica.<\/em><\/p>\r\n<p><strong>ACCESO A SERVICIOS DE APOYO ESPEC\u00cdFICO<\/strong><\/p>\r\n<p>La encuesta ha identificado una escasez de servicios para las personas con sordoceguera. Es importante destacar que, a\u00fan cuando se afirma que un servicio se encuentra disponible, esto no implica que lo est\u00e9 en todas las \u00e1reas del pa\u00eds y en la cantidad adecuada. Los servicios pueden ser ofrecidos en algunos estados y\/o provincias, pero no en otros (por ejemplo, en \u00e1reas urbanas y no en rurales).<\/p>\r\n<p>Como era esperable, los servicios de apoyo est\u00e1n mucho m\u00e1s disponibles en pa\u00edses de altos ingresos. Sin embargo, se debe resaltar que los gu\u00edas int\u00e9rpretes est\u00e1n disponibles en solo 58% de los pa\u00edses de altos ingresos y 42% ofrecen servicios de gu\u00edas int\u00e9rpretes financiados por los gobiernos. Es mayor el desaf\u00edo que constituye la situaci\u00f3n en pa\u00edses de ingresos bajos o medios. Los servicios de gu\u00edas int\u00e9rpretes s\u00f3lo se ofrecen en 10% de los pa\u00edses (N=31; pa\u00edses de ingresos bajos o medio-altos), con solo un pa\u00eds en donde el gobierno paga el servicio. Hay, sin embargo, mayor disponibilidad de servicios regulares de comunicaci\u00f3n y de servicios de movilidad \u00fanicamente.<\/p>\r\n<p><img loading=\"lazy\" decoding=\"async\" class=\"aligncenter wp-image-2897 size-full\" src=\"https:\/\/www.wfdb.eu\/wp-content\/uploads\/2019\/07\/tabla-02.jpg\" sizes=\"auto, (max-width: 976px) 100vw, 976px\" srcset=\"https:\/\/www.wfdb.eu\/wp-content\/uploads\/2019\/07\/tabla-02.jpg 976w, https:\/\/www.wfdb.eu\/wp-content\/uploads\/2019\/07\/tabla-02-300x144.jpg 300w, https:\/\/www.wfdb.eu\/wp-content\/uploads\/2019\/07\/tabla-02-768x367.jpg 768w\" alt=\"\" width=\"976\" height=\"467\" \/><\/p>\r\n<p>El intercambio de experiencias entre los miembros de la WFDB en la Conferencia Mundial Helen Keller 2018 confirm\u00f3 la escasez de servicios de gu\u00edas int\u00e9rpretes y de interpretaci\u00f3n para personas con sordoceguera. La falta de conciencia y reconocimiento de los requerimientos espec\u00edficos de las personas con sordoceguera genera confusi\u00f3n y una dependencia excesiva en servicios espec\u00edficos para personas sordas y ciegas, los cuales, a su vez, tambi\u00e9n son limitados.<\/p>\r\n<p><em>\u201cLa lengua de se\u00f1as no es un sistema de comunicaci\u00f3n, es una lengua usada por las personas sordas. Para muchas personas con sordoceguera es parte del sistema de comunicaci\u00f3n que incluye otros elementos, diferentes canales de emisi\u00f3n y recepci\u00f3n (no solo visual, sino tambi\u00e9n t\u00e1ctiles), creando un sistema que es adaptado al individuo\u201d, (comparti\u00f3 un participante de la consulta en la Conferencia Helen Keller 2018).<\/em><\/p>\r\n<p>Sin embargo, existen buenas pr\u00e1cticas. En Espa\u00f1a, por ejemplo, la Ley 27\/2007 reconoce los sistemas de comunicaci\u00f3n espec\u00edficos usados por personas con sordoceguera.<\/p>\r\n<p>En la mayor\u00eda de los pa\u00edses de ingresos medios y bajos, los pocos servicios existentes est\u00e1n concentrados en las ciudades principales y hay pocos o ning\u00fan servicio en \u00e1reas remotas y rurales. Una combinaci\u00f3n entre la falta de conciencia y el n\u00famero relativamente peque\u00f1o de personas con sordoceguera resulta en un nivel de inversi\u00f3n significativamente menor a lo necesario.<\/p>\r\n<p>\u201c(\u2026) el gobierno no se da cuenta de que algunas personas con sordoceguera requieren int\u00e9rpretes todo el d\u00eda. El gobierno s\u00f3lo mira los n\u00fameros. Ellos discriminan y deben vernos a nosotros como personas y entender todas nuestras necesidades\u201d, (relat\u00f3 un participante de la consulta en la Conferencia Helen Keller 2018).<\/p>\r\n<p>La escasez de recursos puede derivar en una conducta de competencia entre los grupos. Lo que genera que los proveedores de servicios para personas sordas en ocasiones monopolicen los servicios de interpretaci\u00f3n para asegurarse fondos. En pa\u00edses como Croacia, sin embargo, se ha establecido una colaboraci\u00f3n efectiva entre las organizaciones de personas sordas y personas sordociegas.<\/p>\r\n<p>La falta de servicios restringe gravemente la participaci\u00f3n social y econ\u00f3mica de las personas con sordoceguera y tambi\u00e9n incrementa su dependencia.<\/p>\r\n<p>\u201cExisten pocos int\u00e9rpretes y el gobierno no paga por estos servicios. Nosotros debemos pagarlos, o usar miembros de la familia y amigos como int\u00e9rpretes. Cada uno debe encontrar los gu\u00edas int\u00e9rpretes necesarios para conseguir y mantener un trabajo, pero se deben pagar estos servicios que pueden costar hasta 50% del salario de la persona\u201d.<\/p>\r\n<p>Mientras que la situaci\u00f3n es mejor en los pa\u00edses de altos ingresos, siguen existiendo problemas importantes. Pocos pa\u00edses reconocen totalmente y confirman los requerimientos espec\u00edficos de las personas con sordoceguera, por lo que subsiste una falta de servicios adecuados. Donde existen los servicios, los apoyos financieros ofrecidos por el gobierno son frecuentemente limitados y no cubren adecuadamente las necesidades de participaci\u00f3n de las personas con discapacidad en el trabajo, la familia y la comunidad. Diversos comentarios y reacciones de los miembros de WFDB sugieren que la concientizaci\u00f3n a quienes toman decisiones en los gobiernos, a organizaciones de personas con discapacidad proactivas y a proveedores de servicios puede ser m\u00e1s importante que la riqueza del pa\u00eds en t\u00e9rminos del desarrollo de servicios apropiados.<\/p>\r\n<p>Algunos pa\u00edses como Jap\u00f3n, Australia y un n\u00famero de pa\u00edses escandinavos, han sido mencionados como los m\u00e1s desarrollados en t\u00e9rminos de la oferta de servicios. Estos pa\u00edses brindan servicios de int\u00e9rpretes capacitados financiados por gobiernos locales, regionales y central, reflejando la necesaria diversidad de los servicios (Braille, susurro, interpretaci\u00f3n de se\u00f1as, se\u00f1ales h\u00e1pticas, entre otros), as\u00ed como el apoyo en el puesto de trabajo. Sin embargo, en muchos pa\u00edses de altos ingresos, la especificidad de la sordoceguera sigue sin ser reconocida, y como resultado los servicios de apoyo no existen o son insuficientes.<\/p>\r\n<p>Otro tema es la desigualdad en el acceso a los servicios en los pa\u00edses que tienen alto nivel de descentralizaci\u00f3n, as\u00ed como el acceso limitado a servicios. Por ejemplo, en algunas \u00e1reas de ciertos pa\u00edses, donde el n\u00famero de horas de interpretaci\u00f3n brindado a las personas con sordoceguera se vio reducido.<\/p>\r\n<p>Aunque la situaci\u00f3n actual es insatisfactoria, algunos progresos se han dado, y probablemente exista una tendencia creciente hacia un mayor reconocimiento de la sordoceguera en ciertos pa\u00edses. Por ejemplo, en contextos de falta de reconocimiento a nivel nacional, ciertas autoridades locales est\u00e1n tomando medidas. En India, por ejemplo, algunos estados han ofrecido certificados que especifican a la sordoceguera como una discapacidad diferenciada, a pesar de que el gobierno nacional la ha categorizado como una discapacidad m\u00faltiple.<\/p>\r\n<p>&nbsp;<\/p>\r\n<p><strong>RECOMENDACIONES<\/strong><\/p>\r\n<p><strong><em>Para pa\u00edses:<\/em><\/strong><\/p>\r\n<ul>\r\n<li><em>En cumplimiento de la CDPD, asegurar el acceso a servicios de apoyo que faciliten la inclusi\u00f3n y vida independiente, y permitan el acceso a la informaci\u00f3n, la comunicaci\u00f3n y la movilidad. Esto puede lograrse a trav\u00e9s de las siguientes medidas:<\/em><\/li>\r\n<li><em>Reconocimiento oficial de la especificidad de los requerimientos de accesibilidad y de servicios de apoyo para personas con sordoceguera.<\/em><\/li>\r\n<li><em>Desarrollo de alianzas con OPD, ONG y el sector privado para asegurar el desarrollo de los servicios de apoyo en todos los sectores.<\/em><\/li>\r\n<li><em>Asegurar fondos adecuados y sostenibles tanto para los servicios existentes como para los recientemente creados.<\/em><\/li>\r\n<li><em>Asegurar el acceso a dispositivos de asistencia asequibles y de alta calidad.<\/em><\/li>\r\n<li><em>Abstenerse de reducir el nivel de apoyo actual ofrecido a las personas con sordoceguera.<\/em><\/li>\r\n<li><em>Incrementar la cooperaci\u00f3n internacional entre los pa\u00edses que han desarrollado sistemas de apoyos adecuados y aquellos dispuestos a participar.<\/em><\/li>\r\n<li><em>Incluir requerimientos de accesibilidad y no discriminaci\u00f3n en todas las contrataciones p\u00fablicas, incluyendo bienes y servicios, as\u00ed como en acreditaci\u00f3n y licencias de servicios de comunicaci\u00f3n, entre otros.<\/em><\/li>\r\n<\/ul>\r\n<p><strong><em>Para las Naciones Unidas y agencias de desarrollo:<\/em><\/strong><\/p>\r\n<ul>\r\n<li><em>Apoyar a los gobiernos en el desarrollo de servicios de apoyo, incluyendo asistencia financiera y t\u00e9cnica, y facilitar el intercambio tecnol\u00f3gico internacional.<\/em><\/li>\r\n<\/ul>\r\n<p><em>Incluir requerimientos de accesibilidad y no discriminaci\u00f3n en regulaciones de contrataciones p\u00fablicas.<\/em><\/p>\r\n<!-- \/wp:post-content -->","protected":false},"excerpt":{"rendered":"<p>RECONOCIMIENTO DE LA SORDOCEGUERA &amp; OFERTA DE SERVICIOS DE APOYO ESPEC\u00cdFICOS Con el fin de participar y ser incluidas en la comunidad, trabajar, educarse y formar parte de la vida pol\u00edtica, las personas con sordoceguera requieren que se remuevan las barreras del entorno y aquellas que obstaculizan el acceso a los servicios de apoyo de [&hellip;]<\/p>\n","protected":false},"author":8,"featured_media":0,"parent":1879,"menu_order":4,"comment_status":"closed","ping_status":"closed","template":"","meta":{"footnotes":""},"categories":[],"tags":[63],"class_list":["post-2570","page","type-page","status-publish","hentry","tag-2018report"],"jetpack_sharing_enabled":true,"_links":{"self":[{"href":"https:\/\/wfdb.eu\/wp-json\/wp\/v2\/pages\/2570","targetHints":{"allow":["GET"]}}],"collection":[{"href":"https:\/\/wfdb.eu\/wp-json\/wp\/v2\/pages"}],"about":[{"href":"https:\/\/wfdb.eu\/wp-json\/wp\/v2\/types\/page"}],"author":[{"embeddable":true,"href":"https:\/\/wfdb.eu\/wp-json\/wp\/v2\/users\/8"}],"replies":[{"embeddable":true,"href":"https:\/\/wfdb.eu\/wp-json\/wp\/v2\/comments?post=2570"}],"version-history":[{"count":15,"href":"https:\/\/wfdb.eu\/wp-json\/wp\/v2\/pages\/2570\/revisions"}],"predecessor-version":[{"id":4758,"href":"https:\/\/wfdb.eu\/wp-json\/wp\/v2\/pages\/2570\/revisions\/4758"}],"up":[{"embeddable":true,"href":"https:\/\/wfdb.eu\/wp-json\/wp\/v2\/pages\/1879"}],"wp:attachment":[{"href":"https:\/\/wfdb.eu\/wp-json\/wp\/v2\/media?parent=2570"}],"wp:term":[{"taxonomy":"category","embeddable":true,"href":"https:\/\/wfdb.eu\/wp-json\/wp\/v2\/categories?post=2570"},{"taxonomy":"post_tag","embeddable":true,"href":"https:\/\/wfdb.eu\/wp-json\/wp\/v2\/tags?post=2570"}],"curies":[{"name":"wp","href":"https:\/\/api.w.org\/{rel}","templated":true}]}}