{"id":2377,"date":"2019-06-04T20:29:34","date_gmt":"2019-06-04T18:29:34","guid":{"rendered":"http:\/\/www.wfdb.eu\/?page_id=2377"},"modified":"2021-08-10T01:30:54","modified_gmt":"2021-08-09T23:30:54","slug":"ongoing-efforts-india","status":"publish","type":"page","link":"https:\/\/wfdb.eu\/wfdb-report-2018\/ongoing-efforts-india\/","title":{"rendered":"Iniciativas en Curso - India"},"content":{"rendered":"<h3>Entrenamiento vocacional, autoempleo y participaci\u00f3n social en India<\/h3>\n<p>La recientemente sancionada Ley de Derechos de las Personas con Discapacidad de 2016 contempla un 1% de reserva de puestos de trabajo para personas con discapacidad m\u00faltiple, incluyendo a las personas con sordoceguera. Antes de la implementaci\u00f3n de esta ley, no hab\u00eda una disposici\u00f3n referida a las personas con sordoceguera. Sin embargo, a\u00fan es demasiado temprano para medir el impacto de estos cambios.<\/p>\n<p>En India, la mayor\u00eda de los adultos con sordoceguera tiene un autoempleo. Por ende, Sense India y sus organizaciones asociadas en 22 estados de todo el pa\u00eds han implementado un programa de entrenamiento vocacional para j\u00f3venes adultos con sordoceguera. El programa posee diversas aristas.<\/p>\n<p>Un programa de incidencia y toma de conciencia para autoridades tuvo como resultado que el Instituto de Capacitaci\u00f3n Industrial inscribi\u00f3 a j\u00f3venes adultos sordociegos en entrenamientos vocacionales. Al mismo tiempo, 90 adultos con sordoceguera han recibido apoyo en el entrenamiento, tutor\u00edas y un capital inicial \u201csemilla\u201d para establecer sus propias actividades de generaci\u00f3n de ingresos. Gracias a la red de organizaciones asociadas, m\u00e1s de 450 j\u00f3venes adultos con sordoceguera se han beneficiado del entrenamiento vocacional en programas en centros o de base comunitaria. El entrenamiento vocacional y el autoempleo contribuyen tambi\u00e9n a enfrentar el aislamiento social. Para fortalecer este aspecto, hay una activa participaci\u00f3n con el fin de reforzar la participaci\u00f3n social, contando con el apoyo de los miembros de las familias y de las comunidades locales.<\/p>\n","protected":false},"excerpt":{"rendered":"<p>Entrenamiento vocacional, autoempleo y participaci\u00f3n social en India La recientemente sancionada Ley de Derechos de las Personas con Discapacidad de 2016 contempla un 1% de reserva de puestos de trabajo para personas con discapacidad m\u00faltiple, incluyendo a las personas con sordoceguera. Antes de la implementaci\u00f3n de esta ley, no hab\u00eda una disposici\u00f3n referida a las [&hellip;]<\/p>\n","protected":false},"author":8,"featured_media":2116,"parent":1879,"menu_order":14,"comment_status":"closed","ping_status":"closed","template":"","meta":{"footnotes":""},"categories":[],"tags":[63],"class_list":["post-2377","page","type-page","status-publish","has-post-thumbnail","hentry","tag-2018report"],"jetpack_sharing_enabled":true,"_links":{"self":[{"href":"https:\/\/wfdb.eu\/wp-json\/wp\/v2\/pages\/2377","targetHints":{"allow":["GET"]}}],"collection":[{"href":"https:\/\/wfdb.eu\/wp-json\/wp\/v2\/pages"}],"about":[{"href":"https:\/\/wfdb.eu\/wp-json\/wp\/v2\/types\/page"}],"author":[{"embeddable":true,"href":"https:\/\/wfdb.eu\/wp-json\/wp\/v2\/users\/8"}],"replies":[{"embeddable":true,"href":"https:\/\/wfdb.eu\/wp-json\/wp\/v2\/comments?post=2377"}],"version-history":[{"count":21,"href":"https:\/\/wfdb.eu\/wp-json\/wp\/v2\/pages\/2377\/revisions"}],"predecessor-version":[{"id":4760,"href":"https:\/\/wfdb.eu\/wp-json\/wp\/v2\/pages\/2377\/revisions\/4760"}],"up":[{"embeddable":true,"href":"https:\/\/wfdb.eu\/wp-json\/wp\/v2\/pages\/1879"}],"wp:featuredmedia":[{"embeddable":true,"href":"https:\/\/wfdb.eu\/wp-json\/wp\/v2\/media\/2116"}],"wp:attachment":[{"href":"https:\/\/wfdb.eu\/wp-json\/wp\/v2\/media?parent=2377"}],"wp:term":[{"taxonomy":"category","embeddable":true,"href":"https:\/\/wfdb.eu\/wp-json\/wp\/v2\/categories?post=2377"},{"taxonomy":"post_tag","embeddable":true,"href":"https:\/\/wfdb.eu\/wp-json\/wp\/v2\/tags?post=2377"}],"curies":[{"name":"wp","href":"https:\/\/api.w.org\/{rel}","templated":true}]}}