{"id":2286,"date":"2019-06-01T19:20:44","date_gmt":"2019-06-01T17:20:44","guid":{"rendered":"http:\/\/www.wfdb.eu\/?page_id=2286"},"modified":"2021-08-10T01:30:32","modified_gmt":"2021-08-09T23:30:32","slug":"deafblindness-and-political-public-life","status":"publish","type":"page","link":"https:\/\/wfdb.eu\/wfdb-report-2018\/deafblindness-and-political-public-life\/","title":{"rendered":"Personas con Sordoceguera y Participaci\u00f3n en la Vida Pol\u00edtica y P\u00fablica"},"content":{"rendered":"<div class=\"entry-content\">\n<h3>NUESTRA VOZ<\/h3>\n<p><img loading=\"lazy\" decoding=\"async\" class=\"aligncenter size-full wp-image-2903\" src=\"https:\/\/www.wfdb.eu\/wp-content\/uploads\/2019\/07\/tabla-08.jpg\" sizes=\"auto, (max-width: 976px) 100vw, 976px\" srcset=\"https:\/\/www.wfdb.eu\/wp-content\/uploads\/2019\/07\/tabla-08.jpg 976w, https:\/\/www.wfdb.eu\/wp-content\/uploads\/2019\/07\/tabla-08-300x74.jpg 300w, https:\/\/www.wfdb.eu\/wp-content\/uploads\/2019\/07\/tabla-08-768x189.jpg 768w\" alt=\"tabla 08\" width=\"976\" height=\"240\" \/><\/p>\n<p>Los resultados de la encuesta indican que, mientras algunos pa\u00edses restringen legalmente el derecho al voto de las personas con sordoceguera, son pocos los que proveen de hecho el apoyo que permita la participaci\u00f3n pol\u00edtica.<\/p>\n<p>Durante la Conferencia Mundial Helen Keller 2018, los miembros de la WFDB estuvieron predispuestos a compartir sus experiencias acerca de la participaci\u00f3n pol\u00edtica y el involucramiento en la vida p\u00fablica. Hay una aguda percepci\u00f3n de que \u00e9sta es la \u00fanica forma de asegurar que las personas con sordoceguera sean reconocidas, se les preste la atenci\u00f3n que merecen y los servicios que requieren. Los debates se enfocaron en tres temas claves: derecho a votar y accesibilidad, involucramiento personal en mecanismos de consulta (entre otros), y desarrollo de organizaciones de personas con discapacidad.<\/p>\n<ul>\n<li>Derecho a votar y accesibilidad:\n<ul>\n<li>La accesibilidad es un tema clave en t\u00e9rminos de participaci\u00f3n pol\u00edtica, puesto que est\u00e1 relacionado tanto con el acceso a la informaci\u00f3n acerca de los partidos y sus programas electorales, as\u00ed como sobre el d\u00eda de las elecciones.<\/li>\n<li>En la mayor\u00eda de los pa\u00edses no se ofrece interpretaci\u00f3n en las noticias de la televisi\u00f3n o durante los debates pol\u00edticos, de modo que no se permite que las personas con sordoceguera tomen decisiones informadas. Como consecuencia, las personas con sordoceguera cuentan con un acceso limitado a la informaci\u00f3n pol\u00edtica. Es habitual que muchas personas no sepan siquiera el nombre de los partidos pol\u00edticos o lo que \u00e9stos proponen. A su vez, esto refuerza los prejuicios existentes en algunas familias respecto a que las personas con sordoceguera son incapaces de votar.<\/li>\n<li>Las boletas electorales frecuentemente son inaccesibles. Cuando son accesibles, las personas con sordoceguera no siempre tienen acceso al apoyo adecuado para poder votar.<\/li>\n<\/ul>\n<\/li>\n<li>Representaci\u00f3n pol\u00edtica de las personas con sordoceguera:\n<ul>\n<li>Las personas con sordoceguera no est\u00e1n adecuadamente representadas en todos los niveles pol\u00edticos. Faltan personas con sordoceguera electas o designadas en la escena pol\u00edtica.<\/li>\n<li>Las personas con sordoceguera enfrentan prejuicios por parte de las personas sin discapacidad y de personas con otras discapacidades.<\/li>\n<\/ul>\n<\/li>\n<li>Desarrollo de organizaciones de personas con sordoceguera:\n<ul>\n<li>Muchos miembros de la WFDB expresaron su frustraci\u00f3n debido a la falta de reconocimiento a las organizaciones de personas con sordoceguera, tanto por parte de los gobiernos como de los movimientos de discapacidad.<\/li>\n<li>Mientras que en algunos pa\u00edses ha habido progresos, no existe a\u00fan un reconocimiento genuino y pleno de las personas con sordoceguera. Como resultado, hay poco apoyo y financiamiento para permitir su participaci\u00f3n en procesos pol\u00edticos.<\/li>\n<\/ul>\n<\/li>\n<\/ul>\n<p>M\u00e1s all\u00e1 de los muchos desaf\u00edos identificados, los miembros de la WFDB compartieron numerosos avances e iniciativas alentadoras:<\/p>\n<ul>\n<li>En Croacia, la Asociaci\u00f3n de Sordociegos nacional solicit\u00f3 y recibi\u00f3 recursos del gobierno para proveer int\u00e9rpretes para sordociegos en el d\u00eda de las elecciones. Las listas para votar eran accesibles, en formatos de macrotipo y Braille. A las personas con sordoceguera tambi\u00e9n se les brind\u00f3 informaci\u00f3n acerca de los diferentes partidos y programas electorales. Asimismo, una persona con sordoceguera fue electa para el Parlamento del pa\u00eds.<\/li>\n<li>En las pr\u00f3ximas elecciones en Suecia, las personas con sordoceguera que se comunican en Braille recibir\u00e1n autom\u00e1ticamente informaci\u00f3n acerca de la elecci\u00f3n, as\u00ed como las boletas electorales en Braille.<\/li>\n<li>En India, se ha trabajado fuertemente en incidencia pol\u00edtica ante la Comisi\u00f3n Electoral, en particular solicitando que se capaciten a las personas con sordoceguera en los procedimientos electorales y en el uso del dispositivo de votaci\u00f3n. Dicha interacci\u00f3n ha concientizado a los funcionarios, quienes desde ese momento han tomado medidas para aumentar la accesibilidad de las elecciones. El D\u00eda de Helen Keller de 2018, Sense Internacional India supo por parte de la Comisi\u00f3n Electoral que las personas con sordoceguera ser\u00edan incluidas en el proceso electoral por primera vez. Se mejorar\u00e1 la accesibilidad de tal manera que los adultos con sordoceguera puedan participar en las futuras elecciones generales.<\/li>\n<li>En Malawi, la Comisi\u00f3n Electoral present\u00f3 una boleta electoral t\u00e1ctil. Sin embargo, a\u00fan hay muchos aspectos por mejorar e iniciativas por adoptar en favor de las personas con sordoceguera.<\/li>\n<li>En S\u00e3o Pablo, Brasil, las personas con sordoceguera est\u00e1n involucradas en forma activa en el Consejo Municipal (ver m\u00e1s arriba).<\/li>\n<li>En Dinamarca, la organizaci\u00f3n nacional de personas con sordoceguera env\u00eda dos veces al a\u00f1o una revista para informar a pol\u00edticos y a quienes toman decisiones acerca de los asuntos claves que enfrentan las personas con sordoceguera, as\u00ed como sobre sus peticiones y necesidades esenciales.<\/li>\n<\/ul>\n<p><strong>\u00a0<\/strong><strong>RECOMENDACIONES<\/strong><\/p>\n<ul>\n<li><em>Garantizar el derecho al voto de todas las personas con sordoceguera.<\/em><\/li>\n<li><em>Tomar en cuenta los requerimientos de accesibilidad de las personas con sordoceguera con relaci\u00f3n a las campa\u00f1as electorales, materiales y centros de votaci\u00f3n.<\/em><\/li>\n<li><em>Apoyar el involucramiento de las personas con sordoceguera en la vida pol\u00edtica y p\u00fablica.<\/em><\/li>\n<\/ul>\n<p><em>Apoyar a las organizaciones de personas con sordoceguera e involucrarlas como un grupo diferenciado de discapacidad en todas las consultas realizadas a los movimientos de discapacidad.<\/em><\/p>\n<\/div>\n","protected":false},"excerpt":{"rendered":"<p>NUESTRA VOZ Los resultados de la encuesta indican que, mientras algunos pa\u00edses restringen legalmente el derecho al voto de las personas con sordoceguera, son pocos los que proveen de hecho el apoyo que permita la participaci\u00f3n pol\u00edtica. Durante la Conferencia Mundial Helen Keller 2018, los miembros de la WFDB estuvieron predispuestos a compartir sus experiencias [&hellip;]<\/p>\n","protected":false},"author":8,"featured_media":2122,"parent":1879,"menu_order":11,"comment_status":"closed","ping_status":"closed","template":"","meta":{"footnotes":""},"categories":[],"tags":[63],"class_list":["post-2286","page","type-page","status-publish","has-post-thumbnail","hentry","tag-2018report"],"jetpack_sharing_enabled":true,"_links":{"self":[{"href":"https:\/\/wfdb.eu\/wp-json\/wp\/v2\/pages\/2286","targetHints":{"allow":["GET"]}}],"collection":[{"href":"https:\/\/wfdb.eu\/wp-json\/wp\/v2\/pages"}],"about":[{"href":"https:\/\/wfdb.eu\/wp-json\/wp\/v2\/types\/page"}],"author":[{"embeddable":true,"href":"https:\/\/wfdb.eu\/wp-json\/wp\/v2\/users\/8"}],"replies":[{"embeddable":true,"href":"https:\/\/wfdb.eu\/wp-json\/wp\/v2\/comments?post=2286"}],"version-history":[{"count":21,"href":"https:\/\/wfdb.eu\/wp-json\/wp\/v2\/pages\/2286\/revisions"}],"predecessor-version":[{"id":4787,"href":"https:\/\/wfdb.eu\/wp-json\/wp\/v2\/pages\/2286\/revisions\/4787"}],"up":[{"embeddable":true,"href":"https:\/\/wfdb.eu\/wp-json\/wp\/v2\/pages\/1879"}],"wp:featuredmedia":[{"embeddable":true,"href":"https:\/\/wfdb.eu\/wp-json\/wp\/v2\/media\/2122"}],"wp:attachment":[{"href":"https:\/\/wfdb.eu\/wp-json\/wp\/v2\/media?parent=2286"}],"wp:term":[{"taxonomy":"category","embeddable":true,"href":"https:\/\/wfdb.eu\/wp-json\/wp\/v2\/categories?post=2286"},{"taxonomy":"post_tag","embeddable":true,"href":"https:\/\/wfdb.eu\/wp-json\/wp\/v2\/tags?post=2286"}],"curies":[{"name":"wp","href":"https:\/\/api.w.org\/{rel}","templated":true}]}}