{"id":1815,"date":"2018-04-23T10:02:33","date_gmt":"2018-04-23T08:02:33","guid":{"rendered":"http:\/\/www.wfdb.eu\/?page_id=1815"},"modified":"2022-02-16T15:47:38","modified_gmt":"2022-02-16T14:47:38","slug":"memory-word","status":"publish","type":"page","link":"https:\/\/wfdb.eu\/memory-word\/","title":{"rendered":"Memorial"},"content":{"rendered":"<p><\/p>\r\n<h2 class=\"wp-block-heading\"><strong>Lex Grandia<\/strong><\/h2>\r\n<p>\r\n\r\n<\/p>\r\n<h5 class=\"wp-block-heading\"><strong>9 de mayo de 1950 &#8211; 19 de abril de 2012<\/strong><\/h5>\r\n<p>\r\n\r\n<\/p>\r\n<div class=\"wp-block-image\">\r\n<figure class=\"alignleft size-large is-resized\"><img loading=\"lazy\" decoding=\"async\" class=\"wp-image-1320\" src=\"https:\/\/wfdb.eu\/wp-content\/uploads\/2017\/02\/bkpam253554_lexgrandia-682x1024.jpg\" alt=\"Lex Grandia, Denmark 2005-2012\" width=\"305\" height=\"458\" srcset=\"https:\/\/wfdb.eu\/wp-content\/uploads\/2017\/02\/bkpam253554_lexgrandia-682x1024.jpg 682w, https:\/\/wfdb.eu\/wp-content\/uploads\/2017\/02\/bkpam253554_lexgrandia-200x300.jpg 200w, https:\/\/wfdb.eu\/wp-content\/uploads\/2017\/02\/bkpam253554_lexgrandia-768x1153.jpg 768w, https:\/\/wfdb.eu\/wp-content\/uploads\/2017\/02\/bkpam253554_lexgrandia.jpg 1066w\" sizes=\"auto, (max-width: 305px) 100vw, 305px\" \/><\/figure>\r\n<\/div>\r\n<p>\r\n\r\n<\/p>\r\n<p><span class=\"Y2IQFc\" lang=\"es\">Fue con un gran pesar que nos enteramos de la muerte de Lex. Recordaremos a Lex como un buen y competente presidente y representante de la WFDB en diferentes foros internacionales como la ONU, en relaci\u00f3n con la CDPD. Era un hombre muy informado y un gran orador y polemista como lo demostr\u00f3 en diferentes reuniones y conferencias, tanto en Noruega como a nivel internacional. Un pol\u00edtico noruego que form\u00f3 parte de la delegaci\u00f3n noruega de la ONU en Nueva York dijo una vez que hab\u00eda conocido a Lex Grandia y estaba impresionado por el conocimiento y el compromiso que Lex mostr\u00f3 en el trabajo en torno a la CDPD. Lex atrap\u00f3 a las personas que conoci\u00f3 a lo largo de su vida con amabilidad, felicidad y calidez. Lex deja un vac\u00edo en nuestros corazones. Su legado, arduo trabajo y defensa dedicada a las organizaciones y personas con sordoceguera perdurar\u00e1, especialmente para el Comit\u00e9 Ejecutivo de WFDB.<\/span><\/p>\r\n<p>\r\n\r\n<\/p>\r\n<p><span class=\"Y2IQFc\" lang=\"es\">Lex Grandia naci\u00f3 en los Pa\u00edses Bajos en 1950 y falleci\u00f3 el 19 de abril de 2012 en Aalborg, Dinamarca. Naci\u00f3 prematuramente (2 meses antes) y su audici\u00f3n no se desarroll\u00f3 bien. El exceso de ox\u00edgeno en cuidados intensivos tambi\u00e9n lo dej\u00f3 ciego. Seg\u00fan todas las definiciones, se llam\u00f3 a s\u00ed mismo sordociego. Sin embargo, con el uso de aud\u00edfonos, pudo o\u00edr correctamente y aprendi\u00f3 a hablar.<\/span><\/p>\r\n<p>\r\n\r\n<\/p>\r\n<p><span class=\"Y2IQFc\" lang=\"es\">Lex Grandia creci\u00f3 en una instituci\u00f3n para ciegos en los Pa\u00edses Bajos. Posteriormente, estudi\u00f3 en las universidades de Utrecht y Amsterdam y obtuvo un doctorado en Teolog\u00eda. Tambi\u00e9n se especializ\u00f3 en psicoterapia y asesoramiento hospitalario. Comenz\u00f3 su vida profesional en un proyecto de 3 a\u00f1os como consejero para j\u00f3venes y trabaj\u00f3 a tiempo parcial como ministro en la iglesia reformada holandesa.<\/span><\/p>\r\n<p>\r\n\r\n<\/p>\r\n<p id=\"tw-target-text\" class=\"tw-data-text tw-text-large XcVN5d tw-ta\" dir=\"ltr\" data-placeholder=\"Translation\"><span class=\"Y2IQFc\" lang=\"es\">Lex Grandia ha escrito dos libros sobre el uso de Bibliodrama y ha publicado una serie de emisiones sobre temas sociales y psicol\u00f3gicos en los Pa\u00edses Bajos. Su vida en organizaciones comenz\u00f3 en 1978 como presidente regional de la organizaci\u00f3n nacional de ciegos en los Pa\u00edses Bajos. Luego se involucr\u00f3 en la organizaci\u00f3n nacional de personas con sordoceguera en los Pa\u00edses Bajos. En 1992, represent\u00f3 a personas holandesas con sordoceguera en EDbN (European Deafblind Network), una organizaci\u00f3n europea de profesionales, familiares y personas con sordoceguera. En 1994 fue elegido presidente de EDbN y en 1995 secretario de EDbN. Lex Grandia conoci\u00f3 a su esposa, que es danesa, en 1995 y se mud\u00f3 a Dinamarca. Lex Grandia y su esposa han trabajado para EDbN hasta 2001. Lex Grandia tambi\u00e9n fue miembro de la junta del Foro Europeo de Discapacidad de 1997 a 2001. Cuando se fund\u00f3 la Federaci\u00f3n Mundial de Sordociegos en 2001, fue elegido Secretario General. En 2005, fue elegido presidente. En la Asamblea General de 2009, Lex fue reelegido para Presidente, donde fue felicitado por su destacada contribuci\u00f3n y los esfuerzos realizados para la WFDB, seguido de una ronda de aplausos por parte de los delegados.<\/span><\/p>\r\n<p>\r\n\r\n<\/p>\r\n<p id=\"tw-target-text\" class=\"tw-data-text tw-text-large XcVN5d tw-ta\" dir=\"ltr\" data-placeholder=\"Translation\"><span class=\"Y2IQFc\" lang=\"es\">De 2003 a 2007, como miembro de la International Disability Alliance (IDA), una red de 8 organizaciones internacionales de discapacidad y 6 regionales, se involucr\u00f3 mucho en la redacci\u00f3n de la CDPD. De 2007 a 2008, fue presidente de IDA. Durante ese per\u00edodo, la AIF se expandi\u00f3 para incluir organizaciones continentales de discapacidad como EDF (Europa), Foro de Discapacidad de Asia y el Pac\u00edfico, organizaci\u00f3n \u00e1rabe de Personas con Discapacidad y RIADIS (Am\u00e9rica Latina). Como presidente de la AIF, tuvo la oportunidad de dirigirse a la sesi\u00f3n especial que celebra la entrada en vigor de la CDPD en la Asamblea General de las Naciones Unidas en Nueva York, as\u00ed como en el Consejo de Derechos Humanos en Ginebra, en nombre de la Alianza Internacional de Discapacidad. Una parte del trabajo de Lex Grandia como presidente de WFDB fue apoyar la formaci\u00f3n y el desarrollo de organizaciones nacionales de personas con sordoceguera. Apoy\u00f3 la fundaci\u00f3n de la Uni\u00f3n Europea de Sordociegos en 2003, as\u00ed como la Asamblea General de una nueva organizaci\u00f3n continental, la Federaci\u00f3n Africana de Sordociegos (AFDB) en octubre de 2009. Lex Grandia viaj\u00f3 por todo el mundo debido al car\u00e1cter internacional de su trabajo. Lex organiz\u00f3 muchos cursos de capacitaci\u00f3n y conferencias en diferentes reuniones y eventos en todo el mundo. Cuando Lex Grandia ten\u00eda tiempo libre, tocaba el piano. Tambi\u00e9n realiz\u00f3 esculturas de piedra. <\/span><\/p>\r\n<p class=\"tw-data-text tw-text-large XcVN5d tw-ta\" dir=\"ltr\" data-placeholder=\"Translation\"><span class=\"Y2IQFc\" lang=\"es\">Que en paz descanse.<\/span><\/p>\r\n<p>\r\n\r\n<\/p>\r\n<h2 class=\"wp-block-heading\"><strong>Stig Ohlsson<\/strong><\/h2>\r\n<p>\r\n\r\n<\/p>\r\n<h5 class=\"wp-block-heading\"><strong>3 de diciembre de 1935 \u2013 22 de marzo de 2018<\/strong><\/h5>\r\n<p>\r\n\r\n<\/p>\r\n<div class=\"wp-block-image\">\r\n<figure class=\"alignleft size-full is-resized\"><a href=\"https:\/\/wfdb.eu\/wp-content\/uploads\/2020\/06\/Headshot-Stig-Ohlsson.jpg\"><img loading=\"lazy\" decoding=\"async\" class=\"wp-image-3129\" src=\"https:\/\/wfdb.eu\/wp-content\/uploads\/2020\/06\/Headshot-Stig-Ohlsson.jpg\" alt=\"Headshot Stig Ohlsson\" width=\"343\" height=\"313\" srcset=\"https:\/\/wfdb.eu\/wp-content\/uploads\/2020\/06\/Headshot-Stig-Ohlsson.jpg 1024w, https:\/\/wfdb.eu\/wp-content\/uploads\/2020\/06\/Headshot-Stig-Ohlsson-300x274.jpg 300w, https:\/\/wfdb.eu\/wp-content\/uploads\/2020\/06\/Headshot-Stig-Ohlsson-768x701.jpg 768w\" sizes=\"auto, (max-width: 343px) 100vw, 343px\" \/><\/a><\/figure>\r\n<\/div>\r\n<p>\r\n\r\n<\/p>\r\n<p id=\"tw-target-text\" class=\"tw-data-text tw-text-large XcVN5d tw-ta\" dir=\"ltr\" data-placeholder=\"Translation\"><span class=\"Y2IQFc\" lang=\"es\">Con gran tristeza hemos recibido la noticia de que el primer presidente de la WFDB, Stig Ohlsson, hab\u00eda fallecido a la edad de 82 a\u00f1os. Stig adquiri\u00f3 la sordoceguera de forma inesperada mientras estaba en edad laboral. Perdi\u00f3 la vista y el o\u00eddo en una semana. Fue una gran cat\u00e1strofe para Stig, pero su esp\u00edritu de lucha le hizo afrontar las dificultades que se encontr\u00f3. Stig tambi\u00e9n quer\u00eda ayudar a otras personas en la misma situaci\u00f3n que \u00e9l y pronto se involucr\u00f3 en la organizaci\u00f3n sueca, FSDB y tambi\u00e9n en todo el mundo. <\/span><\/p>\r\n<p class=\"tw-data-text tw-text-large XcVN5d tw-ta\" dir=\"ltr\" data-placeholder=\"Translation\"><span class=\"Y2IQFc\" lang=\"es\">Stig ha contribuido enormemente tanto en Suecia, donde, entre otras cosas, fue presidente de la organizaci\u00f3n sueca de sordociegos, FSDB, y tambi\u00e9n fue responsable de varios proyectos durante muchos a\u00f1os. Stig comenz\u00f3 a involucrarse con personas con sordoceguera en todo el mundo y fue uno de los fundadores de la WFDB. Tambi\u00e9n se convirti\u00f3 en su primer presidente de 2001 a 2005. <\/span><\/p>\r\n<p class=\"tw-data-text tw-text-large XcVN5d tw-ta\" dir=\"ltr\" data-placeholder=\"Translation\"><span class=\"Y2IQFc\" lang=\"es\">A lo largo de su vida, tambi\u00e9n se ha involucrado en varios proyectos de desarrollo en Am\u00e9rica Latina y Sud\u00e1frica. Ha significado mucho para muchas personas en todo el mundo y ha sido un buen ejemplo y un modelo a seguir para muchos. <\/span><\/p>\r\n<p class=\"tw-data-text tw-text-large XcVN5d tw-ta\" dir=\"ltr\" data-placeholder=\"Translation\"><span class=\"Y2IQFc\" lang=\"es\">El dolor y la p\u00e9rdida de Stig es enorme, pero el recuerdo de sus magn\u00edficos esfuerzos en el mundo nos hace recordarlo con alegr\u00eda, y su recuerdo est\u00e1 guardado para siempre en nuestros corazones. <\/span><\/p>\r\n<p class=\"tw-data-text tw-text-large XcVN5d tw-ta\" dir=\"ltr\" data-placeholder=\"Translation\"><span class=\"Y2IQFc\" lang=\"es\">Que en paz descanse.<\/span><\/p>\r\n<p>\r\n\r\n<\/p>\r\n<div class=\"wp-block-spacer\" style=\"height: 100px;\" aria-hidden=\"true\">\u00a0<\/div>\r\n<p>\r\n\r\n<\/p>\r\n<div class=\"wp-block-image\">\r\n<figure class=\"alignleft\"><a href=\"https:\/\/www.indexbraille.com\/\"><img loading=\"lazy\" decoding=\"async\" width=\"250\" height=\"250\" class=\"wp-image-1496\" src=\"http:\/\/wfdb.eu\/wp-content\/uploads\/2017\/03\/Untitled-1.png\" alt=\"index braille\" srcset=\"https:\/\/wfdb.eu\/wp-content\/uploads\/2017\/03\/Untitled-1.png 250w, https:\/\/wfdb.eu\/wp-content\/uploads\/2017\/03\/Untitled-1-150x150.png 150w\" sizes=\"auto, (max-width: 250px) 100vw, 250px\" \/><\/a><\/figure>\r\n<\/div>\r\n<p>\r\n\r\n<\/p>\r\n<div class=\"wp-block-image\">\r\n<figure class=\"alignright\"><a href=\"http:\/\/www.once.es\/otras-webs\/english\"><img loading=\"lazy\" decoding=\"async\" width=\"300\" height=\"226\" class=\"wp-image-1823\" src=\"http:\/\/wfdb.eu\/wp-content\/uploads\/2018\/06\/FOAPS_rgb-300x226.png\" alt=\"FOAPS\" srcset=\"https:\/\/wfdb.eu\/wp-content\/uploads\/2018\/06\/FOAPS_rgb-300x226.png 300w, https:\/\/wfdb.eu\/wp-content\/uploads\/2018\/06\/FOAPS_rgb-768x580.png 768w, https:\/\/wfdb.eu\/wp-content\/uploads\/2018\/06\/FOAPS_rgb-1024x773.png 1024w, https:\/\/wfdb.eu\/wp-content\/uploads\/2018\/06\/FOAPS_rgb.png 1600w\" sizes=\"auto, (max-width: 300px) 100vw, 300px\" \/><\/a><\/figure>\r\n<\/div>\r\n<p><\/p>","protected":false},"excerpt":{"rendered":"<p>Lex Grandia 9 de mayo de 1950 &#8211; 19 de abril de 2012 Fue con un gran pesar que nos enteramos de la muerte de Lex. Recordaremos a Lex como un buen y competente presidente y representante de la WFDB en diferentes foros internacionales como la ONU, en relaci\u00f3n con la CDPD. Era un hombre [&hellip;]<\/p>\n","protected":false},"author":3,"featured_media":0,"parent":0,"menu_order":0,"comment_status":"closed","ping_status":"closed","template":"","meta":{"footnotes":""},"categories":[65],"tags":[],"class_list":["post-1815","page","type-page","status-publish","hentry","category-old"],"jetpack_sharing_enabled":true,"_links":{"self":[{"href":"https:\/\/wfdb.eu\/wp-json\/wp\/v2\/pages\/1815","targetHints":{"allow":["GET"]}}],"collection":[{"href":"https:\/\/wfdb.eu\/wp-json\/wp\/v2\/pages"}],"about":[{"href":"https:\/\/wfdb.eu\/wp-json\/wp\/v2\/types\/page"}],"author":[{"embeddable":true,"href":"https:\/\/wfdb.eu\/wp-json\/wp\/v2\/users\/3"}],"replies":[{"embeddable":true,"href":"https:\/\/wfdb.eu\/wp-json\/wp\/v2\/comments?post=1815"}],"version-history":[{"count":20,"href":"https:\/\/wfdb.eu\/wp-json\/wp\/v2\/pages\/1815\/revisions"}],"predecessor-version":[{"id":4590,"href":"https:\/\/wfdb.eu\/wp-json\/wp\/v2\/pages\/1815\/revisions\/4590"}],"wp:attachment":[{"href":"https:\/\/wfdb.eu\/wp-json\/wp\/v2\/media?parent=1815"}],"wp:term":[{"taxonomy":"category","embeddable":true,"href":"https:\/\/wfdb.eu\/wp-json\/wp\/v2\/categories?post=1815"},{"taxonomy":"post_tag","embeddable":true,"href":"https:\/\/wfdb.eu\/wp-json\/wp\/v2\/tags?post=1815"}],"curies":[{"name":"wp","href":"https:\/\/api.w.org\/{rel}","templated":true}]}}