{"id":1554,"date":"2017-03-24T15:11:06","date_gmt":"2017-03-24T14:11:06","guid":{"rendered":"http:\/\/www.kennmark.se\/?page_id=1554"},"modified":"2024-11-08T11:31:27","modified_gmt":"2024-11-08T10:31:27","slug":"helen-keller-world-conference","status":"publish","type":"page","link":"https:\/\/wfdb.eu\/helen-keller-world-conference\/","title":{"rendered":"Conferencia Mundial Helen Keller"},"content":{"rendered":"<figure id=\"attachment_1556\" aria-describedby=\"caption-attachment-1556\" style=\"width: 224px\" class=\"wp-caption alignright\"><img loading=\"lazy\" decoding=\"async\" class=\"size-medium wp-image-1556\" src=\"http:\/\/www.kennmark.se\/wp-content\/uploads\/2017\/03\/bkpam253554_hkoas1893-224x300.jpg\" alt=\"helen keller\" width=\"224\" height=\"300\" srcset=\"https:\/\/wfdb.eu\/wp-content\/uploads\/2017\/03\/bkpam253554_hkoas1893-224x300.jpg 224w, https:\/\/wfdb.eu\/wp-content\/uploads\/2017\/03\/bkpam253554_hkoas1893.jpg 766w\" sizes=\"auto, (max-width: 224px) 100vw, 224px\" \/><figcaption id=\"caption-attachment-1556\" class=\"wp-caption-text\">Helen Keller &amp; Anne Sullivan 1893.<\/figcaption><\/figure>\n<p>El objetivo de la Conferencia Mundial Helen Keller (HKWC) es ofrecer la oportunidad a las personas con sordoceguera de tener su propio foro para aprender unos de otros, y compartir experiencias personales sobre la sordoceguera. Existen muchas conferencias donde los profesionales en el campo de la sordoceguera tienen un papel principal. La HKWC es la \u00fanica de este tipo, organizada a nivel mundial, donde solo personas con sordoceguera pueden compartir sus propias experiencias con otros en situaciones similares en diferentes pa\u00edses. La primera conferencia tuvo lugar en septiembre de 1977 gracias al &#8220;Comit\u00e9 de Servicios para los Sordociegos&#8221; del Consejo Mundial del Bienestar de los Ciegos y ha sido desde entonces organizada cada 4 a\u00f1os. Desde 2001, el a\u00f1o en el cual La Federaci\u00f3n Mundial de Sordociegos (WFDB) se fund\u00f3, la federaci\u00f3n es la encargada de su organizaci\u00f3n y se vincula con la Asamblea General (AG) de la WFDB.<\/p>\n<h6><em>Las conferencias han tenido lugar de la siguiente manera:<\/em><\/h6>\n<p><strong>El I Congreso HKWC <\/strong>se llev\u00f3 a cabo en New York, USA del 11 al 15 de septiembre de 1977. Delegados de 30 pa\u00edses de alrededor del mundo, ensamblados para la primera conferencia internacional al servicio de j\u00f3venes y adultos sordociegos, dan la bienvenida a la Declaraci\u00f3n de las Naciones Unidas de los Derechos Humanos y a la Declaraci\u00f3n de los Derechos de las personas con discapacidad en la que acuerdan adoptar una Declaraci\u00f3n relacionada espec\u00edficamente con las necesidades y derechos de las personas con sordoceguera y encomiendan la atenci\u00f3n de la comunidad mundial.<\/p>\n<p><strong>El II Congreso HKWC <\/strong>se llev\u00f3 a cabo en 1981<\/p>\n<p><strong>El III Congreso HKWC<\/strong> se llev\u00f3 a cabo en 1985<\/p>\n<p><strong>El IV Congreso HKWC<\/strong> se llev\u00f3 a cabo en Estocolmo, Suecia del 28 de septiembre al 3 de octubre de 1989. Fue organizada por la FSDB, la Asociaci\u00f3n sueca de personas sordociegas<\/p>\n<p><strong>El V Congreso HKWC<\/strong> se llev\u00f3 a cabo en 1993<\/p>\n<p><strong>El VI Congreso HKWC<\/strong> se llev\u00f3 a cabo en Paipa, Colombia del 13 al 19 de octubre de 1997. Durante la conferencia se debati\u00f3 sobre la creaci\u00f3n de una organizaci\u00f3n mundial de personas con sordoceguera.<\/p>\n<p><strong>El VII Congreso HKWC<\/strong> se llev\u00f3 a cabo en Auckland, Nueva Zelanda en octubre de 2001. Durante la conferencia de WFDB, se cre\u00f3 la AG fundadora de la organizaci\u00f3n.<\/p>\n<p><strong>El VIII Congreso HKWC<\/strong> se llev\u00f3 a cabo en Tampere, Finlandia en junio de 2005. En conexi\u00f3n con la conferencia se llev\u00f3 a cabo la segunda AG de la WFDB<\/p>\n<p><strong>El IX Congreso HKWC<\/strong> se llev\u00f3 a cabo en Munyono, Uganda del 22 al 27 de octubre de 2009. El tema principal de la Conferencia fue <em>&#8220;CDPD, cambios en la vida de las personas con sordoceguera&#8221;.<\/em> 11 sesiones plenarias y talleres se llevaron a cabo.<\/p>\n<p><strong>El X Congreso HKWC<\/strong> se llev\u00f3 a cabo en Tagaytay, Filipinas del 6 al 11 de noviembre de 2013. 220 participantes de 30 pa\u00edses asistieron a la conferencia. El tema principal de la Conferencia fue: <em>&#8220;Accesibilidad e inclusi\u00f3n para personas con sordoceguera en la vida diaria- CDPD para todos en todas partes&#8221;<\/em> . 17 sesiones plenarias y talleres se llevaron a cabo. La cuarta AG de la WFDB se llev\u00f3 a cabo.<\/p>\n<p class=\"p1\"><strong>El XI Congreso HKWC <\/strong>se llev\u00f3 a cabo en Benidorm, Espa\u00f1a del 20 al 27 de junio de 2018. 526 participantes de 50 pa\u00edses diferentes asistieron a la conferencia. El tema principal de la conferencia fue <em>&#8220;Nuestro derechos; Nuestra voz; Nosotros lideramos el camino&#8221;<\/em><strong>.<\/strong> Se organizaron 5 sesiones plenarias y 15 talleres durante la conferencia. La quinta AG de la WFDB tambi\u00e9n tuvo lugar.<\/p>\n<p>El d\u00eda de las personas sordociegas fue organizado por la Federaci\u00f3n de Asociaciones de Personas Sordociegas de Espa\u00f1a (FASOCIDE) el d\u00eda 27. La Reina Letizia de Espa\u00f1a estuvo presente durante la jornada y dio un discurso a los participantes. Tambi\u00e9n particip\u00f3 en una reuni\u00f3n con el secretariado de WFDB donde se discuti\u00f3 temas e informaci\u00f3n relacionados con la sordoceguera.<\/p>\n<p><strong>El XII Congreso HKWC <\/strong>se llev\u00f3 a cabo en Nairobi, Kenia, del 24 al 29 de octubre de 2022. Su objetivo era presentar un informe destacando pr\u00e1cticas innovadoras para la inclusi\u00f3n de personas con sordoceguera en todos los aspectos y etapas de la vida, a nivel global, regional, nacional y local en nuestras sociedades. El tema principal de la conferencia es: \u201cEmpoderando a las personas con sordoceguera \u2013 Inclusi\u00f3n a trav\u00e9s de la inversi\u00f3n y la innovaci\u00f3n\u201d.<\/p>\n<p><strong>El XIII Congreso HKWC<\/strong> se llevar\u00e1 a cabo en Davos, Suiza, en colaboraci\u00f3n con Deafblind International (DbI), del 19 al 23 de julio de 2027.<\/p>\n<h3>Una Declaraci\u00f3n de los Derechos de las personas Sordo-ciegos adoptada por la Conferencia Mundial Hist\u00f3rica Helen Keller en Servicios para J\u00f3venes y Adultos Sordo-ciegos, auspiciada por el Comit\u00e9 de Servicios del Consejo Mundial de bienestar de Ciego; septiembre 16 de 1977, Ciudad de New York, U.S.A.<\/h3>\n<p><img loading=\"lazy\" decoding=\"async\" class=\"alignright size-medium wp-image-1555\" src=\"http:\/\/www.kennmark.se\/wp-content\/uploads\/2017\/03\/bkpam253554_hk1918-246x300.jpg\" alt=\"helen keller\" width=\"246\" height=\"300\" srcset=\"https:\/\/wfdb.eu\/wp-content\/uploads\/2017\/03\/bkpam253554_hk1918-246x300.jpg 246w, https:\/\/wfdb.eu\/wp-content\/uploads\/2017\/03\/bkpam253554_hk1918.jpg 768w\" sizes=\"auto, (max-width: 246px) 100vw, 246px\" \/> <img loading=\"lazy\" decoding=\"async\" class=\"alignright size-medium wp-image-1558\" src=\"http:\/\/www.kennmark.se\/wp-content\/uploads\/2017\/03\/bkpam253554_hk02-239x300.jpg\" alt=\"helen keller\" width=\"239\" height=\"300\" srcset=\"https:\/\/wfdb.eu\/wp-content\/uploads\/2017\/03\/bkpam253554_hk02-239x300.jpg 239w, https:\/\/wfdb.eu\/wp-content\/uploads\/2017\/03\/bkpam253554_hk02.jpg 768w\" sizes=\"auto, (max-width: 239px) 100vw, 239px\" \/> <strong>Pre\u00e1mbulo<\/strong> Delegados de 30 pa\u00edses de alrededor del mundo, ensamblados para la primera conferencia internacional al servicio de j\u00f3venes y adultos sordo-ciegos, dan la bienvenida a la Declaraci\u00f3n de las Naciones Unidas de los Derechos Humanos y a la Declaraci\u00f3n de los Derechos de las personas con discapacidad han acordado sobre y han acordado adoptar la siguiente Declaraci\u00f3n espec\u00edficamente relacionada con las necesidades y derechos de las personas sordo-ciegas y recomiendan en la atenci\u00f3n de la comunidad mundial: <strong> Art\u00edculo 1<\/strong> Cada persona sordo-ciega tiene derecho a disfrutar los derechos universales que garantizan a todas las personas a trav\u00e9s de la Declaraci\u00f3n de los Derechos Humanos de las Naciones Unidas y los derechos que se ofrecen a todas las personas con discapacidad por la Declaraci\u00f3n de los Derechos de las personas con discapacidad.<\/p>\n<p><strong> Art\u00edculo 2<\/strong> Personas con sordo-ceguera tienen el derecho de esperar que sus capacidades y sus aspiraciones de manejar una vida normal en la comunidad y sus habilidades se deben reconocer y respetar por todos los gobiernos, administradores, personal de educaci\u00f3n o rehabilitaci\u00f3n y el p\u00fablico en general<\/p>\n<p><strong> Art\u00edculo 3<\/strong> Personas con sordo-ceguera tienen el derecho de recibir tratamiento m\u00e9dico y cuidado para el restauraci\u00f3n de su visi\u00f3n y audici\u00f3n y los servicios requeridos para el uso de su residuo visual y auditivo, incluyendo el ofrecer las ayudas \u00f3pticas y auditivas efectivas, entrenamiento de habla cuando sea apropiado y otras formas de rehabilitaci\u00f3n para asegurar su m\u00e1xima independencia.<\/p>\n<p><strong> Art\u00edculo 4<\/strong> Personas con sordo-ceguera tienen el derecho a la seguridad econ\u00f3mica que asegure un est\u00e1ndar satisfactorio de vida y el derecho a un trabajo proporcional con sus capacidades y habilidades para participar en otras tareas significativas, para las cuales deben proveerse entrenamiento y educaci\u00f3n<\/p>\n<p><strong> Art\u00edculo 5<\/strong> Personas con sordo-ceguera deben tener el derecho de liderar una vida independiente como miembros integrados a la familia y a la comunidad, incluyendo el derecho a vivir por si mismos o casarse y tener una familia. Cuando una persona sordo-ciega viva con una familia, se le debe ofrecer apoyo a toda la unidad familiar por autoridades apropiadas. Si el cuidado institucional es aconsejable, debe ofrecerse en alrededores y bajo condiciones que sean lo semejantes la vida normal como sea posible.<\/p>\n<p><strong>Art\u00edculo 6<\/strong> Personas con sordo-ceguera deben tener el derecho, sin costo a los servicios de interprete con quien se pueda comunicar efectivamente para mantener contacto con otros y el ambiente<\/p>\n<p><strong> Art\u00edculo 7<\/strong> Personas con sordo-ceguera deben tener el derecho a tener noticias, informaci\u00f3n reciente, lectura de asuntos y material educativo en un medio y forma que pueda asimilar. Aparatos t\u00e9cnicos que sirvan para esto deben ser ofrecidos e investigar en \u00e9sta \u00e1rea debe motivarse.<\/p>\n<p><strong> Art\u00edculo 8<\/strong> Personas con sordo-ceguera deben tener el derecho a participar en actividades de recreaci\u00f3n y tiempo libre, que deben ofrecer beneficio y el derecho y oportunidad de organizar sus propias asociaciones y clubes para mejorar por s\u00ed mismo y socialmente<\/p>\n<p><strong> Art\u00edculo 9<\/strong> <img loading=\"lazy\" decoding=\"async\" class=\"alignright size-medium wp-image-1557\" src=\"http:\/\/www.kennmark.se\/wp-content\/uploads\/2017\/03\/bkpam253554_hk79r-242x300.jpg\" alt=\"helen keller\" width=\"242\" height=\"300\" srcset=\"https:\/\/wfdb.eu\/wp-content\/uploads\/2017\/03\/bkpam253554_hk79r-242x300.jpg 242w, https:\/\/wfdb.eu\/wp-content\/uploads\/2017\/03\/bkpam253554_hk79r-768x953.jpg 768w, https:\/\/wfdb.eu\/wp-content\/uploads\/2017\/03\/bkpam253554_hk79r-826x1024.jpg 826w, https:\/\/wfdb.eu\/wp-content\/uploads\/2017\/03\/bkpam253554_hk79r.jpg 1290w\" sizes=\"auto, (max-width: 242px) 100vw, 242px\" \/> Personas con sordo-ceguera deben tener el derecho de ser consultados en todos los temas que los involucran directamente y a asesor\u00eda legal y protecci\u00f3n contra inadecuado y resumen de sus derechos relacionados con su discapacidad. <strong>A<\/strong><strong>dendum<\/strong> Con el prop\u00f3sito de implementar la DECLARACION DE LOS DERECHOS DE LAS PERSONAS CON SORDO_CEGUERA, la definici\u00f3n de personas sordo-ciegas por la Conferencia Mundial Helen Keller en Servicios para J\u00f3venes y Adultos sordo-ciegos es como sigue:<\/p>\n<blockquote><p>&#8220;Personas quienes tienen una p\u00e9rdida visual y auditiva sustancial cuya combinaci\u00f3n de las dos, causa dificultades extremos en la b\u00fasqueda de objetivos educativos, vocacionales, de incidencia o sociales&#8221;<\/p><\/blockquote>\n<p>[:] <a href=\"https:\/\/www.indexbraille.com\/\"><img loading=\"lazy\" decoding=\"async\" class=\"aligncenter size-full wp-image-1496\" src=\"http:\/\/wfdb.eu\/wp-content\/uploads\/2017\/03\/Untitled-1.png\" alt=\"index braille\" width=\"250\" height=\"250\" srcset=\"https:\/\/wfdb.eu\/wp-content\/uploads\/2017\/03\/Untitled-1.png 250w, https:\/\/wfdb.eu\/wp-content\/uploads\/2017\/03\/Untitled-1-150x150.png 150w\" sizes=\"auto, (max-width: 250px) 100vw, 250px\" \/><\/a> <a href=\"http:\/\/www.once.es\/otras-webs\/english\"><img loading=\"lazy\" decoding=\"async\" class=\"aligncenter size-medium wp-image-1823\" src=\"http:\/\/wfdb.eu\/wp-content\/uploads\/2018\/06\/FOAPS_rgb-300x226.png\" alt=\"FOAPS\" width=\"300\" height=\"226\" srcset=\"https:\/\/wfdb.eu\/wp-content\/uploads\/2018\/06\/FOAPS_rgb-300x226.png 300w, https:\/\/wfdb.eu\/wp-content\/uploads\/2018\/06\/FOAPS_rgb-768x580.png 768w, https:\/\/wfdb.eu\/wp-content\/uploads\/2018\/06\/FOAPS_rgb-1024x773.png 1024w, https:\/\/wfdb.eu\/wp-content\/uploads\/2018\/06\/FOAPS_rgb.png 1600w\" sizes=\"auto, (max-width: 300px) 100vw, 300px\" \/><\/a><\/p>\n","protected":false},"excerpt":{"rendered":"<p>Helen Keller &amp; Anne Sullivan 1893. El objetivo de la Conferencia Mundial Helen Keller (HKWC) es ofrecer la oportunidad a las personas con sordoceguera de tener su propio foro para aprender unos de otros, y compartir experiencias personales sobre la sordoceguera. Existen muchas conferencias donde los profesionales en el campo de la sordoceguera tienen un [&hellip;]<\/p>\n","protected":false},"author":1,"featured_media":0,"parent":0,"menu_order":0,"comment_status":"closed","ping_status":"closed","template":"","meta":{"footnotes":""},"categories":[65],"tags":[64],"class_list":["post-1554","page","type-page","status-publish","hentry","category-old","tag-old"],"jetpack_sharing_enabled":true,"_links":{"self":[{"href":"https:\/\/wfdb.eu\/wp-json\/wp\/v2\/pages\/1554","targetHints":{"allow":["GET"]}}],"collection":[{"href":"https:\/\/wfdb.eu\/wp-json\/wp\/v2\/pages"}],"about":[{"href":"https:\/\/wfdb.eu\/wp-json\/wp\/v2\/types\/page"}],"author":[{"embeddable":true,"href":"https:\/\/wfdb.eu\/wp-json\/wp\/v2\/users\/1"}],"replies":[{"embeddable":true,"href":"https:\/\/wfdb.eu\/wp-json\/wp\/v2\/comments?post=1554"}],"version-history":[{"count":32,"href":"https:\/\/wfdb.eu\/wp-json\/wp\/v2\/pages\/1554\/revisions"}],"predecessor-version":[{"id":8541,"href":"https:\/\/wfdb.eu\/wp-json\/wp\/v2\/pages\/1554\/revisions\/8541"}],"wp:attachment":[{"href":"https:\/\/wfdb.eu\/wp-json\/wp\/v2\/media?parent=1554"}],"wp:term":[{"taxonomy":"category","embeddable":true,"href":"https:\/\/wfdb.eu\/wp-json\/wp\/v2\/categories?post=1554"},{"taxonomy":"post_tag","embeddable":true,"href":"https:\/\/wfdb.eu\/wp-json\/wp\/v2\/tags?post=1554"}],"curies":[{"name":"wp","href":"https:\/\/api.w.org\/{rel}","templated":true}]}}