{"id":1533,"date":"2017-03-24T14:21:00","date_gmt":"2017-03-24T13:21:00","guid":{"rendered":"http:\/\/www.kennmark.se\/?page_id=1533"},"modified":"2022-11-03T09:41:02","modified_gmt":"2022-11-03T08:41:02","slug":"word-federation-deafblind-general-assambly-wfdb-ga","status":"publish","type":"page","link":"https:\/\/wfdb.eu\/word-federation-deafblind-general-assambly-wfdb-ga\/","title":{"rendered":"Federaci\u00f3n Mundial de la Asamblea General de Sordociegos - WFDB AG"},"content":{"rendered":"<h2 class=\"p1\">Primera Asamblea General y fundaci\u00f3n<\/h2>\n<p class=\"p1\">La decisi\u00f3n de formar la federaci\u00f3n Mundial de la sordoceguera fue tomada en la sexta Conferencia Mundial Helen Keller en Paipa, Colombia, del 13 al 19 de Septiembre de 1997. Despu\u00e9s de muchos d\u00edas de trabajo en la conferencia, los delegados consideraron que el tiempo era propicio para dar el siguiente paso de fundar la Federaci\u00f3n Mundial de Sordociegos, WFDB. La conferencia cre\u00f3 un comit\u00e9 que pudiese organizar la primera asamblea general de la WFDB y su fundaci\u00f3n, la cual se dio en conexi\u00f3n con la S\u00e9ptima Conferencia Mundial Helen Keller en Auckland, Nueva Zelanda, en Octubre de 2001. Un consejo ejecutivo fue elegido con Stig Ohlson (Suecia) como Presidente; Daniel Alvarez-Reyes (Espa\u00f1a) como Vice Presidente; Lex Grandia (Dinamarca) como Secretario General y Jeffrey Bohrman (EE.UU) como Tesorero. Adicionalmente, se eligieron seis representantes para representar sus respectivas regiones.<\/p>\n<h6 class=\"p1\"><strong>Elecciones del Comit\u00e9<\/strong><strong> de 1997<\/strong><\/h6>\n<p class=\"p1\"><em>Lista de Comit\u00e9 Provisional para el per\u00edodo 1997 &#8211; 2001.<\/em><\/p>\n<p class=\"p1\">Elegido en la sexta Conferencia Mundial Helen Keller, Paipa , Colombia, 13 al 19 de octubre 1997.<\/p>\n<p class=\"p1\"><strong>Comit\u00e9 Provisional <\/strong><\/p>\n<p class=\"p1\">Actuando como director del comit\u00e9: Stig Ohlson, Suecia<\/p>\n<p class=\"p1\">Act\u00faa como Vice Director del comit\u00e9: Roderick McDonald, EE.UU<\/p>\n<p class=\"p1\">Editor del peri\u00f3dico de la sordoceguera: Lex Grandia, Dinamarca<\/p>\n<p class=\"p1\">Miembro: Daniel Alvarez Reyes, Espa\u00f1a<\/p>\n<p class=\"p1\">Miembro: Andr\u00e9 van Deventer, Sud\u00e1frica<\/p>\n<p class=\"p1\">Miembro: Irene McMinn, Australia<\/p>\n<p class=\"p1\">Miembro: Yolanda de Rodriguez, Colombia<\/p>\n<p class=\"p1\">Miembro: Jane Erikson, Suecia<\/p>\n<h6 class=\"p1\"><strong>Elecciones del Comit\u00e9<\/strong><strong> de la 1 AG 2001<\/strong><\/h6>\n<p class=\"p1\">Director: Jan Jakes, Rep\u00fablica Checa<\/p>\n<p class=\"p1\">Miembro: Andr\u00e9 van Deventer, Sud\u00e1frica<\/p>\n<p class=\"p1\">Miembro: Jan Scahill, Nueva Zelanda<\/p>\n<p class=\"p1\"><em>Lista de miembros de EC, auditores y miembros del comit\u00e9 de elecci\u00f3n para el per\u00edodo 2001 &#8211; 2005.<\/em><\/p>\n<p class=\"p1\">Elegidos en la 1 Asamblea General de la WFDB, Auckland, Nueva Zelanda, el 11 y 12 de octubre de 2001.<\/p>\n<p class=\"p1\"><strong>Consejo Ejecutivo<\/strong><\/p>\n<p class=\"p1\">Presidente<span class=\"Apple-converted-space\">:&nbsp;<\/span>Stig Ohlson, Suecia<\/p>\n<p class=\"p1\">Vice Presidente<span class=\"Apple-converted-space\">:&nbsp;<\/span>Daniel Alvarez Reyes, Espa\u00f1a<\/p>\n<p class=\"p1\">Secretario General:&nbsp;Lex Grandia, Dinamarca<\/p>\n<p class=\"p1\">Tesorero<span class=\"Apple-converted-space\">:&nbsp;<\/span>Jeffrey S. Bohrmann, EE.UU<\/p>\n<p class=\"p1\"><strong>Representantes regionales <span class=\"Apple-converted-space\">&nbsp; &nbsp; &nbsp; &nbsp; &nbsp; &nbsp; &nbsp; &nbsp; &nbsp; &nbsp; &nbsp; &nbsp; &nbsp; &nbsp; &nbsp; &nbsp;<\/span><\/strong><\/p>\n<p class=\"p1\">Africa: David Shaba, Tanzania<\/p>\n<p class=\"p1\">Asia:&nbsp;Satoshi Fukushima, Jap\u00f3n<\/p>\n<p class=\"p1\">Europa: Sanja Tarczay, Croacia<\/p>\n<p class=\"p1\">Latin Am\u00e9rica:&nbsp;Sonnia Margarita Villacr\u00e9s, Ecuador<\/p>\n<p class=\"p1\">Norte Am\u00e9rica: Craig McClean, EE.UU<\/p>\n<p class=\"p1\">Regi\u00f3n Pacifica: Sven Topp, Australia<\/p>\n<p class=\"p1\"><strong>Auditors<\/strong><\/p>\n<p class=\"p1\">Jozef Mendrun, Polonia<\/p>\n<p class=\"p1\">Robbie Van Eck, Sud\u00e1frica<\/p>\n<h2 class=\"p1\">Segunda Asamblea General WFDB <img loading=\"lazy\" decoding=\"async\" class=\"alignright wp-image-1536\" src=\"http:\/\/www.kennmark.se\/wp-content\/uploads\/2017\/03\/bkpam253554_tactileinterpretation2-300x195.jpg\" alt=\"hands, wfdb, tactile, deafblindness, deaf, blind, General Assambly\" width=\"471\" height=\"306\" srcset=\"https:\/\/wfdb.eu\/wp-content\/uploads\/2017\/03\/bkpam253554_tactileinterpretation2-300x195.jpg 300w, https:\/\/wfdb.eu\/wp-content\/uploads\/2017\/03\/bkpam253554_tactileinterpretation2-768x498.jpg 768w, https:\/\/wfdb.eu\/wp-content\/uploads\/2017\/03\/bkpam253554_tactileinterpretation2-1024x665.jpg 1024w, https:\/\/wfdb.eu\/wp-content\/uploads\/2017\/03\/bkpam253554_tactileinterpretation2.jpg 1600w\" sizes=\"auto, (max-width: 471px) 100vw, 471px\" \/><\/h2>\n<p class=\"p1\">La segunda Asamblea General de la WFDB se llev\u00f3 a cabo en Tampere, Finlandia en junio de 2005. 36 miembros con derecho a voto estaban presentes de cinco de las seis regiones. Un nuevo Consejo Ejecutivo fue elegido con Lex Grandia (Dinamarca) como Presidente, Sonnia Margarita Villacr\u00e9s (Ecuador) como Vice Presidenta, Andr\u00e9 van Deventer (Sud\u00e1frica) como Secretario General y Gunborg Lindstr\u00f6m (Suecia) como Tesorero, Christer Nilsson (Suecia) se convirti\u00f3 en Tesorero en marzo de 2008. Los seis representantes regionales fueron:<\/p>\n<p>\u00c1frica: David Shaba (Tanzania), Asia: Satoshi Fukushima (Jap\u00f3n), Europa: Sanja Tarczay (Croacia), Latinoam\u00e9rica: Beatriz Vallejo (Colombia); Norteam\u00e9rica: Jeff Bohrman (EE.UU), Pac\u00edfico: Janette Scahill (Nueva Zelanda) hasta el 18 de julio de 2006 que fue remplazada por Irene McMinn (Australia) en diciembre de 2007.<\/p>\n<h6 class=\"p1\"><strong>Comit\u00e9 de Elecci\u00f3n de la 2 AG 2005 <span class=\"Apple-converted-space\">&nbsp; &nbsp; &nbsp; &nbsp; &nbsp; &nbsp; &nbsp;<\/span><\/strong><\/h6>\n<p class=\"p1\">Presidente: Jan Jakes, Rep\u00fablica Checa<\/p>\n<p class=\"p1\">Miembro: Andr\u00e9 van Deventer, Sud\u00e1frica<\/p>\n<p class=\"p1\">Miembro: Jan Scahill, Nueva Zelanda<\/p>\n<p class=\"p1\"><em>Lista de miembros de EC, auditores y miembros del comit\u00e9 de elecci\u00f3n para el per\u00edodo 2005 &#8211; 2009.<\/em><\/p>\n<p class=\"p1\">Elegidos en la segunda Asamblea General de la WFDB en Tampere, Finlandia, del 5 al 7 de junio de 2005.<\/p>\n<p class=\"p1\"><strong>Consejo Ejecutivo<\/strong><\/p>\n<p class=\"p1\">Presidente<span class=\"Apple-converted-space\">:&nbsp;<\/span>Lex Grandia, Dinamarca<\/p>\n<p class=\"p1\">Vice Presidente: Sonnia Margarita Villacr\u00e9s, Ecuador<\/p>\n<p class=\"p1\">Secretario General: Andr\u00e9 van Deventer, Sud\u00e1frica<\/p>\n<p class=\"p1\">Tesorero:<\/p>\n<p class=\"p1\">2005-2006: Gunborg Lindstr\u00f6m, Suecia<\/p>\n<p class=\"p1\">2006-2007: Stig Ohlson, Suecia<\/p>\n<p class=\"p1\">Desde marzo de 2008: Christer Nilsson, Suecia<\/p>\n<p class=\"p1\"><strong>Representantes regionales<\/strong><\/p>\n<p class=\"p1\">Africa: David Shaba, Tanzania<\/p>\n<p class=\"p1\">Asia: Satoshi Fukushima, Jap\u00f3n<\/p>\n<p class=\"p1\">Europa: Sanja Tarczay, Croacia<\/p>\n<p class=\"p1\">Latinoam\u00e9rica: Beatriz Vallejo, Colombia<\/p>\n<p class=\"p2\">Norteam\u00e9rica: Jeffrey Bohrman, EE.UU<\/p>\n<p class=\"p1\">Regi\u00f3n Pacifica: Jan Scahill, Nueva Zelanda, muere el 18 de julio 2006, Irene McMinn, Australia, desde diciembre de 2007<\/p>\n<p class=\"p1\"><strong>Auditores<\/strong><span class=\"Apple-converted-space\">&nbsp; &nbsp; &nbsp; &nbsp; &nbsp; &nbsp; &nbsp; &nbsp; &nbsp; &nbsp; &nbsp; &nbsp; &nbsp; &nbsp; &nbsp;<\/span><\/p>\n<p class=\"p1\">Geir Jensen, Noruega<\/p>\n<p class=\"p1\">Robbie Van Eck, Sud\u00e1frica<\/p>\n<h2 class=\"p1\">Tercera Asamblea General WFDB<\/h2>\n<p class=\"p1\">La tercera Asamblea General se llev\u00f3 a cabo en<br \/>\nMunyonyo, Uganda en octubre 2009. Asistieron 42 miembros con derecho a voto de cinco de las seis regiones. El Consejo Ejecutivo con Lex Grandia (Dinamarca) como Presidente hasta el 19 de abril 2012, Sonnia Margarita Villacr\u00e9s (Ecuador) como Vice Presidenta, actuando como Presidente desde el 20 abril de 2012, Geir Jensen (Noruega) como Secretario General y Christer Nilsson (Suecia) como Tesorero. Los seis representantes regionales fueron: \u00c1frica: Ezekiel Kumwenda (Malawi), Asia: Satoshi Fukushima (Jap\u00f3n), Europa: Sanja Tarczay (Croacia), Latinoam\u00e9rica: Alejandra Carranza (Argentina), Norteam\u00e9rica: Jeffrey Bohrman (EE.UU), Pac\u00edfico: Irene McMinn (Australia).<\/p>\n<h6 class=\"p1\"><strong>Elecciones del Comit\u00e9 de la 3 AG 2009<\/strong><\/h6>\n<p class=\"p1\">Presidente: Dimitar Parapanov, Bulgaria<\/p>\n<p class=\"p1\">Miembro: Jos\u00e9 Llong, Per\u00fa<\/p>\n<p class=\"p1\">Miembro: Jan Jakes, Rep\u00fablica Checa<\/p>\n<p class=\"p1\"><em>Lista de miembros de CE, auditores y miembros del comit\u00e9 de elecci\u00f3n para el per\u00edodo 2009 &#8211; 2013.<\/em><\/p>\n<p class=\"p1\">Elegidos en la tercera Asamblea General de la WFDB en Munyonyo, Uganda, 26 y 27 octubre de 2009.<\/p>\n<p class=\"p1\"><strong>Consejo Ejecutivo<\/strong><\/p>\n<p class=\"p1\">Presidente: Lex Grandia, Dinamarca, falleci\u00f3 el 19 de abril de 2012<\/p>\n<p class=\"p1\">Desde mayo de 2012: Sonnia Margarita Villacr\u00e9s, Ecuador<\/p>\n<p class=\"p1\">Vice Presidente: Sonnia Margarita Villacr\u00e9s, Ecuador<\/p>\n<p class=\"p1\">Secretario General: Geir Jensen, Noruega<\/p>\n<p class=\"p1\">Tesorero: Christer Nilsson, Suecia<\/p>\n<p class=\"p1\"><strong>Representantes regionales<\/strong><\/p>\n<p class=\"p1\">\u00c1frica: Ezekiel Kumwenda, Malawi<\/p>\n<p class=\"p1\">Asia: Satoshi Fukushima, Jap\u00f3n<\/p>\n<p class=\"p1\">Europa: Sanja Tarczay, Croacia<\/p>\n<p class=\"p1\">Latinoam\u00e9rica: Alejandra Carranza, Argentina<\/p>\n<p class=\"p1\">Norteam\u00e9rica: Jeffrey Bohrman, EE.UU<\/p>\n<p class=\"p1\">Regi\u00f3n Pac\u00edfica: Irene McMinn, Australia<\/p>\n<p class=\"p1\"><strong>Auditores<\/strong><span class=\"Apple-converted-space\"><strong>&nbsp; &nbsp; &nbsp;<\/strong> &nbsp; &nbsp; &nbsp; &nbsp; &nbsp; &nbsp; &nbsp; &nbsp; &nbsp; &nbsp; &nbsp; &nbsp; &nbsp; &nbsp; &nbsp; &nbsp; &nbsp; &nbsp; &nbsp; &nbsp; &nbsp;<\/span><\/p>\n<p class=\"p1\">Dimitar Parapanov, Bulgaria<\/p>\n<p class=\"p1\">Agnes Abukito, Uganda<\/p>\n<h2 class=\"p1\">Cuarta Asamblea General WFDB<\/h2>\n<p class=\"p1\">La cuarta Asamblea General de la WFDB se llev\u00f3 a cabo en Tagaytay en las Filipinas del 10-11 de noviembre de 2013. Asistieron 31 miembros con derecho a voto de cinco de las seis regiones. El Consejo Ejecutivo fue elegido con Geir Jensen (Noruega) como Presidente, Sonnia Margarita Villacres (Ecuador) como Vice Presidenta, Akiko Fukuda (Jap\u00f3n) como Secretario General, Christer Nilsson (Suecia) como Tesorero. Los seis representantes regionales son:<\/p>\n<p>\u00c1frica: Ezekiel Kumwenda (Malawi), Asia: Satoshi Fukushima (Jap\u00f3n), Europa: Riku Virttanen (Finlandia), Latinoam\u00e9rica: Carlos Rodriguez (Brasil), Norteam\u00e9rica: Christopher Woodfill (EE.UU), Pac\u00edfico: Irene McMinn (Australia).<\/p>\n<h6 class=\"p1\"><strong>Elecciones del Comit\u00e9<\/strong><strong> de la 4 AG 2013<span class=\"Apple-converted-space\">&nbsp; &nbsp; &nbsp; &nbsp; &nbsp; &nbsp; &nbsp; &nbsp;<\/span><\/strong><\/h6>\n<p class=\"p1\">Presidente: Riku Virtanen, Finlandia<\/p>\n<p class=\"p1\">Miembro<span class=\"Apple-converted-space\">:&nbsp;<\/span>David Shaba, Tanzania<\/p>\n<p class=\"p1\">Miembro: Myriam Torres, Venezuela<\/p>\n<p class=\"p1\"><em>Lista de miembros de CE, auditores y miembros del comit\u00e9 de elecci\u00f3n para el per\u00edodo 2013 &#8211; 2018.<\/em><\/p>\n<p class=\"p1\">Elegidos en la cuarta Asamblea General de la WFDB en Tagaytay, Filipinas, 10 y 11 de octubre de 2013.<\/p>\n<p class=\"p1\"><strong>Consejo Ejecutivo<\/strong><\/p>\n<p class=\"p1\">Presidente:&nbsp;Geir Jensen, Noruega<\/p>\n<p class=\"p1\">Vice Presidente:&nbsp;Sonnia Margarita Villacr\u00e9s, Ecuador<\/p>\n<p class=\"p1\">Secretario General: Akiko Fukada, Jap\u00f3n<\/p>\n<p class=\"p1\">Tesorero: Christer Nilsson, Suecia<\/p>\n<p class=\"p1\"><strong>Representantes regionales<\/strong><\/p>\n<p class=\"p1\">\u00c1frica: Ezekiel Kumwenda, Malawi<\/p>\n<p class=\"p1\">Asia: Satoshi Fukushima, Jap\u00f3n<\/p>\n<p class=\"p1\">Europa: Riku Virtanen, Finlandia<\/p>\n<p class=\"p1\">Latinoam\u00e9rica: Carlos Rodrigues, Brasil<\/p>\n<p class=\"p1\">Norteam\u00e9rica: Christopher Woodfill, EE.UU<\/p>\n<p class=\"p1\">Regi\u00f3n Pac\u00edfica: Irene McMinn, Australia<\/p>\n<p class=\"p1\"><strong>Auditores<\/strong><\/p>\n<p class=\"p2\">Dimitar Parapanov, Bulgaria<\/p>\n<p class=\"p1\">Agnes Abukito, Uganda<\/p>\n<h2 class=\"p1\">Quinta Asamblea General WFDB <img loading=\"lazy\" decoding=\"async\" class=\"alignright wp-image-1535 \" src=\"http:\/\/www.kennmark.se\/wp-content\/uploads\/2017\/03\/bkpam253554_vandring-200x300.jpg\" alt=\"red and white cane, wfdb, deafblindness, deaf, blind, General Assambly\" width=\"300\" height=\"450\" srcset=\"https:\/\/wfdb.eu\/wp-content\/uploads\/2017\/03\/bkpam253554_vandring-200x300.jpg 200w, https:\/\/wfdb.eu\/wp-content\/uploads\/2017\/03\/bkpam253554_vandring-768x1151.jpg 768w, https:\/\/wfdb.eu\/wp-content\/uploads\/2017\/03\/bkpam253554_vandring-683x1024.jpg 683w, https:\/\/wfdb.eu\/wp-content\/uploads\/2017\/03\/bkpam253554_vandring.jpg 1000w\" sizes=\"auto, (max-width: 300px) 100vw, 300px\" \/><\/h2>\n<p class=\"p1\">La quinta Asamblea General de la WFDB se celebr\u00f3 en Benidorm, Espa\u00f1a, del 20 al 27 de junio de 2018. Asistieron a la conferencia 526 participantes de 50 pa\u00edses. La organizaci\u00f3n nacional espa\u00f1ola de sordociegos, FASOCIDE, organiz\u00f3 gran parte de los detalles pr\u00e1cticos en torno a la conferencia. Tambi\u00e9n organizaron un d\u00eda, el 27 de junio, para celebrar el d\u00eda de Sordociegos con una visita de la Reina Letizia de Espa\u00f1a. Dio un discurso interesante a los participantes y tambi\u00e9n tuvo una reuni\u00f3n con los oficiales de la WFDB, para debatir e interncambiar informaci\u00f3n sobre la sordoceguera. Se eligi\u00f3 un nuevo Consejo Ejecutivo con Geir Jensen (Noruega) como Presidente, Klas Nelfelt (Suecia) como Vicepresidente, y Sonnia Margarita Villacres (Ecuador), Irene McMinn (Australia) y Puspa Raj Rimal (Nepal) como miembros de la Junta.<\/p>\n<h6 class=\"p1\"><strong>Elecciones del Comit\u00e9<\/strong><strong> de la 5 AG 2018<\/strong><\/h6>\n<p>Presidente: Francisco Molina Trigueros, Espa\u00f1a<\/p>\n<p>Miembro: David Shaba, Tanzania<\/p>\n<p>Miembro: San San Dah, Costa de Marfil<\/p>\n<p><em>Lista de miembros de CE, representativos regionales, auditores y miembros del comit\u00e9 de elegidos para el per\u00edodo 2018 &#8211; 2022.<\/em><\/p>\n<p class=\"p1\">Elegidos durante la quinta Asamblea General de la WFDB en Benidorm, Espa\u00f1a, del 20 al 22 de junio de 2018.<\/p>\n<p><strong>Consejo Ejecutivo<\/strong><\/p>\n<p>Presidente:&nbsp;Geir Jensen, Noruega<\/p>\n<p>Vice Presidente: Klas Nelfelt, Suecia<\/p>\n<p>Miembro: Sonnia Margarita Villacr\u00e9s, Ecuador<\/p>\n<p>Miembro: Irene McMinn, Australia<\/p>\n<p>Miembro: Puspa Raj Rimal, Nepal<\/p>\n<p><strong>Representantes Regionales<\/strong><\/p>\n<p class=\"p1\">\u00c1frica: Juliet Wabukawo, Uganda<\/p>\n<p class=\"p1\">Asia: Satoshi Fukushima, Jap\u00f3n<\/p>\n<p class=\"p1\">Europa: Riku Virtanen, Finlandia<\/p>\n<p class=\"p1\">Latinoam\u00e9rica: Samuel Valencia, Colombia<\/p>\n<p class=\"p1\">Norteam\u00e9rica: Christopher Woodfill, EE.UU<\/p>\n<p class=\"p1\">Regi\u00f3n Pac\u00edfica:: David Murray, Australia<\/p>\n<p><strong>Auditores<\/strong><\/p>\n<p>Eulalia Cordeiro, Brasil<\/p>\n<p>Francisco Trigueros, Espa\u00f1a<\/p>\n<p><!--more--><\/p>\n<h2>Sexta Asamblea General WFDB<\/h2>\n<p>La WFDB celebr\u00f3 su sexta Asamblea General en Nairobi, Kenia, los d\u00edas 24 y 25 de octubre de 2022.<\/p>\n<h6 class=\"p1\"><strong>Elecciones del Comit\u00e9<\/strong><strong> de la 6 AG 2022<\/strong><\/h6>\n<p>Presidenta: Velichka Draganova, Bulgaria, Europa<\/p>\n<p>Miembro: Miriam Torres, Venezuela, Latinoam\u00e9rica<\/p>\n<p>Miembro: David Shaba, Tanzania, \u00c1frica<\/p>\n<div class=\"\" dir=\"auto\">\n<div id=\"jsc_c_xb\" class=\"x1iorvi4 x1pi30zi x1swvt13 xjkvuk6\" data-ad-comet-preview=\"message\" data-ad-preview=\"message\">\n<div class=\"x78zum5 xdt5ytf xz62fqu x16ldp7u\">\n<div class=\"xu06os2 x1ok221b\">\n<div class=\"x11i5rnm xat24cr x1mh8g0r x1vvkbs xtlvy1s x126k92a\">\n<div dir=\"auto\"><strong>Los resultados electorales son los siguientes:<\/strong><\/p>\n<p><strong>Presidenta<\/strong>: Sanja Tarczay (Croacia)<strong>Vicepresidente:<\/strong> Samuel Valencia (Colombia)<\/p>\n<p><strong>Miembros del Consejo Ejecutivo:<\/strong><br \/>\nEzequiel Kumwenda (Malaui)<br \/>\nRiku Virtanen (Finlandia)<br \/>\nChristopher Woodfill (Estados Unidos)<\/p>\n<\/div>\n<\/div>\n<\/div>\n<\/div>\n<\/div>\n<\/div>\n<div class=\"\" dir=\"auto\">\n<div id=\"jsc_c_xb\" class=\"x1iorvi4 x1pi30zi x1swvt13 xjkvuk6\" data-ad-comet-preview=\"message\" data-ad-preview=\"message\">\n<div class=\"x78zum5 xdt5ytf xz62fqu x16ldp7u\">\n<div class=\"xu06os2 x1ok221b\">\n<div class=\"x11i5rnm xat24cr x1mh8g0r x1vvkbs xtlvy1s x126k92a\">\n<p><strong>Regional Representatives<\/strong><\/p>\n<\/div>\n<div class=\"x11i5rnm xat24cr x1mh8g0r x1vvkbs xtlvy1s x126k92a\">\n<ul>\n<li id=\"tw-target-text\" class=\"tw-data-text tw-text-large tw-ta\" dir=\"ltr\" data-placeholder=\"Traducci\u00f3n\"><span class=\"Y2IQFc\" lang=\"es\">\u00c1frica: Juliet Wabukawo (Uganda)<\/span><\/li>\n<li class=\"tw-data-text tw-text-large tw-ta\" dir=\"ltr\" data-placeholder=\"Traducci\u00f3n\"><span class=\"Y2IQFc\" lang=\"es\">Asia: Zamir Dhale (India) <\/span><\/li>\n<li class=\"tw-data-text tw-text-large tw-ta\" dir=\"ltr\" data-placeholder=\"Traducci\u00f3n\"><span class=\"Y2IQFc\" lang=\"es\">Europa: Velichka Draganova (Bulgaria)<\/span><\/li>\n<li class=\"tw-data-text tw-text-large tw-ta\" dir=\"ltr\" data-placeholder=\"Traducci\u00f3n\"><span class=\"Y2IQFc\" lang=\"es\">Latinoam\u00e9rica: Melba Benjamin (Rep\u00fablica Dominicana)<\/span><\/li>\n<li class=\"tw-data-text tw-text-large tw-ta\" dir=\"ltr\" data-placeholder=\"Traducci\u00f3n\"><span class=\"Y2IQFc\" lang=\"es\">El Pac\u00edfico: Amanda Stevens (Nueva Zelanda) <\/span><\/li>\n<li class=\"tw-data-text tw-text-large tw-ta\" dir=\"ltr\" data-placeholder=\"Traducci\u00f3n\"><span class=\"Y2IQFc\" lang=\"es\">Am\u00e9rica del Norte: No anunciado.<\/span><\/li>\n<\/ul>\n<\/div>\n<div class=\"x11i5rnm xat24cr x1mh8g0r x1vvkbs xtlvy1s x126k92a\">\n<p dir=\"auto\"><strong>Auditores:<\/strong><\/p>\n<p>Klas Nelfelt (Suecia)<br \/>\nFrancisco Trigueros (Espa\u00f1a)<\/p>\n<p><strong>Presidente del Comit\u00e9 Electoral:<\/strong> David Shaba<\/p>\n<p><strong>Miembros del Comit\u00e9 Electoral:<\/strong><\/p>\n<p>Roger Galo (Honduras)<br \/>\nNorah Gonz\u00e1lez (Bolivia)<\/p>\n<\/div>\n<\/div>\n<p>&nbsp;<\/p>\n<\/div>\n<\/div>\n<\/div>\n<p>[:]<\/p>\n<p><a href=\"https:\/\/www.indexbraille.com\/\"><img loading=\"lazy\" decoding=\"async\" class=\"aligncenter size-full wp-image-1496\" src=\"http:\/\/wfdb.eu\/wp-content\/uploads\/2017\/03\/Untitled-1.png\" alt=\"index braille\" width=\"250\" height=\"250\" srcset=\"https:\/\/wfdb.eu\/wp-content\/uploads\/2017\/03\/Untitled-1.png 250w, https:\/\/wfdb.eu\/wp-content\/uploads\/2017\/03\/Untitled-1-150x150.png 150w\" sizes=\"auto, (max-width: 250px) 100vw, 250px\" \/><\/a><br \/>\n<a href=\"http:\/\/www.once.es\/otras-webs\/english\"><img loading=\"lazy\" decoding=\"async\" class=\"aligncenter size-medium wp-image-1823\" src=\"http:\/\/wfdb.eu\/wp-content\/uploads\/2018\/06\/FOAPS_rgb-300x226.png\" alt=\"FOAPS\" width=\"300\" height=\"226\" srcset=\"https:\/\/wfdb.eu\/wp-content\/uploads\/2018\/06\/FOAPS_rgb-300x226.png 300w, https:\/\/wfdb.eu\/wp-content\/uploads\/2018\/06\/FOAPS_rgb-768x580.png 768w, https:\/\/wfdb.eu\/wp-content\/uploads\/2018\/06\/FOAPS_rgb-1024x773.png 1024w, https:\/\/wfdb.eu\/wp-content\/uploads\/2018\/06\/FOAPS_rgb.png 1600w\" sizes=\"auto, (max-width: 300px) 100vw, 300px\" \/><\/a><\/p>\n","protected":false},"excerpt":{"rendered":"<p>Primera Asamblea General y fundaci\u00f3n La decisi\u00f3n de formar la federaci\u00f3n Mundial de la sordoceguera fue tomada en la sexta Conferencia Mundial Helen Keller en Paipa, Colombia, del 13 al 19 de Septiembre de 1997. Despu\u00e9s de muchos d\u00edas de trabajo en la conferencia, los delegados consideraron que el tiempo era propicio para dar el [&hellip;]<\/p>\n","protected":false},"author":1,"featured_media":0,"parent":0,"menu_order":0,"comment_status":"closed","ping_status":"closed","template":"","meta":{"footnotes":""},"categories":[65],"tags":[],"class_list":["post-1533","page","type-page","status-publish","hentry","category-old"],"jetpack_sharing_enabled":true,"_links":{"self":[{"href":"https:\/\/wfdb.eu\/wp-json\/wp\/v2\/pages\/1533","targetHints":{"allow":["GET"]}}],"collection":[{"href":"https:\/\/wfdb.eu\/wp-json\/wp\/v2\/pages"}],"about":[{"href":"https:\/\/wfdb.eu\/wp-json\/wp\/v2\/types\/page"}],"author":[{"embeddable":true,"href":"https:\/\/wfdb.eu\/wp-json\/wp\/v2\/users\/1"}],"replies":[{"embeddable":true,"href":"https:\/\/wfdb.eu\/wp-json\/wp\/v2\/comments?post=1533"}],"version-history":[{"count":73,"href":"https:\/\/wfdb.eu\/wp-json\/wp\/v2\/pages\/1533\/revisions"}],"predecessor-version":[{"id":6823,"href":"https:\/\/wfdb.eu\/wp-json\/wp\/v2\/pages\/1533\/revisions\/6823"}],"wp:attachment":[{"href":"https:\/\/wfdb.eu\/wp-json\/wp\/v2\/media?parent=1533"}],"wp:term":[{"taxonomy":"category","embeddable":true,"href":"https:\/\/wfdb.eu\/wp-json\/wp\/v2\/categories?post=1533"},{"taxonomy":"post_tag","embeddable":true,"href":"https:\/\/wfdb.eu\/wp-json\/wp\/v2\/tags?post=1533"}],"curies":[{"name":"wp","href":"https:\/\/api.w.org\/{rel}","templated":true}]}}