{"id":1511,"date":"2017-03-23T13:05:58","date_gmt":"2017-03-23T12:05:58","guid":{"rendered":"http:\/\/www.kennmark.se\/?page_id=1511"},"modified":"2025-06-17T13:15:55","modified_gmt":"2025-06-17T11:15:55","slug":"contact","status":"publish","type":"page","link":"https:\/\/wfdb.eu\/contact\/","title":{"rendered":"Contacto"},"content":{"rendered":"\t\t<div data-elementor-type=\"wp-page\" data-elementor-id=\"1511\" class=\"elementor elementor-1511\">\n\t\t\t\t\t\t\t\t\t<section class=\"elementor-section elementor-top-section elementor-element elementor-element-45f47fb7 elementor-section-boxed elementor-section-height-default elementor-section-height-default\" data-id=\"45f47fb7\" data-element_type=\"section\">\n\t\t\t\t\t\t<div class=\"elementor-container elementor-column-gap-default\">\n\t\t\t\t\t<div class=\"elementor-column elementor-col-100 elementor-top-column elementor-element elementor-element-1482e802\" data-id=\"1482e802\" data-element_type=\"column\">\n\t\t\t<div class=\"elementor-widget-wrap elementor-element-populated\">\n\t\t\t\t\t\t\t\t<div class=\"elementor-element elementor-element-f6f73ca elementor-widget elementor-widget-text-editor\" data-id=\"f6f73ca\" data-element_type=\"widget\" data-widget_type=\"text-editor.default\">\n\t\t\t\t<div class=\"elementor-widget-container\">\n\t\t\t\t\t\t\t<div class=\"elementor elementor-4000 elementor-location-single post-1511 page type-page status-publish hentry category-old\" data-elementor-type=\"single-page\" data-elementor-id=\"4000\">\n<section class=\"elementor-section elementor-top-section elementor-element elementor-element-6d58aa83 elementor-section-boxed elementor-section-height-default elementor-section-height-default\" data-id=\"6d58aa83\" data-element_type=\"section\">\n<div class=\"elementor-container elementor-column-gap-no\">\n<div class=\"elementor-column elementor-col-66 elementor-top-column elementor-element elementor-element-20a9ce52\" data-id=\"20a9ce52\" data-element_type=\"column\">\n<div class=\"elementor-widget-wrap elementor-element-populated\">\n<div class=\"elementor-element elementor-element-316dd66b elementor-widget elementor-widget-theme-post-content\" data-id=\"316dd66b\" data-element_type=\"widget\" data-widget_type=\"theme-post-content.default\">\n<div class=\"elementor-widget-container\">\n<h2><strong>Federaci\u00f3n Mundial de Sordociegos (WFDB)<\/strong><\/h2>\n<h3><strong> Direcci\u00f3n: Rue de l\u2019Industrie 10 1000 Bruselas, B\u00e9lgica<\/strong><\/h3>\n<h3><strong>Correo Electr\u00f3nico General:<\/strong>\u00a0<a href=\"mailto:communication@wfdb.eu\" rel=\"noopener\">communication@wfdb.eu<\/a><\/h3>\nSi desea unirse a nuestra lista de correo externa, env\u00edenos un correo electr\u00f3nico a\u00a0<a href=\"mailto:communication@wfdb.eu\" rel=\"noopener\">communication@wfdb.eu<\/a>\n<h3><strong>Preguntas relacionadas con la membres\u00eda:<\/strong>\u00a0<a href=\"mailto:membership@wfdb.eu\" rel=\"noopener\">membership@wfdb.eu<\/a><\/h3>\n<h3><strong>Preguntas relacionadas con proyectos:<\/strong>\u00a0<a href=\"mailto:projects@wfdb.eu\" rel=\"noopener\">projects@wfdb.eu<\/a><\/h3>\n<h2>Representantes electos de la WFDB<\/h2>\n<h4>Presidenta<\/h4>\nSanja Tarczay (Croacia) Email:\u00a0<a href=\"mailto:president@wfdb.eu\">president@wfdb.eu<\/a>\n<h4>Presidente anterior<\/h4>\nGeir Jensen (Noruega) Email:\u00a0<a href=\"mailto:geirjensen43@gmail.com\">geirjensen43@gmail.com<\/a>\n<h4>Secretaria General<\/h4>\nVelichka Draganova (Bulgaria) Email:\u00a0<a href=\"mailto:secretary.general@wfdb.eu\">secretary.general@wfdb.eu<\/a>\n<h4>Vicepresidente<\/h4>\nSamuel Valencia (Colombia) Email:\u00a0<a href=\"mailto:rep.americalatinasc@gmail.com\">rep.americalatinasc@gmail.com<\/a>\n<h4><strong>Miembros del comit\u00e9 ejecutivo<\/strong><\/h4>\nEzekiel Kumwenda (Malawi) Email:\u00a0<a href=\"mailto:ezekielkumwenda@gmail.com\">ezekielkumwenda2@gmail.com<\/a>\u00a0Riku Virtanen (Finlandia) Email:\u00a0<a href=\"mailto:rvi@sci.fi\">rvi@sci.fi<\/a> Christopher Woodfill (EE.UU) Email: <a href=\"mailto:chriswoodfill@gmail.com\">chriswoodfill@gmail.com<\/a>\n<h4>Representantes Regionales<\/h4>\n<h4>\u00c1frica<\/h4>\nJuliet Wabukawo (Uganda) Email:\u00a0<a href=\"mailto:julietwabukawo@gmail.com\">julietwabukawo@gmail.com<\/a>\n<h4>Asia<\/h4>\nZamir Dhale (India) Email:\u00a0<a href=\"mailto:zamir@sedbindia.org\">zamir@sedbindia.org<\/a>\n<h4>Europa<\/h4>\nVelichka Draganova (Bulgaria) Email:\u00a0<a href=\"mailto:info@nasgb.org\">info@nasgb.org<\/a>\n<h4>Am\u00e9rica del Sur<\/h4>\nMelba Benjamin (Rep\u00fablica Dominicana) Email:\u00a0<a href=\"mailto:adsoc.in@gmail.com\">adsoc.in@gmail.com<\/a>\n<h4>Pac\u00edfico<\/h4>\nAmanda Stevens (Nueva Zelanda) Email:\u00a0<a href=\"mailto:info@deafblindassociation.nz\">info@deafblindassociation.nz<\/a>\n<h4>Am\u00e9rica del N\u00f3rte<\/h4>\nNo anunciado<\/div>\n<\/div>\n<\/div>\n<\/div>\n<\/div>\n<\/section>\n<\/div>\n<footer class=\"elementor elementor-3529 elementor-location-footer\" data-elementor-type=\"footer\" data-elementor-id=\"3529\">\n<section class=\"elementor-section elementor-top-section elementor-element elementor-element-19b22c07 elementor-section-boxed elementor-section-height-default elementor-section-height-default\" data-id=\"19b22c07\" data-element_type=\"section\" data-settings=\"{&quot;background_background&quot;:&quot;classic&quot;}\">\n<div class=\"elementor-container elementor-column-gap-default\">\n<div class=\"elementor-column elementor-col-25 elementor-top-column elementor-element elementor-element-4d11f49b\" data-id=\"4d11f49b\" data-element_type=\"column\">\n<div class=\"elementor-widget-wrap elementor-element-populated\">\n<div class=\"elementor-element elementor-element-6cb777ef elementor-widget elementor-widget-image\" data-id=\"6cb777ef\" data-element_type=\"widget\" data-widget_type=\"image.default\">\n<div class=\"elementor-widget-container\"><img loading=\"lazy\" decoding=\"async\" class=\"attachment-medium size-medium\" src=\"https:\/\/wfdb.eu\/wp-content\/uploads\/2021\/06\/logo-vertical-white-300x178.png\" sizes=\"auto, (max-width: 300px) 100vw, 300px\" srcset=\"https:\/\/wfdb.eu\/wp-content\/uploads\/2021\/06\/logo-vertical-white-300x178.png 300w, https:\/\/wfdb.eu\/wp-content\/uploads\/2021\/06\/logo-vertical-white.png 745w\" alt=\"\" width=\"300\" height=\"178\" \/><\/div>\n<\/div>\n<div class=\"elementor-element elementor-element-3428a12b elementor-widget elementor-widget-text-editor\" data-id=\"3428a12b\" data-element_type=\"widget\" data-widget_type=\"text-editor.default\">\n<div class=\"elementor-widget-container\">\n<p>WFDB es una organizaci\u00f3n global no gubernamental por y para personas con sordoceguera.<\/p>\n<\/div>\n<\/div>\n<div class=\"elementor-element elementor-element-6517c944 elementor-button-info elementor-widget elementor-widget-button\" data-id=\"6517c944\" data-element_type=\"widget\" data-widget_type=\"button.default\">\n<div class=\"elementor-widget-container\">\n<div class=\"elementor-button-wrapper\"><a class=\"elementor-button-link elementor-button elementor-size-xs\" role=\"button\" href=\"https:\/\/wfdb.eu\/es\/support\/\"><span class=\"elementor-button-content-wrapper\"><span class=\"elementor-button-text\">Apoya nuestro trabajo<\/span><\/span><\/a><\/div>\n<\/div>\n<\/div>\n<\/div>\n<\/div>\n<div class=\"elementor-column elementor-col-25 elementor-top-column elementor-element elementor-element-7c0f21a5 elementor-hidden-mobile elementor-hidden-tablet\" data-id=\"7c0f21a5\" data-element_type=\"column\">\u00a0<\/div>\n<\/div>\n<\/section>\n<\/footer>\t\t\t\t\t\t<\/div>\n\t\t\t\t<\/div>\n\t\t\t\t\t<\/div>\n\t\t<\/div>\n\t\t\t\t\t\t\t<\/div>\n\t\t<\/section>\n\t\t\t\t\t\t\t<\/div>\n\t\t","protected":false},"excerpt":{"rendered":"<p>Federaci\u00f3n Mundial de Sordociegos (WFDB) Direcci\u00f3n: Rue de l\u2019Industrie 10 1000 Bruselas, B\u00e9lgica Correo Electr\u00f3nico General: communication@wfdb.eu Si desea unirse a nuestra lista de correo externa, env\u00edenos un correo electr\u00f3nico a communication@wfdb.eu Preguntas relacionadas con la membres\u00eda: membership@wfdb.eu Preguntas relacionadas con proyectos: projects@wfdb.eu Representantes electos de la WFDB Presidenta Sanja Tarczay (Croacia) Email: president@wfdb.eu Presidente [&hellip;]<\/p>\n","protected":false},"author":1,"featured_media":0,"parent":0,"menu_order":0,"comment_status":"closed","ping_status":"closed","template":"","meta":{"footnotes":""},"categories":[65],"tags":[],"class_list":["post-1511","page","type-page","status-publish","hentry","category-old"],"jetpack_sharing_enabled":true,"_links":{"self":[{"href":"https:\/\/wfdb.eu\/wp-json\/wp\/v2\/pages\/1511","targetHints":{"allow":["GET"]}}],"collection":[{"href":"https:\/\/wfdb.eu\/wp-json\/wp\/v2\/pages"}],"about":[{"href":"https:\/\/wfdb.eu\/wp-json\/wp\/v2\/types\/page"}],"author":[{"embeddable":true,"href":"https:\/\/wfdb.eu\/wp-json\/wp\/v2\/users\/1"}],"replies":[{"embeddable":true,"href":"https:\/\/wfdb.eu\/wp-json\/wp\/v2\/comments?post=1511"}],"version-history":[{"count":89,"href":"https:\/\/wfdb.eu\/wp-json\/wp\/v2\/pages\/1511\/revisions"}],"predecessor-version":[{"id":8754,"href":"https:\/\/wfdb.eu\/wp-json\/wp\/v2\/pages\/1511\/revisions\/8754"}],"wp:attachment":[{"href":"https:\/\/wfdb.eu\/wp-json\/wp\/v2\/media?parent=1511"}],"wp:term":[{"taxonomy":"category","embeddable":true,"href":"https:\/\/wfdb.eu\/wp-json\/wp\/v2\/categories?post=1511"},{"taxonomy":"post_tag","embeddable":true,"href":"https:\/\/wfdb.eu\/wp-json\/wp\/v2\/tags?post=1511"}],"curies":[{"name":"wp","href":"https:\/\/api.w.org\/{rel}","templated":true}]}}