{"id":1343,"date":"2017-02-23T17:43:06","date_gmt":"2017-02-23T16:43:06","guid":{"rendered":"http:\/\/www.kennmark.se\/?page_id=1343"},"modified":"2023-03-22T12:48:50","modified_gmt":"2023-03-22T11:48:50","slug":"deafblind-awareness-red-and-white-canes","status":"publish","type":"page","link":"https:\/\/wfdb.eu\/deafblind-awareness-red-and-white-canes\/","title":{"rendered":"El bast\u00f3n rojo y blanco"},"content":{"rendered":"<p><iframe loading=\"lazy\" title=\"WFDB website 13\" width=\"800\" height=\"450\" src=\"https:\/\/www.youtube.com\/embed\/TiqisO8CySY?feature=oembed\" frameborder=\"0\" allow=\"accelerometer; autoplay; clipboard-write; encrypted-media; gyroscope; picture-in-picture; web-share\" allowfullscreen><\/iframe><\/p>\n<p>&nbsp;<\/p>\n<p>&nbsp;<img loading=\"lazy\" decoding=\"async\" class=\"wp-image-5990 size-thumbnail alignleft\" title=\"Easy to read logo\" src=\"https:\/\/wfdb.eu\/wp-content\/uploads\/2022\/02\/Logo-as-JPEG-150x150.jpg\" alt=\"Easy to read logo\" width=\"150\" height=\"150\" srcset=\"https:\/\/wfdb.eu\/wp-content\/uploads\/2022\/02\/Logo-as-JPEG-150x150.jpg 150w, https:\/\/wfdb.eu\/wp-content\/uploads\/2022\/02\/Logo-as-JPEG-300x298.jpg 300w, https:\/\/wfdb.eu\/wp-content\/uploads\/2022\/02\/Logo-as-JPEG-768x762.jpg 768w, https:\/\/wfdb.eu\/wp-content\/uploads\/2022\/02\/Logo-as-JPEG.jpg 829w\" sizes=\"auto, (max-width: 150px) 100vw, 150px\" \/><\/p>\n<p><strong>La informaci\u00f3n de esta p\u00e1gina est\u00e1 disponible en un formato de lectura f\u00e1cil.<\/strong><\/p>\n<p><strong><a href=\"https:\/\/wfdb.eu\/wp-content\/uploads\/2022\/02\/4-El-baston-rojo-y-blanco.pdf\" target=\"_blank\" rel=\"noopener\">Haga clic aqu\u00ed para descargar el documento PDF de lectura f\u00e1cil<\/a><\/strong><\/p>\n<p>&nbsp;<\/p>\n<p>&nbsp;<\/p>\n<h2>El bast\u00f3n rojo y blanco &#8211;&nbsp; personas con sordoceguera<\/h2>\n<p>Los bastones blancos son utilizados por personas ciegas y\/o con una discapacidad visual, y esto se sabe en muchos pa\u00edses del mundo.<\/p>\n<p>Sin embargo, las personas con sordoceguera (con una discapacidad visual y auditiva) usan el bast\u00f3n rojo y blanco para orientarse, por eso, es muy importante crear conciencia sobre este s\u00edmbolo.<\/p>\n<p>En algunos pa\u00edses, el bast\u00f3n rojo y blanco est\u00e1 reconocido, pero a\u00fan queda mucho trabajo por hacer, para incrementar el reconocimiento por parte del p\u00fablico en general y las autoridades.&nbsp;<\/p>\n<p>Durante la sexta asamblea general de la WFDB en Nairobi (Kenia) en noviembre de 2022, <strong>el bast\u00f3n rojo y blanco fue reconocido y aprobado oficialmente como el s\u00edmbolo universal de la sordoceguera<\/strong> para nuestra organizaci\u00f3n, a la ra\u00edz de la proposici\u00f3n de los delegados suecos en 2018.<\/p>\n<p><a href=\"https:\/\/shapes2020.eu\/shapes-stories\/the-red-and-white-cane-obstacles-and-barriers\/\">Puedes leer aqu\u00ed la historia que hemos publicado de Alegr\u00eda<\/a>, una mujer espa\u00f1ola mayor con sordoceguera, y la importancia del bast\u00f3n rojo y blanco [versi\u00f3n en espa\u00f1ol disponible en formato PDF].<\/p>\n<p><img loading=\"lazy\" decoding=\"async\" class=\"aligncenter wp-image-1453 size-large\" src=\"http:\/\/www.kennmark.se\/wp-content\/uploads\/2017\/02\/bkpam253554_bil-1024x683.jpg\" alt=\"red_white_cane, deafblindness, wfdb, blind, deaf, red and white canes\" width=\"790\" height=\"527\" srcset=\"https:\/\/wfdb.eu\/wp-content\/uploads\/2017\/02\/bkpam253554_bil-1024x683.jpg 1024w, https:\/\/wfdb.eu\/wp-content\/uploads\/2017\/02\/bkpam253554_bil-300x200.jpg 300w, https:\/\/wfdb.eu\/wp-content\/uploads\/2017\/02\/bkpam253554_bil-768x512.jpg 768w, https:\/\/wfdb.eu\/wp-content\/uploads\/2017\/02\/bkpam253554_bil.jpg 1499w\" sizes=\"auto, (max-width: 790px) 100vw, 790px\" \/><\/p>\n","protected":false},"excerpt":{"rendered":"<p>&nbsp; &nbsp; La informaci\u00f3n de esta p\u00e1gina est\u00e1 disponible en un formato de lectura f\u00e1cil. Haga clic aqu\u00ed para descargar el documento PDF de lectura f\u00e1cil &nbsp; &nbsp; El bast\u00f3n rojo y blanco &#8211;&nbsp; personas con sordoceguera Los bastones blancos son utilizados por personas ciegas y\/o con una discapacidad visual, y esto se sabe en [&hellip;]<\/p>\n","protected":false},"author":1,"featured_media":1345,"parent":0,"menu_order":0,"comment_status":"closed","ping_status":"closed","template":"","meta":{"footnotes":""},"categories":[65],"tags":[],"class_list":["post-1343","page","type-page","status-publish","has-post-thumbnail","hentry","category-old"],"jetpack_sharing_enabled":true,"_links":{"self":[{"href":"https:\/\/wfdb.eu\/wp-json\/wp\/v2\/pages\/1343","targetHints":{"allow":["GET"]}}],"collection":[{"href":"https:\/\/wfdb.eu\/wp-json\/wp\/v2\/pages"}],"about":[{"href":"https:\/\/wfdb.eu\/wp-json\/wp\/v2\/types\/page"}],"author":[{"embeddable":true,"href":"https:\/\/wfdb.eu\/wp-json\/wp\/v2\/users\/1"}],"replies":[{"embeddable":true,"href":"https:\/\/wfdb.eu\/wp-json\/wp\/v2\/comments?post=1343"}],"version-history":[{"count":28,"href":"https:\/\/wfdb.eu\/wp-json\/wp\/v2\/pages\/1343\/revisions"}],"predecessor-version":[{"id":7684,"href":"https:\/\/wfdb.eu\/wp-json\/wp\/v2\/pages\/1343\/revisions\/7684"}],"wp:featuredmedia":[{"embeddable":true,"href":"https:\/\/wfdb.eu\/wp-json\/wp\/v2\/media\/1345"}],"wp:attachment":[{"href":"https:\/\/wfdb.eu\/wp-json\/wp\/v2\/media?parent=1343"}],"wp:term":[{"taxonomy":"category","embeddable":true,"href":"https:\/\/wfdb.eu\/wp-json\/wp\/v2\/categories?post=1343"},{"taxonomy":"post_tag","embeddable":true,"href":"https:\/\/wfdb.eu\/wp-json\/wp\/v2\/tags?post=1343"}],"curies":[{"name":"wp","href":"https:\/\/api.w.org\/{rel}","templated":true}]}}