{"id":1300,"date":"2017-02-23T16:53:39","date_gmt":"2017-02-23T15:53:39","guid":{"rendered":"http:\/\/www.kennmark.se\/?page_id=1300"},"modified":"2024-10-29T13:34:25","modified_gmt":"2024-10-29T12:34:25","slug":"about-us","status":"publish","type":"page","link":"https:\/\/wfdb.eu\/about-us\/","title":{"rendered":"Sobre Nosotros"},"content":{"rendered":"<iframe loading=\"lazy\" title=\"WFDB: About us and our members\" width=\"800\" height=\"450\" src=\"https:\/\/www.youtube.com\/embed\/uzxznsL47f0?feature=oembed\" frameborder=\"0\" allow=\"accelerometer; autoplay; clipboard-write; encrypted-media; gyroscope; picture-in-picture; web-share\" referrerpolicy=\"strict-origin-when-cross-origin\" allowfullscreen><\/iframe>\r\n\r\n&nbsp;\r\n\r\n<img loading=\"lazy\" decoding=\"async\" class=\"wp-image-5990 size-thumbnail alignleft\" title=\"Easy to read logo\" src=\"https:\/\/wfdb.eu\/wp-content\/uploads\/2022\/02\/Logo-as-JPEG-150x150.jpg\" alt=\"Easy to read logo\" width=\"150\" height=\"150\" srcset=\"https:\/\/wfdb.eu\/wp-content\/uploads\/2022\/02\/Logo-as-JPEG-150x150.jpg 150w, https:\/\/wfdb.eu\/wp-content\/uploads\/2022\/02\/Logo-as-JPEG-300x298.jpg 300w, https:\/\/wfdb.eu\/wp-content\/uploads\/2022\/02\/Logo-as-JPEG-768x762.jpg 768w, https:\/\/wfdb.eu\/wp-content\/uploads\/2022\/02\/Logo-as-JPEG.jpg 829w\" sizes=\"auto, (max-width: 150px) 100vw, 150px\" \/>\r\n\r\n&nbsp;\r\n\r\n<strong>La informaci\u00f3n de esta p\u00e1gina est\u00e1 disponible en un formato de lectura f\u00e1cil.<\/strong>\r\n\r\n<strong><a href=\"https:\/\/wfdb.eu\/wp-content\/uploads\/2022\/02\/Easy-to-read-2-About-the-World-Federation-of-the-Deafblind.pdf\" target=\"_blank\" rel=\"noopener\">Haga clic aqu\u00ed para descargar el documento PDF de lectura f\u00e1cil<\/a><\/strong>\r\n\r\n&nbsp;\r\n\r\n&nbsp;\r\n\r\nWFDB es una organizaci\u00f3n global no gubernamental por y para personas con sordoceguera, que tiene como objetivo mejorar la calidad de vida y proteger los derechos de este grupo \u00fanico de discapacidad.\r\n\r\n&nbsp;\r\n\r\nLa WFDB fue establecida en 2001 y consiste hoy en 75 miembros nacionales asociados y organizaciones de 62 pa\u00edses diferentes de todas las regiones del mundo. Mantiene relaciones con la Uni\u00f3n Mundial de Ciegos (WBU), la Federaci\u00f3n Mundial de Sordos (WFD), Sordoceguera Internacional (DbI) y la Asociaci\u00f3n Mundial de Int\u00e9rpretes de Lengua de Signos (WASLI).\r\n\r\n&nbsp;\r\n\r\nEn 2007, la organizaci\u00f3n obtuvo el estatus consultivo del Consejo Econ\u00f3mico y Social de las Naciones Unidas (ECOSOC) y es miembro de la Alianza Internacional de Discapacidad (IDA), donde el Presidente de la WFDB act\u00faa como miembro de su junta.\r\n\r\n&nbsp;\r\n\r\n<iframe loading=\"lazy\" title=\"Staff at WFDB\" width=\"800\" height=\"450\" src=\"https:\/\/www.youtube.com\/embed\/Su3C-9JdJV8?feature=oembed\" frameborder=\"0\" allow=\"accelerometer; autoplay; clipboard-write; encrypted-media; gyroscope; picture-in-picture; web-share\" referrerpolicy=\"strict-origin-when-cross-origin\" allowfullscreen><\/iframe>\r\n\r\n&nbsp;\r\n\r\nDurante su existencia, la WFDB ha alcanzado el reconocimiento y aprobaci\u00f3n como representante mundial unificada y la voz de las personas con sordoceguera.\r\n\r\n&nbsp;\r\n\r\nHasta finales de 2019, la WFDB no ten\u00eda secretar\u00eda. Todo el trabajo fue realizado por los miembros del Comisi\u00f3n Ejecutiva con ayuda de los voluntarios disponibles, en su mayor\u00eda sin educaci\u00f3n formal como gu\u00edas int\u00e9rpretes. En referencia a la secci\u00f3n anterior, el trabajo ha sido a\u00fan m\u00e1s complicado y ha consumido m\u00e1s tiempo de lo que deber\u00eda. Nuestro progreso fue lento, como suele serlo para los grupos subrepresentados de personas con discapacidad.\r\n\r\n&nbsp;\r\n\r\n&nbsp;\r\nSin embargo, desde principios de 2020,&nbsp; WFDB ha tenido 3 miembros del personal a tiempo completo que apoyan a la organizaci\u00f3n en varios proyectos, adem\u00e1s de actuar como secretar\u00eda del presidente de la WFDB. Estos puestos han estado financiados a trav\u00e9s de varios programas proporcionados por donantes institucionales conectados a programas espec\u00edficos, predominantemente en el Hemisferio Sur<span class=\"Y2IQFc\" lang=\"es\">. Como objetivo a largo plazo, adem\u00e1s del trabajo relacionado con la promoci\u00f3n, la WFDB est\u00e1 trabajando ahora en la obtenci\u00f3n de subvenciones base para establecer una secretar\u00eda permanente.<\/span>\r\n\r\n&nbsp;\r\n\r\n&nbsp;\r\n\r\n<iframe loading=\"lazy\" title=\"WFDB: About us and our Governing bodies\" width=\"800\" height=\"450\" src=\"https:\/\/www.youtube.com\/embed\/Pn1K90PanJ0?feature=oembed\" frameborder=\"0\" allow=\"accelerometer; autoplay; clipboard-write; encrypted-media; gyroscope; picture-in-picture; web-share\" referrerpolicy=\"strict-origin-when-cross-origin\" allowfullscreen><\/iframe>\r\n<p class=\"tw-data-text tw-text-large XcVN5d tw-ta\" dir=\"ltr\" data-placeholder=\"Translation\"><span class=\"Y2IQFc\" lang=\"es\">&nbsp;<\/span><\/p>\r\n&nbsp;\r\n<h5><strong>Nuestros Presidentes<\/strong><\/h5>\r\n\r\n<figure class=\"wp-block-gallery has-nested-images columns-4 is-cropped wp-block-gallery-1 is-layout-flex wp-block-gallery-is-layout-flex\">\r\n<figure class=\"wp-block-image size-large\"><a href=\"https:\/\/wfdb.eu\/about-us\/bkpam253554_stigohlson\/\"><img loading=\"lazy\" decoding=\"async\" width=\"1157\" height=\"1055\" data-id=\"1319\" class=\"wp-image-1319\" src=\"https:\/\/wfdb.eu\/wp-content\/uploads\/2017\/02\/bkpam253554_stigohlson.jpg\" alt=\"Stig Ohlson, Sweden 2001-2005, about us, wfdb\" srcset=\"https:\/\/wfdb.eu\/wp-content\/uploads\/2017\/02\/bkpam253554_stigohlson.jpg 1157w, https:\/\/wfdb.eu\/wp-content\/uploads\/2017\/02\/bkpam253554_stigohlson-300x274.jpg 300w, https:\/\/wfdb.eu\/wp-content\/uploads\/2017\/02\/bkpam253554_stigohlson-768x700.jpg 768w, https:\/\/wfdb.eu\/wp-content\/uploads\/2017\/02\/bkpam253554_stigohlson-1024x934.jpg 1024w\" sizes=\"auto, (max-width: 1157px) 100vw, 1157px\" \/><\/a>\r\n<figcaption><em>Stig Ohlson, Sweden (2001-2005)<\/em><\/figcaption><\/figure>\r\n\r\n\r\n\r\n<figure class=\"wp-block-image size-large\"><a href=\"https:\/\/wfdb.eu\/about-us\/bkpam253554_lexgrandia\/\"><img loading=\"lazy\" decoding=\"async\" width=\"1066\" height=\"1600\" data-id=\"1320\" class=\"wp-image-1320\" src=\"https:\/\/wfdb.eu\/wp-content\/uploads\/2017\/02\/bkpam253554_lexgrandia.jpg\" alt=\"Lex Grandia, Denmark 2005-2012, about us, wfdb\" srcset=\"https:\/\/wfdb.eu\/wp-content\/uploads\/2017\/02\/bkpam253554_lexgrandia.jpg 1066w, https:\/\/wfdb.eu\/wp-content\/uploads\/2017\/02\/bkpam253554_lexgrandia-200x300.jpg 200w, https:\/\/wfdb.eu\/wp-content\/uploads\/2017\/02\/bkpam253554_lexgrandia-768x1153.jpg 768w, https:\/\/wfdb.eu\/wp-content\/uploads\/2017\/02\/bkpam253554_lexgrandia-682x1024.jpg 682w\" sizes=\"auto, (max-width: 1066px) 100vw, 1066px\" \/><\/a>\r\n<figcaption><em>Lex Grandia, Denmark (2005-2012)<\/em><\/figcaption><\/figure>\r\n\r\n\r\n\r\n<figure class=\"wp-block-image size-large\"><a href=\"https:\/\/wfdb.eu\/about-us\/bkpam253554_rbcmargarita509\/\"><img loading=\"lazy\" decoding=\"async\" width=\"1600\" height=\"1527\" data-id=\"1321\" class=\"wp-image-1321\" src=\"https:\/\/wfdb.eu\/wp-content\/uploads\/2017\/02\/bkpam253554_rbcmargarita509.jpg\" alt=\"Sonnia Margarita Villacr\u00e8s Mejia Ecuador 2012-2013, about us, wfdb\" srcset=\"https:\/\/wfdb.eu\/wp-content\/uploads\/2017\/02\/bkpam253554_rbcmargarita509.jpg 1600w, https:\/\/wfdb.eu\/wp-content\/uploads\/2017\/02\/bkpam253554_rbcmargarita509-300x286.jpg 300w, https:\/\/wfdb.eu\/wp-content\/uploads\/2017\/02\/bkpam253554_rbcmargarita509-768x733.jpg 768w, https:\/\/wfdb.eu\/wp-content\/uploads\/2017\/02\/bkpam253554_rbcmargarita509-1024x977.jpg 1024w\" sizes=\"auto, (max-width: 1600px) 100vw, 1600px\" \/><\/a>\r\n<figcaption><em>Sonnia Margarita Villacr\u00e8s Mejia, Ecuador (2012-2013)<\/em><\/figcaption><\/figure>\r\n\r\n\r\n\r\n<figure class=\"wp-block-image size-large\"><a href=\"https:\/\/wfdb.eu\/presidents-corner\/bkpam253554_jensengeir-web\/\"><img loading=\"lazy\" decoding=\"async\" width=\"368\" height=\"510\" data-id=\"1286\" class=\"wp-image-1286\" src=\"https:\/\/wfdb.eu\/wp-content\/uploads\/2017\/02\/bkpam253554_jensengeir-web.jpg\" alt=\"Geir Jensen, Norway 2013-, about us, wfdb\" srcset=\"https:\/\/wfdb.eu\/wp-content\/uploads\/2017\/02\/bkpam253554_jensengeir-web.jpg 368w, https:\/\/wfdb.eu\/wp-content\/uploads\/2017\/02\/bkpam253554_jensengeir-web-216x300.jpg 216w\" sizes=\"auto, (max-width: 368px) 100vw, 368px\" \/><\/a>\r\n<figcaption><em>Geir Jensen, Norway (2013-Present)<\/em><\/figcaption><\/figure>\r\n<\/figure>\r\n\r\n\r\n&nbsp;\r\n\r\nLa WFDB busca mejorar la calidad de vida de las personas con sordoceguera en el mundo, con el objetivo de alcanzar la igualdad de derechos y oportunidades en todas los sectores de la sociedad, ser un foro mundial de intercambio de conocimientos y experiencias en el \u00e1rea de la sordoceguera, e incrementar la solidaridad internacional entre organizaciones de personas con sordoceguera.\r\n\r\n&nbsp;\r\n\r\nLa organizaci\u00f3n est\u00e1 gobernada por un Consejo Ejecutivo (EC) compuesto por 10 miembros sordociegos; 4 oficiales: Presidente, Vicepresidente, Secretario General, Tesorero y 6 representantes regionales: \u00c1frica, Asia, Europa, Latinoam\u00e9rica, Norte Am\u00e9rica y El Pac\u00edfico.\r\n\r\n&nbsp;\r\n\r\n<iframe loading=\"lazy\" title=\"What are the barriers encountered by people with deafblindness?\" width=\"800\" height=\"450\" src=\"https:\/\/www.youtube.com\/embed\/3AcTmx16sY8?feature=oembed\" frameborder=\"0\" allow=\"accelerometer; autoplay; clipboard-write; encrypted-media; gyroscope; picture-in-picture; web-share\" referrerpolicy=\"strict-origin-when-cross-origin\" allowfullscreen><\/iframe>\r\n\r\n&nbsp;\r\n\r\nLa sordoceguera es una discapacidad sensorial doble (visi\u00f3n y audici\u00f3n), con la consecuente p\u00e9rdida de la habilidad de comunicarse con su entorno sin asistencia, y la imposibilidad de moverse de manera libre e independiente, a\u00edsla a las personas. La Sordoceguera excluye a las personas que tienen esta discapacidad de la sociedad y de mantener una interacci\u00f3n con otros. Estas consecuencias crean con frecuencia grandes dificultades f\u00edsicas y mentales en la vida diaria.\r\n\r\n&nbsp;\r\n\r\nPocos pa\u00edses ofrecen servicios apropiados para incluir a las personas con sordoceguera en la sociedad hoy en d\u00eda. Un ejemplo es el servicio de gu\u00edas-int\u00e9rpretes cubierto con financiaci\u00f3n p\u00fablica.\r\n\r\n&nbsp;\r\n\r\n<iframe loading=\"lazy\" title=\"WFDB&#039;s objectives\" width=\"800\" height=\"450\" src=\"https:\/\/www.youtube.com\/embed\/v7rK1MsWzvI?feature=oembed\" frameborder=\"0\" allow=\"accelerometer; autoplay; clipboard-write; encrypted-media; gyroscope; picture-in-picture; web-share\" referrerpolicy=\"strict-origin-when-cross-origin\" allowfullscreen><\/iframe>\r\n\r\n&nbsp;\r\n\r\nEntre nuestros objetivos, nuestro esfuerzo se centra en combatir este problema y abogando por un servicio adecuado para las personas con sordoceguera. Tambi\u00e9n se lucha por incluir a la sordoceguera y sus causas en la Lista de Clasificaci\u00f3n de Funcionalidades y Enfermedades de la Organizaci\u00f3n Mundial de la Salud (OMS).\r\n\r\n<img loading=\"lazy\" decoding=\"async\" class=\"alignright wp-image-1372\" src=\"http:\/\/www.kennmark.se\/wp-content\/uploads\/2017\/02\/Rwanda-Db-day-2016-3-1024x768.jpg\" alt=\"about us, wfdb, hand\" width=\"450\" height=\"337\" srcset=\"https:\/\/wfdb.eu\/wp-content\/uploads\/2017\/02\/Rwanda-Db-day-2016-3-1024x768.jpg 1024w, https:\/\/wfdb.eu\/wp-content\/uploads\/2017\/02\/Rwanda-Db-day-2016-3-300x225.jpg 300w, https:\/\/wfdb.eu\/wp-content\/uploads\/2017\/02\/Rwanda-Db-day-2016-3-768x576.jpg 768w, https:\/\/wfdb.eu\/wp-content\/uploads\/2017\/02\/Rwanda-Db-day-2016-3.jpg 1600w\" sizes=\"auto, (max-width: 450px) 100vw, 450px\" \/>\r\n\r\n&nbsp;\r\n\r\nEsta lista hace que fundaciones que recogen informaci\u00f3n, tomen m\u00e1s acciones y ofrezcan servicios para las personas con discapacidad por parte de los gobiernos y organizaciones de apoyo. Si la sordoceguera y sus causas no est\u00e1n definidas en estas listas de estad\u00edsticas de forma correcta, las personas con sordoceguera ser\u00e1n invisibles en el panorama global.\r\n\r\n&nbsp;\r\n\r\nNosotros trabajamos continuamente para que las personas con sordoceguera sean visibles en todas las \u00e1reas de nuestro trabajo y frente a las Naciones Unidas y Estados Partes a trav\u00e9s de nuestra participaci\u00f3n en IDA.\r\n\r\n&nbsp;\r\n\r\n<iframe loading=\"lazy\" title=\"WFDB&#039;s network\" width=\"800\" height=\"450\" src=\"https:\/\/www.youtube.com\/embed\/XGmZRqGLVV0?feature=oembed\" frameborder=\"0\" allow=\"accelerometer; autoplay; clipboard-write; encrypted-media; gyroscope; picture-in-picture; web-share\" referrerpolicy=\"strict-origin-when-cross-origin\" allowfullscreen><\/iframe>\r\n\r\n&nbsp;\r\n\r\nA nivel regional, tenemos conexiones fuertes y cooperamos activamente con la Uni\u00f3n Europea de Sordociegos (EDbU), la Federaci\u00f3n Africana de Sordociegos (AFDB), la Federaci\u00f3n Latinoamericana de Sordociegos (FLASC) y a trav\u00e9s de estas organizaciones, contribuimos a fortalecer la capacidad y la habilidad de actuar como autogestores.\r\n\r\n&nbsp;\r\n\r\nAl trabajar a niveles pol\u00edticos, as\u00ed apoyar a nuestros miembros nacionales y organizaciones asociadas, luchamos por nuestro objetivo final: poner a las personas con sordoceguera en el lugar del conductor en el proceso global de asegurar un lugar para nosotros en la sociedad global, un lugar prometido por la CDPD de las Naciones Unidas, la Agenda 2030 y los Objetivos de Desarrollo Sostenible (ODS), que se puede resumir como: Somos todos iguales, tenemos los mismos derechos y los estados partes de las Naciones Unidas son los responsables de facilitar todos los servicios necesarios ajustadas en nuestras necesidades reales y de este modo, incluirnos a todos en todas las partes de la sociedad, independientemente de nuestra discapacidad y permiti\u00e9ndonos cumplir nuestro potencial humano al completo.\r\n<h4 style=\"text-align: center;\"><strong>El principio es: Nada sobre nosotros sin nosotros<\/strong><\/h4>\r\n<div id=\"bk15\" class=\"bk-widget widget-columns widget-content-YC9XG\">&nbsp;<\/div>","protected":false},"excerpt":{"rendered":"<p>&nbsp; &nbsp; La informaci\u00f3n de esta p\u00e1gina est\u00e1 disponible en un formato de lectura f\u00e1cil. Haga clic aqu\u00ed para descargar el documento PDF de lectura f\u00e1cil &nbsp; &nbsp; WFDB es una organizaci\u00f3n global no gubernamental por y para personas con sordoceguera, que tiene como objetivo mejorar la calidad de vida y proteger los derechos de [&hellip;]<\/p>\n","protected":false},"author":1,"featured_media":0,"parent":0,"menu_order":0,"comment_status":"closed","ping_status":"closed","template":"","meta":{"footnotes":""},"categories":[65],"tags":[],"class_list":["post-1300","page","type-page","status-publish","hentry","category-old"],"jetpack_sharing_enabled":true,"_links":{"self":[{"href":"https:\/\/wfdb.eu\/wp-json\/wp\/v2\/pages\/1300","targetHints":{"allow":["GET"]}}],"collection":[{"href":"https:\/\/wfdb.eu\/wp-json\/wp\/v2\/pages"}],"about":[{"href":"https:\/\/wfdb.eu\/wp-json\/wp\/v2\/types\/page"}],"author":[{"embeddable":true,"href":"https:\/\/wfdb.eu\/wp-json\/wp\/v2\/users\/1"}],"replies":[{"embeddable":true,"href":"https:\/\/wfdb.eu\/wp-json\/wp\/v2\/comments?post=1300"}],"version-history":[{"count":70,"href":"https:\/\/wfdb.eu\/wp-json\/wp\/v2\/pages\/1300\/revisions"}],"predecessor-version":[{"id":8534,"href":"https:\/\/wfdb.eu\/wp-json\/wp\/v2\/pages\/1300\/revisions\/8534"}],"wp:attachment":[{"href":"https:\/\/wfdb.eu\/wp-json\/wp\/v2\/media?parent=1300"}],"wp:term":[{"taxonomy":"category","embeddable":true,"href":"https:\/\/wfdb.eu\/wp-json\/wp\/v2\/categories?post=1300"},{"taxonomy":"post_tag","embeddable":true,"href":"https:\/\/wfdb.eu\/wp-json\/wp\/v2\/tags?post=1300"}],"curies":[{"name":"wp","href":"https:\/\/api.w.org\/{rel}","templated":true}]}}