{"id":1276,"date":"2017-02-23T16:24:57","date_gmt":"2017-02-23T15:24:57","guid":{"rendered":"http:\/\/www.kennmark.se\/?page_id=1276"},"modified":"2024-07-08T14:50:07","modified_gmt":"2024-07-08T12:50:07","slug":"presidents-corner","status":"publish","type":"page","link":"https:\/\/wfdb.eu\/presidents-corner\/","title":{"rendered":"La esquina de la Presidenta"},"content":{"rendered":"<h2><strong>Bienvenidos a la esquina de la Presidenta &#8211; y mi ventana al mundo<\/strong><\/h2>\n<p>En esta secci\u00f3n, encontrar\u00e1 las \u00faltimas actividades y trabajos de la nueva presidenta electa de la WFDB, Sanja Tarczay. \u00a1Est\u00e9n atentos a las \u00faltimas novedades!<\/p>\n<p>1. <strong>Visita a Eslovenia:<\/strong> Sanja Tarczay visit\u00f3 la Asociaci\u00f3n Eslovena de Personas con Sordoceguera (DLAN), del 24 al 25 de noviembre de 2022, para apoyar su trabajo y presentar los objetivos y las actividades de la WFDB. El evento clave durante la visita fue la reuni\u00f3n con varios representantes del gobierno de la Rep\u00fablica de Eslovenia y el presidente de la WFDB, para regular el estado y los derechos de las personas con sordoceguera.<\/p>\n<figure id=\"attachment_6904\" aria-describedby=\"caption-attachment-6904\" style=\"width: 695px\" class=\"wp-caption alignnone\"><img loading=\"lazy\" decoding=\"async\" class=\" wp-image-6904\" title=\"\" src=\"https:\/\/wfdb.eu\/wp-content\/uploads\/2022\/12\/sanja-meeting2-scaled.jpg\" alt=\"Sanja presenting\" width=\"695\" height=\"521\" srcset=\"https:\/\/wfdb.eu\/wp-content\/uploads\/2022\/12\/sanja-meeting2-scaled.jpg 2560w, https:\/\/wfdb.eu\/wp-content\/uploads\/2022\/12\/sanja-meeting2-300x225.jpg 300w, https:\/\/wfdb.eu\/wp-content\/uploads\/2022\/12\/sanja-meeting2-1024x768.jpg 1024w, https:\/\/wfdb.eu\/wp-content\/uploads\/2022\/12\/sanja-meeting2-768x576.jpg 768w, https:\/\/wfdb.eu\/wp-content\/uploads\/2022\/12\/sanja-meeting2-1536x1152.jpg 1536w, https:\/\/wfdb.eu\/wp-content\/uploads\/2022\/12\/sanja-meeting2-2048x1536.jpg 2048w\" sizes=\"auto, (max-width: 695px) 100vw, 695px\" \/><figcaption id=\"caption-attachment-6904\" class=\"wp-caption-text\"><em><span class=\"Y2IQFc\" lang=\"es\">Sanja presentando el trabajo de WFDB durante una conferencia en Eslovenia.<\/span><\/em><\/figcaption><\/figure>\n<p><img loading=\"lazy\" decoding=\"async\" class=\"wp-image-6903 \" src=\"https:\/\/wfdb.eu\/wp-content\/uploads\/2022\/12\/sanja-meeting-1024x575.jpg\" alt=\"A group of people posing\" width=\"707\" height=\"397\" srcset=\"https:\/\/wfdb.eu\/wp-content\/uploads\/2022\/12\/sanja-meeting-1024x575.jpg 1024w, https:\/\/wfdb.eu\/wp-content\/uploads\/2022\/12\/sanja-meeting-300x168.jpg 300w, https:\/\/wfdb.eu\/wp-content\/uploads\/2022\/12\/sanja-meeting-768x431.jpg 768w, https:\/\/wfdb.eu\/wp-content\/uploads\/2022\/12\/sanja-meeting-1536x862.jpg 1536w, https:\/\/wfdb.eu\/wp-content\/uploads\/2022\/12\/sanja-meeting-2048x1150.jpg 2048w\" sizes=\"auto, (max-width: 707px) 100vw, 707px\" \/><br \/>\n<em>Sanja durante su reuni\u00f3n en Eslovenia junto con otros representantes gubernamentales y representantes de organizaciones de personas con discapacidad.<\/em><\/p>\n<p>&nbsp;<\/p>\n<p class=\"tw-data-text tw-text-large tw-ta\" dir=\"ltr\" data-placeholder=\"Traducci\u00f3n\"><span class=\"Y2IQFc\" lang=\"es\">2. <strong>Conferencia online: <\/strong>Los d\u00edas 28 y 29 de noviembre, Sanja Tarczay fue invitada por la Uni\u00f3n de Sordos de Lituania a dar una conferencia online de dos d\u00edas para diferentes grupos como por ejemplo, funcionarios gubernamentales de Lituania, representantes de ministerios, organizaciones de personas con discapacidad, int\u00e9rpretes interesados \u200b\u200ben trabajar como int\u00e9rpretes de sordociegos\/int\u00e9rpretes-gu\u00eda, miembros de la Uni\u00f3n de Sordociegos de Lituania y otros participantes interesados \u200b\u200ben crear conciencia sobre la sordoceguera y los derechos de las personas con sordoceguera. Los temas tratados durante la conferencia fueron los siguientes: C\u00f3mo entender la sordoceguera, problemas a los que enfrentan las personas con sordoceguera e interpretaci\u00f3n de sordociegos.<\/p>\n<p><\/span><\/p>\n<figure id=\"attachment_6905\" aria-describedby=\"caption-attachment-6905\" style=\"width: 464px\" class=\"wp-caption alignleft\"><img loading=\"lazy\" decoding=\"async\" class=\"wp-image-6905 \" src=\"https:\/\/wfdb.eu\/wp-content\/uploads\/2022\/12\/sanja-presenting-1024x768.jpg\" alt=\"Sanja is having an online call\" width=\"464\" height=\"348\" srcset=\"https:\/\/wfdb.eu\/wp-content\/uploads\/2022\/12\/sanja-presenting-1024x768.jpg 1024w, https:\/\/wfdb.eu\/wp-content\/uploads\/2022\/12\/sanja-presenting-300x225.jpg 300w, https:\/\/wfdb.eu\/wp-content\/uploads\/2022\/12\/sanja-presenting-768x576.jpg 768w, https:\/\/wfdb.eu\/wp-content\/uploads\/2022\/12\/sanja-presenting-1536x1152.jpg 1536w, https:\/\/wfdb.eu\/wp-content\/uploads\/2022\/12\/sanja-presenting-2048x1536.jpg 2048w\" sizes=\"auto, (max-width: 464px) 100vw, 464px\" \/><figcaption id=\"caption-attachment-6905\" class=\"wp-caption-text\"><em>Sanja presentando el trabajo de WFDB durante una reuni\u00f3n en l\u00ednea con representantes de Lituania.<\/em><\/figcaption><\/figure>\n<p>3. <strong>Reuniones en Egipto:<\/strong> El 10 de diciembre celebramos el D\u00eda de los Derechos Humanos y Sanja Tarczay estuvo muy ocupada en El Cairo, Egipto. La International Disability Alliance (IDA) celebr\u00f3 su Junta Directiva y la Presidenta de la WFDB tuvo la oportunidad de reunirse con Juan \u00c1ngel De Gouveia (Presidente de la Red Latinoamericana de Organizaciones No Gubernamentales de Personas con Discapacidad y sus Familias (RIADIS)) y con Joseph Murray (Presidente de la Federaci\u00f3n Mundial de Sordos (WFD)) y muchos otros para debatir sobre la posici\u00f3n de las personas con discapacidad (incluidas las personas con sordoceguera) en el mundo.<\/p>\n<p>&nbsp;<\/p>\n<figure id=\"attachment_6902\" aria-describedby=\"caption-attachment-6902\" style=\"width: 645px\" class=\"wp-caption alignnone\"><img loading=\"lazy\" decoding=\"async\" class=\"size-full wp-image-6902\" title=\"\" src=\"https:\/\/wfdb.eu\/wp-content\/uploads\/2022\/12\/picture-ida2-e1670940425562.jpg\" alt=\"Two men and a woman smile\" width=\"645\" height=\"567\" srcset=\"https:\/\/wfdb.eu\/wp-content\/uploads\/2022\/12\/picture-ida2-e1670940425562.jpg 645w, https:\/\/wfdb.eu\/wp-content\/uploads\/2022\/12\/picture-ida2-e1670940425562-300x264.jpg 300w\" sizes=\"auto, (max-width: 645px) 100vw, 645px\" \/><figcaption id=\"caption-attachment-6902\" class=\"wp-caption-text\"><em>De izquierda a derecha, el presidente de la WFD, Joseph Murray, el presidente de la RIADIS, Juan \u00c1ngel De Gouveia, y Sanja en la reuni\u00f3n de la junta de IDA en El Cairo, Egipto.<\/em><\/figcaption><\/figure>\n<p class=\"mceTemp\">&nbsp;<\/p>\n<figure id=\"attachment_6901\" aria-describedby=\"caption-attachment-6901\" style=\"width: 699px\" class=\"wp-caption alignnone\"><img loading=\"lazy\" decoding=\"async\" class=\"wp-image-6901\" src=\"https:\/\/wfdb.eu\/wp-content\/uploads\/2022\/12\/picture-ida.jpg\" alt=\"A group of 12 people pose for the camera\" width=\"699\" height=\"393\" srcset=\"https:\/\/wfdb.eu\/wp-content\/uploads\/2022\/12\/picture-ida.jpg 1008w, https:\/\/wfdb.eu\/wp-content\/uploads\/2022\/12\/picture-ida-300x169.jpg 300w, https:\/\/wfdb.eu\/wp-content\/uploads\/2022\/12\/picture-ida-768x432.jpg 768w\" sizes=\"auto, (max-width: 699px) 100vw, 699px\" \/><figcaption id=\"caption-attachment-6901\" class=\"wp-caption-text\"><em>Sanja con otros representantes de la Junta de IDA durante la reuni\u00f3n de la Junta de IDA en El Cairo, Egipto.<\/em><\/p>\n<p><\/figcaption><\/figure>\n<p><span class=\"Y2IQFc\" lang=\"es\">4.<strong> Reuniones con DBI:<\/strong> El 13 de diciembre, Sanja Tarczay se reuni\u00f3 virtualmente con representantes de DBI (Deafblind International) para debatir la posibilidad de una mayor cooperaci\u00f3n entre DBI y WFDB.<\/span><\/p>\n","protected":false},"excerpt":{"rendered":"<p>Bienvenidos a la esquina de la Presidenta &#8211; y mi ventana al mundo En esta secci\u00f3n, encontrar\u00e1 las \u00faltimas actividades y trabajos de la nueva presidenta electa de la WFDB, Sanja Tarczay. \u00a1Est\u00e9n atentos a las \u00faltimas novedades! 1. Visita a Eslovenia: Sanja Tarczay visit\u00f3 la Asociaci\u00f3n Eslovena de Personas con Sordoceguera (DLAN), del 24 [&hellip;]<\/p>\n","protected":false},"author":1,"featured_media":0,"parent":0,"menu_order":0,"comment_status":"closed","ping_status":"closed","template":"","meta":{"footnotes":""},"categories":[65],"tags":[],"class_list":["post-1276","page","type-page","status-publish","hentry","category-old"],"jetpack_sharing_enabled":true,"_links":{"self":[{"href":"https:\/\/wfdb.eu\/wp-json\/wp\/v2\/pages\/1276","targetHints":{"allow":["GET"]}}],"collection":[{"href":"https:\/\/wfdb.eu\/wp-json\/wp\/v2\/pages"}],"about":[{"href":"https:\/\/wfdb.eu\/wp-json\/wp\/v2\/types\/page"}],"author":[{"embeddable":true,"href":"https:\/\/wfdb.eu\/wp-json\/wp\/v2\/users\/1"}],"replies":[{"embeddable":true,"href":"https:\/\/wfdb.eu\/wp-json\/wp\/v2\/comments?post=1276"}],"version-history":[{"count":19,"href":"https:\/\/wfdb.eu\/wp-json\/wp\/v2\/pages\/1276\/revisions"}],"predecessor-version":[{"id":8377,"href":"https:\/\/wfdb.eu\/wp-json\/wp\/v2\/pages\/1276\/revisions\/8377"}],"wp:attachment":[{"href":"https:\/\/wfdb.eu\/wp-json\/wp\/v2\/media?parent=1276"}],"wp:term":[{"taxonomy":"category","embeddable":true,"href":"https:\/\/wfdb.eu\/wp-json\/wp\/v2\/categories?post=1276"},{"taxonomy":"post_tag","embeddable":true,"href":"https:\/\/wfdb.eu\/wp-json\/wp\/v2\/tags?post=1276"}],"curies":[{"name":"wp","href":"https:\/\/api.w.org\/{rel}","templated":true}]}}